{"id":735,"date":"2025-12-28T05:16:45","date_gmt":"2025-12-28T13:16:45","guid":{"rendered":"https:\/\/www.recolux-led.com\/?post_type=product&#038;p=735"},"modified":"2025-12-28T05:19:21","modified_gmt":"2025-12-28T13:19:21","slug":"tout-gentil","status":"publish","type":"product","link":"https:\/\/www.recolux-led.com\/fr\/produit\/tout-gentil\/","title":{"rendered":"tout gentil"},"content":{"rendered":"<div class=\"uagb-position__sticky wp-block-uagb-container uagb-block-588244b7 alignfull uagb-is-root-container\"><div class=\"uagb-container-inner-blocks-wrap\">\r\n<div class=\"wp-block-uagb-advanced-heading uagb-block-b3121f28\"><div class=\"uagb-heading-text\"><strong><a href=\"#spec\">Specifications<\/a><\/strong><\/div><\/div>\r\n\r\n\r\n\r\n<div class=\"wp-block-uagb-advanced-heading uagb-block-3a9c2004\"><div class=\"uagb-heading-text\"><strong><a href=\"#faq\">FAQ<\/a><\/strong><\/div><\/div>\r\n<\/div><\/div>\r\n\r\n\r\n\r\n<div id=\"spec\" class=\"wp-block-uagb-container uagb-block-3e868c81 alignfull uagb-is-root-container\"><div class=\"uagb-container-inner-blocks-wrap\">\r\n<div class=\"wp-block-uagb-advanced-heading uagb-block-c49a67ac\"><h2 class=\"uagb-heading-text\">Technical Specifications<\/h2><\/div>\r\n\r\n\r\n\r\n<figure class=\"wp-block-table is-style-stripes\" style=\"font-size:14px;line-height:1.2\"><table><tbody><tr><th>ITEM<\/th><th>MODEL NO.<\/th><th>POWER<\/th><th>LM\/W<\/th><th>FUNCTION<\/th><th>LENGTH<\/th><\/tr><tr><td>1<\/td><td>AL2H-20-B8<\/td><td>12W-20W switchable<\/td><td>130<\/td><td>ON\/OFF<\/td><td>600mm<\/td><\/tr><tr><td>2<\/td><td>AL2H-20-B4<\/td><td>12W-20W switchable<\/td><td>130<\/td><td>DALI<\/td><td>600mm<\/td><\/tr><tr><td>3<\/td><td>AL4H-35-B8<\/td><td>20W-35W switchable<\/td><td>135<\/td><td>ON\/OFF<\/td><td>1200mm<\/td><\/tr><tr><td>4<\/td><td>AL4H-35-B4<\/td><td>20W-35W switchable<\/td><td>135<\/td><td>DALI<\/td><td>1200mm<\/td><\/tr><tr><td>5<\/td><td>AL5H-50-B8<\/td><td>20W-50W switchable<\/td><td>140<\/td><td>ON\/OFF<\/td><td>1500mm<\/td><\/tr><tr><td>6<\/td><td>AL5H-50-B4<\/td><td>20W-50W switchable<\/td><td>140<\/td><td>DALI<\/td><td>1500mm<\/td><\/tr><\/tbody><\/table><\/figure>\r\n<\/div><\/div>\r\n\r\n\r\n\r\n<div class=\"wp-block-uagb-container uagb-block-49fb23a4 alignfull uagb-is-root-container\"><div class=\"uagb-container-inner-blocks-wrap\">\r\n<div class=\"wp-block-uagb-advanced-heading uagb-block-1f047439\"><h2 class=\"uagb-heading-text\">GENERAL DATA<\/h2><\/div>\r\n\r\n\r\n\r\n<figure class=\"wp-block-table is-style-stripes\" style=\"font-size:14px;line-height:1.2\"><table><tbody><tr><td>Dimension<\/td><td>600mm<\/td><\/tr><tr><td>Material<\/td><td>Steel+PMMA<\/td><\/tr><tr><td>Luminaire Colour<\/td><td>White 9003<\/td><\/tr><tr><td>Protection Class<\/td><td>IP44<\/td><\/tr><tr><td>Shock Resistance Category<\/td><td>IK04<\/td><\/tr><tr><td>Operating Temperature<\/td><td>-20\u00b0+ 40\u00b0C<\/td><\/tr><tr><td>Storing Temperature<\/td><td>-25\u00b0 + 65\u00b0C<\/td><\/tr><tr><td>Certificates<\/td><td>CE, RoHs<\/td><\/tr><tr><td>Warranty<\/td><td>5 years<\/td><\/tr><\/tbody><\/table><\/figure>\r\n<\/div><\/div>\r\n\r\n\r\n\r\n<div class=\"wp-block-uagb-container uagb-block-ef92c42f alignfull uagb-is-root-container\"><div class=\"uagb-container-inner-blocks-wrap\">\r\n<div class=\"wp-block-uagb-advanced-heading uagb-block-34fdc04c\"><h2 class=\"uagb-heading-text\">ELECTRICAL DATA<\/h2><\/div>\r\n\r\n\r\n\r\n<figure class=\"wp-block-table is-style-stripes\" style=\"font-size:14px;line-height:1.2\"><table><tbody><tr><td>Function<\/td><td>ON\/ OFF<\/td><\/tr><tr><td>Driver<\/td><td>BOKE<\/td><\/tr><tr><td>Nominal Wattage<\/td><td>20W-18W-15W-12W by Switch<\/td><\/tr><tr><td>Mains Frequency<\/td><td>0\/ 50\/ 60Hz<\/td><\/tr><tr><td>Voltage<\/td><td>AC\/ DC 220-240V<\/td><\/tr><tr><td>Input Current<\/td><td>200\/ 250\/ 300\/ 350mA<\/td><\/tr><tr><td>Power Factor \u03bb<\/td><td>0.97<\/td><\/tr><tr><td>Inrush Current I Peak<\/td><td>9.8A<\/td><\/tr><tr><td>Inrush Current T Width<\/td><td>250\u03bcs<\/td><\/tr><tr><td>MCB B Type 10A<\/td><td>28<\/td><\/tr><tr><td>MCB B Type 16A<\/td><td>45<\/td><\/tr><tr><td>MCB C Type 10A<\/td><td>47<\/td><\/tr><tr><td>MCB C Type 16A<\/td><td>75<\/td><\/tr><tr><td>Switching Cycles Before Failure<\/td><td>&gt; 500,000<\/td><\/tr><tr><td>Protection Class IEC<\/td><td>Safety Class I<\/td><\/tr><tr><td>PstLM<\/td><td>&lt;1<\/td><\/tr><tr><td>SVM<\/td><td>&lt;0.1<\/td><\/tr><tr><td>THD<\/td><td>20%<\/td><\/tr><tr><td>Glow Wire Test (\u00b0C)<\/td><td>650\u00b0C<\/td><\/tr><tr><td>Central Emergency Pass<\/td><td>Yes, EL marked<\/td><\/tr><tr><td>Self-contained Emergency<\/td><td>Optional<\/td><\/tr><\/tbody><\/table><\/figure>\r\n<\/div><\/div>\r\n\r\n\r\n\r\n<div class=\"wp-block-uagb-container uagb-block-582780b6 alignfull uagb-is-root-container\"><div class=\"uagb-container-inner-blocks-wrap\">\r\n<div class=\"wp-block-uagb-advanced-heading uagb-block-cd255329\"><h2 class=\"uagb-heading-text\">PHOTOMETRICAL DATA<\/h2><\/div>\r\n\r\n\r\n\r\n<figure class=\"wp-block-table is-style-stripes\" style=\"font-size:14px;line-height:1.2\"><table><tbody><tr><td>LED Chip<\/td><td>SANAN<\/td><\/tr><tr><td>Color Temperature<\/td><td>3000\/ 4000\/ 5000\/ 6000K<\/td><\/tr><tr><td>LM\/W<\/td><td>130lm\/w<\/td><\/tr><tr><td>Lumen<\/td><td>Max 2,600<\/td><\/tr><tr><td>CRI\/ RA<\/td><td>CRI&gt;80 or &gt;90<\/td><\/tr><tr><td>SDCM<\/td><td>SDCM&lt;5 or &lt;3<\/td><\/tr><tr><td>Beam Angle<\/td><td>Milky cover: 120\u00b0<\/td><\/tr><tr><td>UGR<\/td><td>&lt;27<\/td><\/tr><tr><td>L80<\/td><td>100,000H<\/td><\/tr><\/tbody><\/table><\/figure>\r\n<\/div><\/div>\r\n\r\n\r\n\r\n<div class=\"wp-block-uagb-container uagb-block-c026b970 alignfull uagb-is-root-container\"><div class=\"uagb-container-inner-blocks-wrap\">\r\n<div class=\"wp-block-uagb-advanced-heading uagb-block-25d52bb4\"><h2 class=\"uagb-heading-text\">PACKAGE DATA<\/h2><\/div>\r\n\r\n\r\n\r\n<figure class=\"wp-block-table is-style-stripes\" style=\"font-size:14px;line-height:1.2\"><table><tbody><tr><td>Packing Unit<\/td><td>4pcs<\/td><\/tr><tr><td>Carton Dimmnsions<\/td><td>700x250x190mm<\/td><\/tr><tr><td>Gross Weight<\/td><td>8.5KG<\/td><\/tr><\/tbody><\/table><\/figure>\r\n<\/div><\/div>\r\n\r\n\r\n\r\n<div id=\"faq\" class=\"wp-block-uagb-container uagb-block-0d674c38 alignfull uagb-is-root-container\"><div class=\"uagb-container-inner-blocks-wrap\">\r\n<div class=\"wp-block-uagb-advanced-heading uagb-block-26ca7093\"><h2 class=\"uagb-heading-text\">FAQ<\/h2><p class=\"uagb-desc-text\">Here are some frequently asked questions<br>according to our statistics. Welcome to contact<br>us for learning more.<\/p><\/div>\r\n\r\n\r\n<div class=\"wp-block-uagb-faq uagb-faq__outer-wrap uagb-block-c059913e uagb-faq-icon-row uagb-faq-layout-accordion uagb-faq-expand-first-true uagb-faq-inactive-other-true uagb-faq__wrap uagb-buttons-layout-wrap uagb-faq-equal-height\" data-faqtoggle=\"true\" role=\"tablist\"><div class=\"wp-block-uagb-faq-child uagb-faq-child__outer-wrap uagb-faq-item uagb-block-e7fc09b7\" role=\"tab\" tabindex=\"0\"><div class=\"uagb-faq-questions-button uagb-faq-questions\">\t\t\t<span class=\"uagb-icon uagb-faq-icon-wrap\">\n\t\t\t\t\t\t\t\t<svg xmlns=\"https:\/\/www.w3.org\/2000\/svg\" viewbox= \"0 0 448 512\"><path d=\"M432 256c0 17.69-14.33 32.01-32 32.01H256v144c0 17.69-14.33 31.99-32 31.99s-32-14.3-32-31.99v-144H48c-17.67 0-32-14.32-32-32.01s14.33-31.99 32-31.99H192v-144c0-17.69 14.33-32.01 32-32.01s32 14.32 32 32.01v144h144C417.7 224 432 238.3 432 256z\"><\/path><\/svg>\n\t\t\t\t\t\t\t<\/span>\n\t\t\t\t\t\t<span class=\"uagb-icon-active uagb-faq-icon-wrap\">\n\t\t\t\t\t\t\t\t<svg xmlns=\"https:\/\/www.w3.org\/2000\/svg\" viewbox= \"0 0 448 512\"><path d=\"M400 288h-352c-17.69 0-32-14.32-32-32.01s14.31-31.99 32-31.99h352c17.69 0 32 14.3 32 31.99S417.7 288 400 288z\"><\/path><\/svg>\n\t\t\t\t\t\t\t<\/span>\n\t\t\t<span class=\"uagb-question\"><strong>Existe-t-il une quantit\u00e9 minimale de pi\u00e8ces (MOQ) ?<\/strong><\/span><\/div><div class=\"uagb-faq-content\"><p>Nous n'avons pas de MOQ, les \u00e9chantillons sont les bienvenus.<\/p><\/div><\/div><div class=\"wp-block-uagb-faq-child uagb-faq-child__outer-wrap uagb-faq-item uagb-block-1f7ce796\" role=\"tab\" tabindex=\"0\"><div class=\"uagb-faq-questions-button uagb-faq-questions\">\t\t\t<span class=\"uagb-icon uagb-faq-icon-wrap\">\n\t\t\t\t\t\t\t\t<svg xmlns=\"https:\/\/www.w3.org\/2000\/svg\" viewbox= \"0 0 448 512\"><path d=\"M432 256c0 17.69-14.33 32.01-32 32.01H256v144c0 17.69-14.33 31.99-32 31.99s-32-14.3-32-31.99v-144H48c-17.67 0-32-14.32-32-32.01s14.33-31.99 32-31.99H192v-144c0-17.69 14.33-32.01 32-32.01s32 14.32 32 32.01v144h144C417.7 224 432 238.3 432 256z\"><\/path><\/svg>\n\t\t\t\t\t\t\t<\/span>\n\t\t\t\t\t\t<span class=\"uagb-icon-active uagb-faq-icon-wrap\">\n\t\t\t\t\t\t\t\t<svg xmlns=\"https:\/\/www.w3.org\/2000\/svg\" viewbox= \"0 0 448 512\"><path d=\"M400 288h-352c-17.69 0-32-14.32-32-32.01s14.31-31.99 32-31.99h352c17.69 0 32 14.3 32 31.99S417.7 288 400 288z\"><\/path><\/svg>\n\t\t\t\t\t\t\t<\/span>\n\t\t\t<span class=\"uagb-question\"><strong>Quelles sont vos conditions de paiement ?<\/strong><\/span><\/div><div class=\"uagb-faq-content\"><p>30% d'acompte, 70% avant exp\u00e9dition par T\/T.<\/p><\/div><\/div><div class=\"wp-block-uagb-faq-child uagb-faq-child__outer-wrap uagb-faq-item uagb-block-061ce5a4\" role=\"tab\" tabindex=\"0\"><div class=\"uagb-faq-questions-button uagb-faq-questions\">\t\t\t<span class=\"uagb-icon uagb-faq-icon-wrap\">\n\t\t\t\t\t\t\t\t<svg xmlns=\"https:\/\/www.w3.org\/2000\/svg\" viewbox= \"0 0 448 512\"><path d=\"M432 256c0 17.69-14.33 32.01-32 32.01H256v144c0 17.69-14.33 31.99-32 31.99s-32-14.3-32-31.99v-144H48c-17.67 0-32-14.32-32-32.01s14.33-31.99 32-31.99H192v-144c0-17.69 14.33-32.01 32-32.01s32 14.32 32 32.01v144h144C417.7 224 432 238.3 432 256z\"><\/path><\/svg>\n\t\t\t\t\t\t\t<\/span>\n\t\t\t\t\t\t<span class=\"uagb-icon-active uagb-faq-icon-wrap\">\n\t\t\t\t\t\t\t\t<svg xmlns=\"https:\/\/www.w3.org\/2000\/svg\" viewbox= \"0 0 448 512\"><path d=\"M400 288h-352c-17.69 0-32-14.32-32-32.01s14.31-31.99 32-31.99h352c17.69 0 32 14.3 32 31.99S417.7 288 400 288z\"><\/path><\/svg>\n\t\t\t\t\t\t\t<\/span>\n\t\t\t<span class=\"uagb-question\"><strong>What is the normal delivery time?<\/strong><\/span><\/div><div class=\"uagb-faq-content\"><p>3-7days for samples, 20-35 days for big orders.<\/p><\/div><\/div><\/div><\/div><\/div>","protected":false},"excerpt":{"rendered":"<p>AllNice Linear Light est un luminaire flexible et fin avec IP44 pour de multiples applications int\u00e9rieures telles que les parkings, les \u00e9coles, les bureaux, les caniveaux, les buanderies, les cuisines et les b\u00e2timents industriels. Il peut \u00eatre mont\u00e9 en surface ou au mur, mont\u00e9 sur des supports de rails, des fils horizontaux et une suspension par fil. Gr\u00e2ce \u00e0 la conception de l'attache du capuchon d'extr\u00e9mit\u00e9, nous pouvons \u00e9conomiser le co\u00fbt de la main-d'\u0153uvre de l'installation 80%.<\/p>","protected":false},"featured_media":736,"comment_status":"open","ping_status":"closed","template":"","meta":{"_uag_custom_page_level_css":"","site-sidebar-layout":"default","site-content-layout":"","ast-site-content-layout":"default","site-content-style":"default","site-sidebar-style":"default","ast-global-header-display":"","ast-banner-title-visibility":"","ast-main-header-display":"","ast-hfb-above-header-display":"","ast-hfb-below-header-display":"","ast-hfb-mobile-header-display":"","site-post-title":"","ast-breadcrumbs-content":"","ast-featured-img":"","footer-sml-layout":"","ast-disable-related-posts":"","theme-transparent-header-meta":"default","adv-header-id-meta":"","stick-header-meta":"default","header-above-stick-meta":"","header-main-stick-meta":"","header-below-stick-meta":"","astra-migrate-meta-layouts":"set","ast-page-background-enabled":"default","ast-page-background-meta":{"desktop":{"background-color":"var(--ast-global-color-5)","background-image":"","background-repeat":"repeat","background-position":"center center","background-size":"auto","background-attachment":"scroll","background-type":"","background-media":"","overlay-type":"","overlay-color":"","overlay-opacity":"","overlay-gradient":""},"tablet":{"background-color":"","background-image":"","background-repeat":"repeat","background-position":"center center","background-size":"auto","background-attachment":"scroll","background-type":"","background-media":"","overlay-type":"","overlay-color":"","overlay-opacity":"","overlay-gradient":""},"mobile":{"background-color":"","background-image":"","background-repeat":"repeat","background-position":"center center","background-size":"auto","background-attachment":"scroll","background-type":"","background-media":"","overlay-type":"","overlay-color":"","overlay-opacity":"","overlay-gradient":""}},"ast-content-background-meta":{"desktop":{"background-color":"var(--ast-global-color-4)","background-image":"","background-repeat":"repeat","background-position":"center center","background-size":"auto","background-attachment":"scroll","background-type":"","background-media":"","overlay-type":"","overlay-color":"","overlay-opacity":"","overlay-gradient":""},"tablet":{"background-color":"var(--ast-global-color-4)","background-image":"","background-repeat":"repeat","background-position":"center center","background-size":"auto","background-attachment":"scroll","background-type":"","background-media":"","overlay-type":"","overlay-color":"","overlay-opacity":"","overlay-gradient":""},"mobile":{"background-color":"var(--ast-global-color-4)","background-image":"","background-repeat":"repeat","background-position":"center center","background-size":"auto","background-attachment":"scroll","background-type":"","background-media":"","overlay-type":"","overlay-color":"","overlay-opacity":"","overlay-gradient":""}}},"product_brand":[],"product_cat":[21,38],"product_tag":[],"class_list":{"0":"post-735","1":"product","2":"type-product","3":"status-publish","4":"has-post-thumbnail","6":"product_cat-industry-led-lighting","7":"product_cat-led-batten","8":"desktop-align-center","9":"tablet-align-left","10":"mobile-align-left","11":"ast-product-gallery-layout-horizontal-slider","12":"ast-product-gallery-with-no-image","13":"ast-product-tabs-layout-horizontal","15":"first","16":"instock","17":"shipping-taxable","18":"product-type-simple"},"spectra_custom_meta":{"_edit_last":["1"],"_edit_lock":["1766927961:1"],"rank_math_seo_score":["29"],"rank_math_contentai_score":["a:5:{s:8:\"keywords\";s:5:\"74.51\";s:9:\"wordCount\";s:1:\"0\";s:9:\"linkCount\";s:1:\"0\";s:12:\"headingCount\";s:1:\"0\";s:10:\"mediaCount\";s:1:\"0\";}"],"_thumbnail_id":["736"],"total_sales":["0"],"_tax_status":["taxable"],"_tax_class":[""],"_manage_stock":["no"],"_backorders":["no"],"_sold_individually":["no"],"_virtual":["no"],"_downloadable":["no"],"_download_limit":["-1"],"_download_expiry":["-1"],"_stock":[null],"_stock_status":["instock"],"_wc_average_rating":["0"],"_wc_review_count":["0"],"_product_version":["10.4.3"],"site-sidebar-layout":["default"],"ast-site-content-layout":["default"],"site-content-style":["default"],"site-sidebar-style":["default"],"theme-transparent-header-meta":["default"],"astra-migrate-meta-layouts":["set"],"stick-header-meta":["default"],"rank_math_robots":["a:1:{i:0;s:5:\"index\";}"],"_uag_css_file_name":["uag-css-735.css"],"_uag_js_file_name":["uag-js-735.js"]},"uagb_featured_image_src":{"full":["https:\/\/www.recolux-led.com\/wp-content\/uploads\/2025\/12\/allnice-led-lgihting-recolux.webp",800,800,false],"thumbnail":["https:\/\/www.recolux-led.com\/wp-content\/uploads\/2025\/12\/allnice-led-lgihting-recolux.webp",96,96,false],"medium":["https:\/\/www.recolux-led.com\/wp-content\/uploads\/2025\/12\/allnice-led-lgihting-recolux.webp",800,800,false],"medium_large":["https:\/\/www.recolux-led.com\/wp-content\/uploads\/2025\/12\/allnice-led-lgihting-recolux-768x768.webp",768,768,true],"large":["https:\/\/www.recolux-led.com\/wp-content\/uploads\/2025\/12\/allnice-led-lgihting-recolux.webp",800,800,false],"1536x1536":["https:\/\/www.recolux-led.com\/wp-content\/uploads\/2025\/12\/allnice-led-lgihting-recolux.webp",800,800,false],"2048x2048":["https:\/\/www.recolux-led.com\/wp-content\/uploads\/2025\/12\/allnice-led-lgihting-recolux.webp",800,800,false],"trp-custom-language-flag":["https:\/\/www.recolux-led.com\/wp-content\/uploads\/2025\/12\/allnice-led-lgihting-recolux-12x12.webp",12,12,true],"woocommerce_thumbnail":["https:\/\/www.recolux-led.com\/wp-content\/uploads\/2025\/12\/allnice-led-lgihting-recolux-300x300.webp",300,300,true],"woocommerce_single":["https:\/\/www.recolux-led.com\/wp-content\/uploads\/2025\/12\/allnice-led-lgihting-recolux-600x600.webp",600,600,true],"woocommerce_gallery_thumbnail":["https:\/\/www.recolux-led.com\/wp-content\/uploads\/2025\/12\/allnice-led-lgihting-recolux-100x100.webp",100,100,true]},"uagb_author_info":{"display_name":"r1e4c5olux","author_link":"https:\/\/www.recolux-led.com\/fr\/author\/"},"uagb_comment_info":0,"uagb_excerpt":"AllNice Linear Light is a flexible and slim luminaire with IP44 for multiple indoor application such as parking garages, schools, offices, culverts, laundry rooms, kitchens and industrial buildings. It is suitable for surface mounted or wall mounted, rails bracket mounting, horizontal wires and wire suspension. Thanks to the fastener design of end cap, we can\u2026","_links":{"self":[{"href":"https:\/\/www.recolux-led.com\/fr\/wp-json\/wp\/v2\/product\/735","targetHints":{"allow":["GET"]}}],"collection":[{"href":"https:\/\/www.recolux-led.com\/fr\/wp-json\/wp\/v2\/product"}],"about":[{"href":"https:\/\/www.recolux-led.com\/fr\/wp-json\/wp\/v2\/types\/product"}],"replies":[{"embeddable":true,"href":"https:\/\/www.recolux-led.com\/fr\/wp-json\/wp\/v2\/comments?post=735"}],"wp:featuredmedia":[{"embeddable":true,"href":"https:\/\/www.recolux-led.com\/fr\/wp-json\/wp\/v2\/media\/736"}],"wp:attachment":[{"href":"https:\/\/www.recolux-led.com\/fr\/wp-json\/wp\/v2\/media?parent=735"}],"wp:term":[{"taxonomy":"product_brand","embeddable":true,"href":"https:\/\/www.recolux-led.com\/fr\/wp-json\/wp\/v2\/product_brand?post=735"},{"taxonomy":"product_cat","embeddable":true,"href":"https:\/\/www.recolux-led.com\/fr\/wp-json\/wp\/v2\/product_cat?post=735"},{"taxonomy":"product_tag","embeddable":true,"href":"https:\/\/www.recolux-led.com\/fr\/wp-json\/wp\/v2\/product_tag?post=735"}],"curies":[{"name":"wp","href":"https:\/\/api.w.org\/{rel}","templated":true}]}}