{"id":732,"date":"2025-12-28T04:02:13","date_gmt":"2025-12-28T12:02:13","guid":{"rendered":"https:\/\/www.recolux-led.com\/?post_type=product&#038;p=732"},"modified":"2025-12-28T04:02:13","modified_gmt":"2025-12-28T12:02:13","slug":"e-ouvert","status":"publish","type":"product","link":"https:\/\/www.recolux-led.com\/fr\/produit\/e-ouvert\/","title":{"rendered":"E-open"},"content":{"rendered":"<div class=\"uagb-position__sticky wp-block-uagb-container uagb-block-588244b7 alignfull uagb-is-root-container\"><div class=\"uagb-container-inner-blocks-wrap\">\r\n<div class=\"wp-block-uagb-advanced-heading uagb-block-b3121f28\"><div class=\"uagb-heading-text\"><strong><a href=\"#spec\">Specifications<\/a><\/strong><\/div><\/div>\r\n\r\n\r\n\r\n<div class=\"wp-block-uagb-advanced-heading uagb-block-3a9c2004\"><div class=\"uagb-heading-text\"><strong><a href=\"#faq\">FAQ<\/a><\/strong><\/div><\/div>\r\n<\/div><\/div>\r\n\r\n\r\n\r\n<div id=\"spec\" class=\"wp-block-uagb-container uagb-block-3e868c81 alignfull uagb-is-root-container\"><div class=\"uagb-container-inner-blocks-wrap\">\r\n<div class=\"wp-block-uagb-advanced-heading uagb-block-c49a67ac\"><h2 class=\"uagb-heading-text\">Technical Specifications<\/h2><\/div>\r\n\r\n\r\n\r\n<figure class=\"wp-block-table is-style-stripes\" style=\"font-size:14px;line-height:1.2\"><table class=\"has-ast-global-color-2-color has-text-color has-link-color\"><tbody><tr><td>1<\/td><td>T054H-45-BV<\/td><td>45W switchable<\/td><td>160<\/td><td>ON\/OFF<\/td><td>1200mm<\/td><\/tr><tr><td>2<\/td><td>T054S-50-P4<\/td><td>50W switchable<\/td><td>140<\/td><td>DALI2<\/td><td>1200mm<\/td><\/tr><tr><td>3<\/td><td>T055H-45-BV<\/td><td>45W switchable<\/td><td>160<\/td><td>ON\/OFF<\/td><td>1500mm<\/td><\/tr><tr><td>4<\/td><td>T055H-75-P2<\/td><td>75w<\/td><td>160<\/td><td>ON\/OFF<\/td><td>1500mm<\/td><\/tr><tr><td>5<\/td><td>T055S-60-P4<\/td><td>60W<\/td><td>140<\/td><td>DALI2<\/td><td>1500mm<\/td><\/tr><tr><td>6<\/td><td>T055S-75-P4<\/td><td>75W<\/td><td>140<\/td><td>DALI2<\/td><td>1500mm<\/td><\/tr><\/tbody><\/table><\/figure>\r\n<\/div><\/div>\r\n\r\n\r\n\r\n<div class=\"wp-block-uagb-container uagb-block-49fb23a4 alignfull uagb-is-root-container\"><div class=\"uagb-container-inner-blocks-wrap\">\r\n<div class=\"wp-block-uagb-advanced-heading uagb-block-1f047439\"><h2 class=\"uagb-heading-text\">PstLM<\/h2><\/div>\r\n\r\n\r\n\r\n<figure class=\"wp-block-table is-style-stripes\" style=\"font-size:14px;line-height:1.2\"><table><tbody><tr><td><strong>SVM<\/strong><\/td><td>\u22640.003<\/td><\/tr><tr><td><strong>THD<\/strong><\/td><td>8%<\/td><\/tr><tr><td><strong>Glow Wire Test (\u00b0C)<\/strong><\/td><td>650\u00b0C<\/td><\/tr><tr><td><strong>Central Emergency Pass<\/strong><\/td><td>Yes, EL marked<\/td><\/tr><tr><td><strong>Self-contained Emergency<\/strong><\/td><td>Optional<\/td><\/tr><\/tbody><\/table><\/figure>\r\n<\/div><\/div>\r\n\r\n\r\n\r\n<div class=\"wp-block-uagb-container uagb-block-582780b6 alignfull uagb-is-root-container\"><div class=\"uagb-container-inner-blocks-wrap\">\r\n<div class=\"wp-block-uagb-advanced-heading uagb-block-cd255329\"><h2 class=\"uagb-heading-text\">PHOTOMETRICAL DATA<\/h2><\/div>\r\n\r\n\r\n\r\n<figure class=\"wp-block-table is-style-stripes\" style=\"font-size:14px;line-height:1.2\"><table><tbody><tr><td><strong>LED Chip<\/strong><\/td><td>SANAN<\/td><\/tr><tr><td><strong>Color Temperature<\/strong><\/td><td>3000\/4000\/5000\/6000K<\/td><\/tr><tr><td><strong>LM\/W<\/strong><\/td><td>160lm\/w<\/td><\/tr><tr><td><strong>Lumen<\/strong><\/td><td>Max 7,200<\/td><\/tr><tr><td><strong>CRI\/RA<\/strong><\/td><td>CRI&gt;80 or &gt;90<\/td><\/tr><tr><td><strong>SDCM<\/strong><\/td><td>SDCM&lt;5 or &lt;3<\/td><\/tr><tr><td><strong>Beam Angle<\/strong><\/td><td>Milky cover 130\u00b0<\/td><\/tr><tr><td><strong>UGR<\/strong><\/td><td>&lt;27<\/td><\/tr><tr><td><strong>L80<\/strong><\/td><td>100,000H<\/td><\/tr><\/tbody><\/table><\/figure>\r\n<\/div><\/div>\r\n\r\n\r\n\r\n<div class=\"wp-block-uagb-container uagb-block-c026b970 alignfull uagb-is-root-container\"><div class=\"uagb-container-inner-blocks-wrap\">\r\n<div class=\"wp-block-uagb-advanced-heading uagb-block-25d52bb4\"><h2 class=\"uagb-heading-text\">PACKAGE DATA<\/h2><\/div>\r\n\r\n\r\n\r\n<figure class=\"wp-block-table is-style-stripes\" style=\"font-size:14px;line-height:1.2\"><table><tbody><tr><td>Packing Unit<\/td><td>6pcs<\/td><\/tr><tr><td>Carton Dimmnsions<\/td><td>730x285x180mm<\/td><\/tr><tr><td>Gross Weight<\/td><td>11KG<\/td><\/tr><\/tbody><\/table><\/figure>\r\n<\/div><\/div>\r\n\r\n\r\n\r\n<div id=\"faq\" class=\"wp-block-uagb-container uagb-block-0d674c38 alignfull uagb-is-root-container\"><div class=\"uagb-container-inner-blocks-wrap\">\r\n<div class=\"wp-block-uagb-advanced-heading uagb-block-26ca7093\"><h2 class=\"uagb-heading-text\">FAQ<\/h2><p class=\"uagb-desc-text\">Here are some frequently asked questions<br>according to our statistics. Welcome to contact<br>us for learning more.<\/p><\/div>\r\n\r\n\r\n<div class=\"wp-block-uagb-faq uagb-faq__outer-wrap uagb-block-c059913e uagb-faq-icon-row uagb-faq-layout-accordion uagb-faq-expand-first-true uagb-faq-inactive-other-true uagb-faq__wrap uagb-buttons-layout-wrap uagb-faq-equal-height\" data-faqtoggle=\"true\" role=\"tablist\"><div class=\"wp-block-uagb-faq-child uagb-faq-child__outer-wrap uagb-faq-item uagb-block-e7fc09b7\" role=\"tab\" tabindex=\"0\"><div class=\"uagb-faq-questions-button uagb-faq-questions\">\t\t\t<span class=\"uagb-icon uagb-faq-icon-wrap\">\n\t\t\t\t\t\t\t\t<svg xmlns=\"https:\/\/www.w3.org\/2000\/svg\" viewbox= \"0 0 448 512\"><path d=\"M432 256c0 17.69-14.33 32.01-32 32.01H256v144c0 17.69-14.33 31.99-32 31.99s-32-14.3-32-31.99v-144H48c-17.67 0-32-14.32-32-32.01s14.33-31.99 32-31.99H192v-144c0-17.69 14.33-32.01 32-32.01s32 14.32 32 32.01v144h144C417.7 224 432 238.3 432 256z\"><\/path><\/svg>\n\t\t\t\t\t\t\t<\/span>\n\t\t\t\t\t\t<span class=\"uagb-icon-active uagb-faq-icon-wrap\">\n\t\t\t\t\t\t\t\t<svg xmlns=\"https:\/\/www.w3.org\/2000\/svg\" viewbox= \"0 0 448 512\"><path d=\"M400 288h-352c-17.69 0-32-14.32-32-32.01s14.31-31.99 32-31.99h352c17.69 0 32 14.3 32 31.99S417.7 288 400 288z\"><\/path><\/svg>\n\t\t\t\t\t\t\t<\/span>\n\t\t\t<span class=\"uagb-question\"><strong>Existe-t-il une quantit\u00e9 minimale de pi\u00e8ces (MOQ) ?<\/strong><\/span><\/div><div class=\"uagb-faq-content\"><p>Nous n'avons pas de MOQ, les \u00e9chantillons sont les bienvenus.<\/p><\/div><\/div><div class=\"wp-block-uagb-faq-child uagb-faq-child__outer-wrap uagb-faq-item uagb-block-1f7ce796\" role=\"tab\" tabindex=\"0\"><div class=\"uagb-faq-questions-button uagb-faq-questions\">\t\t\t<span class=\"uagb-icon uagb-faq-icon-wrap\">\n\t\t\t\t\t\t\t\t<svg xmlns=\"https:\/\/www.w3.org\/2000\/svg\" viewbox= \"0 0 448 512\"><path d=\"M432 256c0 17.69-14.33 32.01-32 32.01H256v144c0 17.69-14.33 31.99-32 31.99s-32-14.3-32-31.99v-144H48c-17.67 0-32-14.32-32-32.01s14.33-31.99 32-31.99H192v-144c0-17.69 14.33-32.01 32-32.01s32 14.32 32 32.01v144h144C417.7 224 432 238.3 432 256z\"><\/path><\/svg>\n\t\t\t\t\t\t\t<\/span>\n\t\t\t\t\t\t<span class=\"uagb-icon-active uagb-faq-icon-wrap\">\n\t\t\t\t\t\t\t\t<svg xmlns=\"https:\/\/www.w3.org\/2000\/svg\" viewbox= \"0 0 448 512\"><path d=\"M400 288h-352c-17.69 0-32-14.32-32-32.01s14.31-31.99 32-31.99h352c17.69 0 32 14.3 32 31.99S417.7 288 400 288z\"><\/path><\/svg>\n\t\t\t\t\t\t\t<\/span>\n\t\t\t<span class=\"uagb-question\"><strong>Quelles sont vos conditions de paiement ?<\/strong><\/span><\/div><div class=\"uagb-faq-content\"><p>30% d'acompte, 70% avant exp\u00e9dition par T\/T.<\/p><\/div><\/div><div class=\"wp-block-uagb-faq-child uagb-faq-child__outer-wrap uagb-faq-item uagb-block-061ce5a4\" role=\"tab\" tabindex=\"0\"><div class=\"uagb-faq-questions-button uagb-faq-questions\">\t\t\t<span class=\"uagb-icon uagb-faq-icon-wrap\">\n\t\t\t\t\t\t\t\t<svg xmlns=\"https:\/\/www.w3.org\/2000\/svg\" viewbox= \"0 0 448 512\"><path d=\"M432 256c0 17.69-14.33 32.01-32 32.01H256v144c0 17.69-14.33 31.99-32 31.99s-32-14.3-32-31.99v-144H48c-17.67 0-32-14.32-32-32.01s14.33-31.99 32-31.99H192v-144c0-17.69 14.33-32.01 32-32.01s32 14.32 32 32.01v144h144C417.7 224 432 238.3 432 256z\"><\/path><\/svg>\n\t\t\t\t\t\t\t<\/span>\n\t\t\t\t\t\t<span class=\"uagb-icon-active uagb-faq-icon-wrap\">\n\t\t\t\t\t\t\t\t<svg xmlns=\"https:\/\/www.w3.org\/2000\/svg\" viewbox= \"0 0 448 512\"><path d=\"M400 288h-352c-17.69 0-32-14.32-32-32.01s14.31-31.99 32-31.99h352c17.69 0 32 14.3 32 31.99S417.7 288 400 288z\"><\/path><\/svg>\n\t\t\t\t\t\t\t<\/span>\n\t\t\t<span class=\"uagb-question\"><strong>What is the normal delivery time?<\/strong><\/span><\/div><div class=\"uagb-faq-content\"><p>3-7days for samples, 20-35 days for big orders.<\/p><\/div><\/div><\/div><\/div><\/div>","protected":false},"excerpt":{"rendered":"<p>E-Open est livr\u00e9 avec un c\u00e2blage traversant \u00e0 cinq p\u00f4les - ou sept p\u00f4les en option - et est compatible avec le courant continu. Des mat\u00e9riaux particuli\u00e8rement r\u00e9sistants et de haute qualit\u00e9 conf\u00e8rent \u00e0 ce luminaire \u00e9tanche une robustesse exceptionnelle. Gr\u00e2ce \u00e0 ses caract\u00e9ristiques tr\u00e8s efficaces et \u00e0 son bo\u00eetier innovant, le temps et les efforts n\u00e9cessaires pour remplacer les anciens luminaires par l'E-Open sont minimes. Les c\u00e2bles se montent facilement et commod\u00e9ment de chaque c\u00f4t\u00e9 gr\u00e2ce \u00e0 la fixation par capuchon ouvert.<\/p>\n<p>&nbsp;<\/p>","protected":false},"featured_media":734,"comment_status":"open","ping_status":"closed","template":"","meta":{"_acf_changed":false,"_uag_custom_page_level_css":"","site-sidebar-layout":"default","site-content-layout":"","ast-site-content-layout":"default","site-content-style":"default","site-sidebar-style":"default","ast-global-header-display":"","ast-banner-title-visibility":"","ast-main-header-display":"","ast-hfb-above-header-display":"","ast-hfb-below-header-display":"","ast-hfb-mobile-header-display":"","site-post-title":"","ast-breadcrumbs-content":"","ast-featured-img":"","footer-sml-layout":"","ast-disable-related-posts":"","theme-transparent-header-meta":"default","adv-header-id-meta":"","stick-header-meta":"default","header-above-stick-meta":"","header-main-stick-meta":"","header-below-stick-meta":"","astra-migrate-meta-layouts":"set","ast-page-background-enabled":"default","ast-page-background-meta":{"desktop":{"background-color":"var(--ast-global-color-5)","background-image":"","background-repeat":"repeat","background-position":"center center","background-size":"auto","background-attachment":"scroll","background-type":"","background-media":"","overlay-type":"","overlay-color":"","overlay-opacity":"","overlay-gradient":""},"tablet":{"background-color":"","background-image":"","background-repeat":"repeat","background-position":"center center","background-size":"auto","background-attachment":"scroll","background-type":"","background-media":"","overlay-type":"","overlay-color":"","overlay-opacity":"","overlay-gradient":""},"mobile":{"background-color":"","background-image":"","background-repeat":"repeat","background-position":"center center","background-size":"auto","background-attachment":"scroll","background-type":"","background-media":"","overlay-type":"","overlay-color":"","overlay-opacity":"","overlay-gradient":""}},"ast-content-background-meta":{"desktop":{"background-color":"var(--ast-global-color-4)","background-image":"","background-repeat":"repeat","background-position":"center center","background-size":"auto","background-attachment":"scroll","background-type":"","background-media":"","overlay-type":"","overlay-color":"","overlay-opacity":"","overlay-gradient":""},"tablet":{"background-color":"var(--ast-global-color-4)","background-image":"","background-repeat":"repeat","background-position":"center center","background-size":"auto","background-attachment":"scroll","background-type":"","background-media":"","overlay-type":"","overlay-color":"","overlay-opacity":"","overlay-gradient":""},"mobile":{"background-color":"var(--ast-global-color-4)","background-image":"","background-repeat":"repeat","background-position":"center center","background-size":"auto","background-attachment":"scroll","background-type":"","background-media":"","overlay-type":"","overlay-color":"","overlay-opacity":"","overlay-gradient":""}}},"product_brand":[],"product_cat":[21,37],"product_tag":[],"class_list":{"0":"post-732","1":"product","2":"type-product","3":"status-publish","4":"has-post-thumbnail","6":"product_cat-industry-led-lighting","7":"product_cat-tri-proof-light","8":"desktop-align-center","9":"tablet-align-left","10":"mobile-align-left","11":"ast-product-gallery-layout-horizontal-slider","12":"ast-product-gallery-with-no-image","13":"ast-product-tabs-layout-horizontal","15":"first","16":"instock","17":"shipping-taxable","18":"product-type-simple"},"acf":[],"spectra_custom_meta":{"_edit_last":["1"],"_edit_lock":["1766923461:1"],"rank_math_contentai_score":["a:5:{s:8:\"keywords\";s:5:\"74.51\";s:9:\"wordCount\";s:1:\"0\";s:9:\"linkCount\";s:1:\"0\";s:12:\"headingCount\";s:1:\"0\";s:10:\"mediaCount\";s:1:\"0\";}"],"rank_math_seo_score":["25"],"_thumbnail_id":["734"],"total_sales":["0"],"_tax_status":["taxable"],"_tax_class":[""],"_manage_stock":["no"],"_backorders":["no"],"_sold_individually":["no"],"_virtual":["no"],"_downloadable":["no"],"_download_limit":["-1"],"_download_expiry":["-1"],"_stock":[null],"_stock_status":["instock"],"_wc_average_rating":["0"],"_wc_review_count":["0"],"_product_version":["10.4.3"],"site-sidebar-layout":["default"],"ast-site-content-layout":["default"],"site-content-style":["default"],"site-sidebar-style":["default"],"theme-transparent-header-meta":["default"],"astra-migrate-meta-layouts":["set"],"stick-header-meta":["default"],"_uag_css_file_name":["uag-css-732.css"],"_uag_js_file_name":["uag-js-732.js"],"rank_math_internal_links_processed":["1"],"_uagb_previous_block_counts":["a:90:{s:21:\"uagb\/advanced-heading\";i:7;s:15:\"uagb\/blockquote\";i:0;s:12:\"uagb\/buttons\";i:0;s:18:\"uagb\/buttons-child\";i:0;s:19:\"uagb\/call-to-action\";i:0;s:15:\"uagb\/cf7-styler\";i:0;s:11:\"uagb\/column\";i:0;s:12:\"uagb\/columns\";i:0;s:14:\"uagb\/container\";i:6;s:21:\"uagb\/content-timeline\";i:0;s:27:\"uagb\/content-timeline-child\";i:0;s:14:\"uagb\/countdown\";i:0;s:12:\"uagb\/counter\";i:0;s:8:\"uagb\/faq\";i:1;s:14:\"uagb\/faq-child\";i:3;s:10:\"uagb\/forms\";i:0;s:17:\"uagb\/forms-accept\";i:0;s:19:\"uagb\/forms-checkbox\";i:0;s:15:\"uagb\/forms-date\";i:0;s:16:\"uagb\/forms-email\";i:0;s:17:\"uagb\/forms-hidden\";i:0;s:15:\"uagb\/forms-name\";i:0;s:16:\"uagb\/forms-phone\";i:0;s:16:\"uagb\/forms-radio\";i:0;s:17:\"uagb\/forms-select\";i:0;s:19:\"uagb\/forms-textarea\";i:0;s:17:\"uagb\/forms-toggle\";i:0;s:14:\"uagb\/forms-url\";i:0;s:14:\"uagb\/gf-styler\";i:0;s:15:\"uagb\/google-map\";i:0;s:11:\"uagb\/how-to\";i:0;s:16:\"uagb\/how-to-step\";i:0;s:9:\"uagb\/icon\";i:0;s:14:\"uagb\/icon-list\";i:0;s:20:\"uagb\/icon-list-child\";i:0;s:10:\"uagb\/image\";i:0;s:18:\"uagb\/image-gallery\";i:0;s:13:\"uagb\/info-box\";i:0;s:18:\"uagb\/inline-notice\";i:0;s:11:\"uagb\/lottie\";i:0;s:21:\"uagb\/marketing-button\";i:0;s:10:\"uagb\/modal\";i:0;s:18:\"uagb\/popup-builder\";i:0;s:16:\"uagb\/post-button\";i:0;s:18:\"uagb\/post-carousel\";i:0;s:17:\"uagb\/post-excerpt\";i:0;s:14:\"uagb\/post-grid\";i:0;s:15:\"uagb\/post-image\";i:0;s:17:\"uagb\/post-masonry\";i:0;s:14:\"uagb\/post-meta\";i:0;s:18:\"uagb\/post-taxonomy\";i:0;s:18:\"uagb\/post-timeline\";i:0;s:15:\"uagb\/post-title\";i:0;s:20:\"uagb\/restaurant-menu\";i:0;s:26:\"uagb\/restaurant-menu-child\";i:0;s:11:\"uagb\/review\";i:0;s:12:\"uagb\/section\";i:0;s:14:\"uagb\/separator\";i:0;s:11:\"uagb\/slider\";i:0;s:17:\"uagb\/slider-child\";i:0;s:17:\"uagb\/social-share\";i:0;s:23:\"uagb\/social-share-child\";i:0;s:16:\"uagb\/star-rating\";i:0;s:23:\"uagb\/sure-cart-checkout\";i:0;s:22:\"uagb\/sure-cart-product\";i:0;s:15:\"uagb\/sure-forms\";i:0;s:22:\"uagb\/table-of-contents\";i:0;s:9:\"uagb\/tabs\";i:0;s:15:\"uagb\/tabs-child\";i:0;s:18:\"uagb\/taxonomy-list\";i:0;s:9:\"uagb\/team\";i:0;s:16:\"uagb\/testimonial\";i:0;s:14:\"uagb\/wp-search\";i:0;s:19:\"uagb\/instagram-feed\";i:0;s:10:\"uagb\/login\";i:0;s:17:\"uagb\/loop-builder\";i:0;s:18:\"uagb\/loop-category\";i:0;s:20:\"uagb\/loop-pagination\";i:0;s:15:\"uagb\/loop-reset\";i:0;s:16:\"uagb\/loop-search\";i:0;s:14:\"uagb\/loop-sort\";i:0;s:17:\"uagb\/loop-wrapper\";i:0;s:13:\"uagb\/register\";i:0;s:19:\"uagb\/register-email\";i:0;s:24:\"uagb\/register-first-name\";i:0;s:23:\"uagb\/register-last-name\";i:0;s:22:\"uagb\/register-password\";i:0;s:30:\"uagb\/register-reenter-password\";i:0;s:19:\"uagb\/register-terms\";i:0;s:22:\"uagb\/register-username\";i:0;}"],"_uagb_last_spectra_edit":["1776962089"]},"uagb_featured_image_src":{"full":["https:\/\/www.recolux-led.com\/wp-content\/uploads\/2025\/12\/E-open-led-lighting-recolux.webp",800,800,false],"thumbnail":["https:\/\/www.recolux-led.com\/wp-content\/uploads\/2025\/12\/E-open-led-lighting-recolux.webp",96,96,false],"medium":["https:\/\/www.recolux-led.com\/wp-content\/uploads\/2025\/12\/E-open-led-lighting-recolux.webp",800,800,false],"medium_large":["https:\/\/www.recolux-led.com\/wp-content\/uploads\/2025\/12\/E-open-led-lighting-recolux-768x768.webp",768,768,true],"large":["https:\/\/www.recolux-led.com\/wp-content\/uploads\/2025\/12\/E-open-led-lighting-recolux.webp",800,800,false],"1536x1536":["https:\/\/www.recolux-led.com\/wp-content\/uploads\/2025\/12\/E-open-led-lighting-recolux.webp",800,800,false],"2048x2048":["https:\/\/www.recolux-led.com\/wp-content\/uploads\/2025\/12\/E-open-led-lighting-recolux.webp",800,800,false],"trp-custom-language-flag":["https:\/\/www.recolux-led.com\/wp-content\/uploads\/2025\/12\/E-open-led-lighting-recolux-12x12.webp",12,12,true],"woocommerce_thumbnail":["https:\/\/www.recolux-led.com\/wp-content\/uploads\/2025\/12\/E-open-led-lighting-recolux-300x300.webp",300,300,true],"woocommerce_single":["https:\/\/www.recolux-led.com\/wp-content\/uploads\/2025\/12\/E-open-led-lighting-recolux-600x600.webp",600,600,true],"woocommerce_gallery_thumbnail":["https:\/\/www.recolux-led.com\/wp-content\/uploads\/2025\/12\/E-open-led-lighting-recolux-100x100.webp",100,100,true]},"uagb_author_info":{"display_name":"r1e4c5olux","author_link":"https:\/\/www.recolux-led.com\/fr\/author\/"},"uagb_comment_info":0,"uagb_excerpt":"E-Open comes with five-pole \u2013 or optional seven-pole \u2013 through-wiring and is DC-enabled. Particularly resistant and high-quality materials make this moisture-proof luminaire exceptionally robust. With its highly efficient features and innovative housing, the time and effort needed to replace older luminaires with E-Open is minimal. Cables are easily and conveniently mounted on either side with\u2026","_links":{"self":[{"href":"https:\/\/www.recolux-led.com\/fr\/wp-json\/wp\/v2\/product\/732","targetHints":{"allow":["GET"]}}],"collection":[{"href":"https:\/\/www.recolux-led.com\/fr\/wp-json\/wp\/v2\/product"}],"about":[{"href":"https:\/\/www.recolux-led.com\/fr\/wp-json\/wp\/v2\/types\/product"}],"replies":[{"embeddable":true,"href":"https:\/\/www.recolux-led.com\/fr\/wp-json\/wp\/v2\/comments?post=732"}],"wp:featuredmedia":[{"embeddable":true,"href":"https:\/\/www.recolux-led.com\/fr\/wp-json\/wp\/v2\/media\/734"}],"wp:attachment":[{"href":"https:\/\/www.recolux-led.com\/fr\/wp-json\/wp\/v2\/media?parent=732"}],"wp:term":[{"taxonomy":"product_brand","embeddable":true,"href":"https:\/\/www.recolux-led.com\/fr\/wp-json\/wp\/v2\/product_brand?post=732"},{"taxonomy":"product_cat","embeddable":true,"href":"https:\/\/www.recolux-led.com\/fr\/wp-json\/wp\/v2\/product_cat?post=732"},{"taxonomy":"product_tag","embeddable":true,"href":"https:\/\/www.recolux-led.com\/fr\/wp-json\/wp\/v2\/product_tag?post=732"}],"curies":[{"name":"wp","href":"https:\/\/api.w.org\/{rel}","templated":true}]}}