{"id":209,"date":"2025-10-28T04:51:57","date_gmt":"2025-10-28T12:51:57","guid":{"rendered":"https:\/\/www.imzcl.com\/?post_type=product&#038;p=209"},"modified":"2025-12-07T04:19:47","modified_gmt":"2025-12-07T12:19:47","slug":"systeme-de-controle-de-leclairage-a-diodes-electroluminescentes-e-line","status":"publish","type":"product","link":"https:\/\/www.recolux-led.com\/fr\/produit\/systeme-de-controle-de-leclairage-a-diodes-electroluminescentes-e-line\/","title":{"rendered":"Syst\u00e8me de commande d'\u00e9clairage LED \u2013 E-line"},"content":{"rendered":"<div class=\"uagb-position__sticky wp-block-uagb-container uagb-block-588244b7 alignfull uagb-is-root-container\"><div class=\"uagb-container-inner-blocks-wrap\">\r\n<div class=\"wp-block-uagb-advanced-heading uagb-block-da231167\"><div class=\"uagb-heading-text\"><strong><a href=\"#over\">Overview<\/a><\/strong><\/div><\/div>\r\n\r\n\r\n\r\n<div class=\"wp-block-uagb-advanced-heading uagb-block-b3121f28\"><div class=\"uagb-heading-text\"><strong><a href=\"#spec\">Specifications<\/a><\/strong><\/div><\/div>\r\n\r\n\r\n\r\n<div class=\"wp-block-uagb-advanced-heading uagb-block-3a9c2004\"><div class=\"uagb-heading-text\"><strong><a href=\"#faq\">FAQ<\/a><\/strong><\/div><\/div>\r\n<\/div><\/div>\r\n\r\n\r\n\r\n<div id=\"over\" class=\"wp-block-uagb-container uagb-block-5fcbe28c alignfull uagb-is-root-container\"><div class=\"uagb-container-inner-blocks-wrap\">\r\n<div class=\"wp-block-uagb-container uagb-block-76cb1e7b\">\r\n<div class=\"wp-block-uagb-advanced-heading uagb-block-f371e087\"><h3 class=\"uagb-heading-text\">Power Switchable<\/h3><p class=\"uagb-desc-text\">A variety of power options to meet different lighting needs,<br>light up every moment of life.<\/p><\/div>\r\n<\/div>\r\n\r\n\r\n\r\n<div class=\"wp-block-uagb-container uagb-block-1e5a6c0f\">\r\n<div class=\"wp-block-uagb-image uagb-block-114179cf wp-block-uagb-image--layout-default wp-block-uagb-image--effect-static wp-block-uagb-image--align-none\"><figure class=\"wp-block-uagb-image__figure\"><img decoding=\"async\" srcset=\"https:\/\/www.recolux-led.com\/wp-content\/uploads\/2025\/12\/a538d9c80d69be7bc4def8b40eaa128e.jpg ,https:\/\/www.recolux-led.com\/wp-content\/uploads\/2025\/12\/a538d9c80d69be7bc4def8b40eaa128e.jpg 780w, https:\/\/www.recolux-led.com\/wp-content\/uploads\/2025\/12\/a538d9c80d69be7bc4def8b40eaa128e.jpg 360w\" sizes=\"auto, (max-width: 480px) 150px\" src=\"https:\/\/www.recolux-led.com\/wp-content\/uploads\/2025\/12\/a538d9c80d69be7bc4def8b40eaa128e.jpg\" alt=\"\" class=\"uag-image-676\" width=\"1920\" height=\"970\" title=\"a538d9c80d69be7bc4def8b40eaa128e\" loading=\"lazy\" role=\"img\"\/><\/figure><\/div>\r\n<\/div>\r\n<\/div><\/div>\r\n\r\n\r\n\r\n<div class=\"wp-block-uagb-container uagb-block-f7c2a753 alignfull uagb-is-root-container\"><div class=\"uagb-container-inner-blocks-wrap\">\r\n<div class=\"wp-block-uagb-container uagb-block-0257345e\">\r\n<div class=\"wp-block-uagb-image uagb-block-c0136775 wp-block-uagb-image--layout-default wp-block-uagb-image--effect-static wp-block-uagb-image--align-none\"><figure class=\"wp-block-uagb-image__figure\"><img decoding=\"async\" srcset=\"https:\/\/www.recolux-led.com\/wp-content\/uploads\/2025\/12\/7f6d77eca8fca662d4eb569333ae6638.webp ,https:\/\/www.recolux-led.com\/wp-content\/uploads\/2025\/12\/7f6d77eca8fca662d4eb569333ae6638.webp 780w, https:\/\/www.recolux-led.com\/wp-content\/uploads\/2025\/12\/7f6d77eca8fca662d4eb569333ae6638.webp 360w\" sizes=\"auto, (max-width: 480px) 150px\" src=\"https:\/\/www.recolux-led.com\/wp-content\/uploads\/2025\/12\/7f6d77eca8fca662d4eb569333ae6638.webp\" alt=\"\" class=\"uag-image-681\" width=\"1920\" height=\"970\" title=\"7f6d77eca8fca662d4eb569333ae6638\" loading=\"lazy\" role=\"img\"\/><\/figure><\/div>\r\n<\/div>\r\n\r\n\r\n\r\n<div class=\"wp-block-uagb-container uagb-block-4e14a6f2\">\r\n<div class=\"wp-block-uagb-advanced-heading uagb-block-7eaed24f\"><h3 class=\"uagb-heading-text\">Perfect Connection<\/h3><p class=\"uagb-desc-text\">A variety of power options to meet different lighting needs,<br>light up every moment of life.<\/p><\/div>\r\n<\/div>\r\n<\/div><\/div>\r\n\r\n\r\n\r\n<div class=\"wp-block-uagb-container uagb-block-ba77ba1a alignfull uagb-is-root-container\"><div class=\"uagb-container-inner-blocks-wrap\">\r\n<div class=\"wp-block-uagb-container uagb-block-b2cdf225\">\r\n<div class=\"wp-block-uagb-advanced-heading uagb-block-3ee977e1\"><h3 class=\"uagb-heading-text\">120\u00b0 Milky Cover<\/h3><p class=\"uagb-desc-text\">Comfortable lighting perfomance<br>for low lighting scenarios<\/p><\/div>\r\n<\/div>\r\n\r\n\r\n\r\n<div class=\"wp-block-uagb-container uagb-block-8c78cdc3\">\r\n<div class=\"wp-block-uagb-image uagb-block-045c20d0 wp-block-uagb-image--layout-default wp-block-uagb-image--effect-static wp-block-uagb-image--align-none\"><figure class=\"wp-block-uagb-image__figure\"><img decoding=\"async\" srcset=\"https:\/\/www.recolux-led.com\/wp-content\/uploads\/2025\/12\/a538d9c80d69be7bc4def8b40eaa128e.jpg ,https:\/\/www.recolux-led.com\/wp-content\/uploads\/2025\/12\/a538d9c80d69be7bc4def8b40eaa128e.jpg 780w, https:\/\/www.recolux-led.com\/wp-content\/uploads\/2025\/12\/a538d9c80d69be7bc4def8b40eaa128e.jpg 360w\" sizes=\"auto, (max-width: 480px) 150px\" src=\"https:\/\/www.recolux-led.com\/wp-content\/uploads\/2025\/12\/a538d9c80d69be7bc4def8b40eaa128e.jpg\" alt=\"\" class=\"uag-image-676\" width=\"1920\" height=\"970\" title=\"a538d9c80d69be7bc4def8b40eaa128e\" loading=\"lazy\" role=\"img\"\/><\/figure><\/div>\r\n<\/div>\r\n<\/div><\/div>\r\n\r\n\r\n\r\n<div id=\"spec\" class=\"wp-block-uagb-container uagb-block-e55fa53f alignfull uagb-is-root-container\"><div class=\"uagb-container-inner-blocks-wrap\">\r\n<div class=\"wp-block-uagb-advanced-heading uagb-block-92181537\"><h2 class=\"uagb-heading-text\">Specifications<\/h2><\/div>\r\n\r\n\r\n\r\n<figure class=\"wp-block-table is-style-stripes\"><table class=\"has-fixed-layout\"><thead><tr><th>ITEM<\/th><th>MODEL NO.<\/th><th>POWER<\/th><th>LM\/W<\/th><th>FUNCTION<\/th><th>LENGTH<\/th><\/tr><\/thead><tbody><tr><td>1<\/td><td>RSL5H-60-P2<\/td><td>58W switchable<\/td><td>175<\/td><td>ON\/OFF<\/td><td>1438mm<\/td><\/tr><tr><td>2<\/td><td>RSL5H-68-PC<\/td><td>66W switchable<\/td><td>175<\/td><td>ON\/OFF<\/td><td>1438mm<\/td><\/tr><tr><td>3<\/td><td>RSL5P-75-PC<\/td><td>75W switchable<\/td><td>180<\/td><td>ON\/OFF<\/td><td>1438mm<\/td><\/tr><tr><td>4<\/td><td>RSL5P-75-P4<\/td><td>75W<\/td><td>175<\/td><td>DALI<\/td><td>1438mm<\/td><\/tr><tr><td>5<\/td><td>RSL5H-70-B3<\/td><td>52W-70W by Switch<\/td><td>170<\/td><td>1-10V Dimming<\/td><td>1438mm<\/td><\/tr><tr><td>6<\/td><td>RSL7H-64-P2<\/td><td>64W switchable<\/td><td>175<\/td><td>ON\/OFF<\/td><td>2012mm<\/td><\/tr><tr><td>7<\/td><td>RSL7H-73-PC<\/td><td>75W switchable<\/td><td>175<\/td><td>ON\/OFF<\/td><td>2012mm<\/td><\/tr><tr><td>8<\/td><td>RSL7H-90-P4<\/td><td>90W<\/td><td>170<\/td><td>DALI<\/td><td>2012mm<\/td><\/tr><\/tbody><\/table><\/figure>\r\n\r\n\r\n\r\n<div class=\"wp-block-uagb-advanced-heading uagb-block-e569b577\"><h3 class=\"uagb-heading-text\"><strong>GENERAL DATA<\/strong><\/h3><\/div>\r\n\r\n\r\n\r\n<figure class=\"wp-block-table\"><table class=\"has-fixed-layout\"><tbody><tr><td><strong>Dimension<\/strong><\/td><td>1438mm<\/td><\/tr><tr><td><strong>Material<\/strong><\/td><td>Aluminum+PMMA@ Lens, PC@Milky cover<\/td><\/tr><tr><td><strong>Luminaire Colour<\/strong><\/td><td>White 9003 or Black<\/td><\/tr><tr><td><strong>Protection Class<\/strong><\/td><td>IP20<\/td><\/tr><tr><td><strong>Shock Resistance Category<\/strong><\/td><td>IK04<\/td><\/tr><tr><td><strong>Operating Temperature<\/strong><\/td><td>-20\u00b0 + 40\u00b0C<\/td><\/tr><tr><td><strong>Storing Temperature<\/strong><\/td><td>-25\u00b0 + 65\u00b0C<\/td><\/tr><tr><td><strong>Certificates<\/strong><\/td><td>ENEC, CE, CB, RoHs<\/td><\/tr><tr><td><strong>Warranty<\/strong><\/td><td>5 years<\/td><\/tr><\/tbody><\/table><\/figure>\r\n<\/div><\/div>\r\n\r\n\r\n\r\n<div id=\"faq\" class=\"wp-block-uagb-container uagb-block-efcd6d76 alignfull uagb-is-root-container\"><div class=\"uagb-container-inner-blocks-wrap\">\r\n<div class=\"wp-block-uagb-advanced-heading uagb-block-95f852dd\"><h2 class=\"uagb-heading-text\">FAQ<\/h2><\/div>\r\n\r\n\r\n<div class=\"wp-block-uagb-faq uagb-faq__outer-wrap uagb-block-e56d0c96 uagb-faq-icon-row uagb-faq-layout-accordion uagb-faq-expand-first-true uagb-faq-inactive-other-true uagb-faq__wrap uagb-buttons-layout-wrap uagb-faq-equal-height\" data-faqtoggle=\"true\" role=\"tablist\"><div class=\"wp-block-uagb-faq-child uagb-faq-child__outer-wrap uagb-faq-item uagb-block-0e89df81\" role=\"tab\" tabindex=\"0\"><div class=\"uagb-faq-questions-button uagb-faq-questions\">\t\t\t<span class=\"uagb-icon uagb-faq-icon-wrap\">\n\t\t\t\t\t\t\t\t<svg xmlns=\"https:\/\/www.w3.org\/2000\/svg\" viewbox= \"0 0 448 512\"><path d=\"M432 256c0 17.69-14.33 32.01-32 32.01H256v144c0 17.69-14.33 31.99-32 31.99s-32-14.3-32-31.99v-144H48c-17.67 0-32-14.32-32-32.01s14.33-31.99 32-31.99H192v-144c0-17.69 14.33-32.01 32-32.01s32 14.32 32 32.01v144h144C417.7 224 432 238.3 432 256z\"><\/path><\/svg>\n\t\t\t\t\t\t\t<\/span>\n\t\t\t\t\t\t<span class=\"uagb-icon-active uagb-faq-icon-wrap\">\n\t\t\t\t\t\t\t\t<svg xmlns=\"https:\/\/www.w3.org\/2000\/svg\" viewbox= \"0 0 448 512\"><path d=\"M400 288h-352c-17.69 0-32-14.32-32-32.01s14.31-31.99 32-31.99h352c17.69 0 32 14.3 32 31.99S417.7 288 400 288z\"><\/path><\/svg>\n\t\t\t\t\t\t\t<\/span>\n\t\t\t<span class=\"uagb-question\">Existe-t-il une quantit\u00e9 minimale de pi\u00e8ces (MOQ) ?<\/span><\/div><div class=\"uagb-faq-content\"><p>Nous n'avons pas de MOQ, les \u00e9chantillons sont les bienvenus.<\/p><\/div><\/div><\/div><\/div><\/div>","protected":false},"excerpt":{"rendered":"<p>Le syst\u00e8me de goulottes lin\u00e9aires est un syst\u00e8me efficace, flexible et polyvalent qui fournit des solutions d'\u00e9clairage pour diverses applications dans l'industrie, le commerce, les bureaux, etc. Gr\u00e2ce \u00e0 sa fonction de liaison transparente, le syst\u00e8me de goulotte lin\u00e9aire de Recolux est parfait pour \u00eatre install\u00e9 dans de vastes entrep\u00f4ts. Il offre de nombreuses options d'\u00e9clairage avec diff\u00e9rents \u00e9l\u00e9ments de luminaires, optiques et modules fonctionnels pour r\u00e9pondre aux diff\u00e9rentes exigences en mati\u00e8re d'\u00e9clairage.<\/p>","protected":false},"featured_media":210,"comment_status":"open","ping_status":"closed","template":"","meta":{"_uag_custom_page_level_css":"","site-sidebar-layout":"default","site-content-layout":"","ast-site-content-layout":"default","site-content-style":"default","site-sidebar-style":"default","ast-global-header-display":"","ast-banner-title-visibility":"","ast-main-header-display":"","ast-hfb-above-header-display":"","ast-hfb-below-header-display":"","ast-hfb-mobile-header-display":"","site-post-title":"","ast-breadcrumbs-content":"","ast-featured-img":"","footer-sml-layout":"","ast-disable-related-posts":"","theme-transparent-header-meta":"default","adv-header-id-meta":"","stick-header-meta":"default","header-above-stick-meta":"","header-main-stick-meta":"","header-below-stick-meta":"","astra-migrate-meta-layouts":"set","ast-page-background-enabled":"default","ast-page-background-meta":{"desktop":{"background-color":"var(--ast-global-color-5)","background-image":"","background-repeat":"repeat","background-position":"center center","background-size":"auto","background-attachment":"scroll","background-type":"","background-media":"","overlay-type":"","overlay-color":"","overlay-opacity":"","overlay-gradient":""},"tablet":{"background-color":"","background-image":"","background-repeat":"repeat","background-position":"center center","background-size":"auto","background-attachment":"scroll","background-type":"","background-media":"","overlay-type":"","overlay-color":"","overlay-opacity":"","overlay-gradient":""},"mobile":{"background-color":"","background-image":"","background-repeat":"repeat","background-position":"center center","background-size":"auto","background-attachment":"scroll","background-type":"","background-media":"","overlay-type":"","overlay-color":"","overlay-opacity":"","overlay-gradient":""}},"ast-content-background-meta":{"desktop":{"background-color":"var(--ast-global-color-4)","background-image":"","background-repeat":"repeat","background-position":"center center","background-size":"auto","background-attachment":"scroll","background-type":"","background-media":"","overlay-type":"","overlay-color":"","overlay-opacity":"","overlay-gradient":""},"tablet":{"background-color":"var(--ast-global-color-4)","background-image":"","background-repeat":"repeat","background-position":"center center","background-size":"auto","background-attachment":"scroll","background-type":"","background-media":"","overlay-type":"","overlay-color":"","overlay-opacity":"","overlay-gradient":""},"mobile":{"background-color":"var(--ast-global-color-4)","background-image":"","background-repeat":"repeat","background-position":"center center","background-size":"auto","background-attachment":"scroll","background-type":"","background-media":"","overlay-type":"","overlay-color":"","overlay-opacity":"","overlay-gradient":""}}},"product_brand":[],"product_cat":[21,36],"product_tag":[],"class_list":{"0":"post-209","1":"product","2":"type-product","3":"status-publish","4":"has-post-thumbnail","6":"product_cat-industry-led-lighting","7":"product_cat-trunking-system","8":"desktop-align-center","9":"tablet-align-left","10":"mobile-align-left","11":"ast-product-gallery-layout-horizontal-slider","12":"ast-product-gallery-with-no-image","13":"ast-product-tabs-layout-horizontal","15":"first","16":"instock","17":"featured","18":"shipping-taxable","19":"product-type-simple"},"spectra_custom_meta":{"_edit_last":["1"],"_edit_lock":["1766414396:1"],"_thumbnail_id":["210"],"_yoast_indexnow_last_ping":["1765109987"],"total_sales":["0"],"_tax_status":["taxable"],"_tax_class":[""],"_manage_stock":["no"],"_backorders":["no"],"_sold_individually":["no"],"_virtual":["no"],"_downloadable":["no"],"_download_limit":["-1"],"_download_expiry":["-1"],"_stock":[null],"_stock_status":["instock"],"_wc_average_rating":["0"],"_wc_review_count":["0"],"_product_version":["10.3.6"],"wpseo_global_identifier_values":["a:6:{s:5:\"gtin8\";s:0:\"\";s:6:\"gtin12\";s:0:\"\";s:6:\"gtin13\";s:0:\"\";s:6:\"gtin14\";s:0:\"\";s:4:\"isbn\";s:0:\"\";s:3:\"mpn\";s:0:\"\";}"],"site-sidebar-layout":["default"],"ast-site-content-layout":["default"],"site-content-style":["default"],"site-sidebar-style":["default"],"theme-transparent-header-meta":["default"],"stick-header-meta":["default"],"_yoast_wpseo_primary_product_brand":[""],"_yoast_wpseo_primary_product_cat":["21"],"_yoast_wpseo_content_score":["60"],"_yoast_wpseo_focuskeywords":[""],"_yoast_wpseo_keywordsynonyms":[""],"_yoast_wpseo_estimated-reading-time-minutes":["2"],"_yoast_wpseo_inclusive_language_score":["90"],"astra-migrate-meta-layouts":["set"],"rank_math_primary_product_brand":[""],"rank_math_primary_product_cat":["21"],"rank_math_news_sitemap_robots":["index"],"rank_math_robots":["a:1:{i:0;s:5:\"index\";}"],"_uag_css_file_name":["uag-css-209.css"],"_uag_js_file_name":["uag-js-209.js"]},"uagb_featured_image_src":{"full":["https:\/\/www.recolux-led.com\/wp-content\/uploads\/2025\/10\/e-line-lighting.jpg",800,800,false],"thumbnail":["https:\/\/www.recolux-led.com\/wp-content\/uploads\/2025\/10\/e-line-lighting.jpg",96,96,false],"medium":["https:\/\/www.recolux-led.com\/wp-content\/uploads\/2025\/10\/e-line-lighting.jpg",800,800,false],"medium_large":["https:\/\/www.recolux-led.com\/wp-content\/uploads\/2025\/10\/e-line-lighting-768x768.jpg",768,768,true],"large":["https:\/\/www.recolux-led.com\/wp-content\/uploads\/2025\/10\/e-line-lighting.jpg",800,800,false],"1536x1536":["https:\/\/www.recolux-led.com\/wp-content\/uploads\/2025\/10\/e-line-lighting.jpg",800,800,false],"2048x2048":["https:\/\/www.recolux-led.com\/wp-content\/uploads\/2025\/10\/e-line-lighting.jpg",800,800,false],"trp-custom-language-flag":["https:\/\/www.recolux-led.com\/wp-content\/uploads\/2025\/10\/e-line-lighting.jpg",12,12,false],"woocommerce_thumbnail":["https:\/\/www.recolux-led.com\/wp-content\/uploads\/2025\/10\/e-line-lighting-300x300.jpg",300,300,true],"woocommerce_single":["https:\/\/www.recolux-led.com\/wp-content\/uploads\/2025\/10\/e-line-lighting-600x600.jpg",600,600,true],"woocommerce_gallery_thumbnail":["https:\/\/www.recolux-led.com\/wp-content\/uploads\/2025\/10\/e-line-lighting-100x100.jpg",100,100,true]},"uagb_author_info":{"display_name":"r1e4c5olux","author_link":"https:\/\/www.recolux-led.com\/fr\/author\/"},"uagb_comment_info":0,"uagb_excerpt":"Linear trunking system is an efficient, flexible and versatile system providing lighting solutions for various applications of industry, commerce, office, etc. Thanks to its seamless linkable function, linear trunking system from Recolux is perfect in being installed in broad warehouses. It provides many lighting options with various luminaire elements, optics, functional modules to meet different\u2026","_links":{"self":[{"href":"https:\/\/www.recolux-led.com\/fr\/wp-json\/wp\/v2\/product\/209","targetHints":{"allow":["GET"]}}],"collection":[{"href":"https:\/\/www.recolux-led.com\/fr\/wp-json\/wp\/v2\/product"}],"about":[{"href":"https:\/\/www.recolux-led.com\/fr\/wp-json\/wp\/v2\/types\/product"}],"replies":[{"embeddable":true,"href":"https:\/\/www.recolux-led.com\/fr\/wp-json\/wp\/v2\/comments?post=209"}],"wp:featuredmedia":[{"embeddable":true,"href":"https:\/\/www.recolux-led.com\/fr\/wp-json\/wp\/v2\/media\/210"}],"wp:attachment":[{"href":"https:\/\/www.recolux-led.com\/fr\/wp-json\/wp\/v2\/media?parent=209"}],"wp:term":[{"taxonomy":"product_brand","embeddable":true,"href":"https:\/\/www.recolux-led.com\/fr\/wp-json\/wp\/v2\/product_brand?post=209"},{"taxonomy":"product_cat","embeddable":true,"href":"https:\/\/www.recolux-led.com\/fr\/wp-json\/wp\/v2\/product_cat?post=209"},{"taxonomy":"product_tag","embeddable":true,"href":"https:\/\/www.recolux-led.com\/fr\/wp-json\/wp\/v2\/product_tag?post=209"}],"curies":[{"name":"wp","href":"https:\/\/api.w.org\/{rel}","templated":true}]}}