{"id":579,"date":"2025-11-23T04:47:44","date_gmt":"2025-11-23T12:47:44","guid":{"rendered":"https:\/\/www.recolux-led.com\/?page_id=579"},"modified":"2025-11-23T06:27:07","modified_gmt":"2025-11-23T14:27:07","slug":"applications-declairage-etanches","status":"publish","type":"page","link":"https:\/\/www.recolux-led.com\/fr\/applications\/applications-declairage-etanches\/","title":{"rendered":"Applications d'\u00e9clairage \u00e9tanche"},"content":{"rendered":"<div class=\"wp-block-uagb-container uagb-block-dbf107e5 alignfull uagb-is-root-container\">\n<div class=\"wp-block-uagb-advanced-heading uagb-block-bb0fbe43\"><h1 class=\"uagb-heading-text\">\u00c9clairage \u00e9tanche<\/h1><p class=\"uagb-desc-text\">Haute performance IP et IK pour vos applications difficiles.<\/p><\/div>\n<\/div>\n\n\n\n<div class=\"wp-block-uagb-container uagb-block-ee3a534d alignfull uagb-is-root-container\"><div class=\"uagb-container-inner-blocks-wrap\">\n<div class=\"wp-block-uagb-tabs uagb-block-c8a0a93d uagb-tabs__wrap uagb-tabs__hstyle3-desktop uagb-tabs__vstyle6-tablet uagb-tabs__stack1-mobile\" data-tab-active=\"0\"><ul class=\"uagb-tabs__panel uagb-tabs__align-center\" role=\"tablist\"><li class=\"uagb-tab uagb-tabs__active\" role=\"none\"><a href=\"#uagb-tabs__tab0\" class=\"uagb-tabs-list uagb-tabs__icon-position-left\" data-tab=\"0\" role=\"tab\"><div>Ferme d'\u00e9levage de vaches - Allemagne du Nord<\/div><\/a><\/li><li class=\"uagb-tab\" role=\"none\"><a href=\"#uagb-tabs__tab1\" class=\"uagb-tabs-list uagb-tabs__icon-position-left\" data-tab=\"1\" role=\"tab\"><div>Ferme porcine - Danemark<\/div><\/a><\/li><li class=\"uagb-tab\" role=\"none\"><a href=\"#uagb-tabs__tab2\" class=\"uagb-tabs-list uagb-tabs__icon-position-left\" data-tab=\"2\" role=\"tab\"><div>Garage - Danemark<\/div><\/a><\/li><\/ul><div class=\"uagb-tabs__body-wrap\">\n<div class=\"wp-block-uagb-tabs-child uagb-tabs__body-container uagb-inner-tab-0\" aria-labelledby=\"uagb-tabs__tab0\">\n<div class=\"wp-block-uagb-image uagb-block-68ab5340 wp-block-uagb-image--layout-overlay wp-block-uagb-image--effect-static wp-block-uagb-image--align-none\"><figure class=\"wp-block-uagb-image__figure\"><img decoding=\"async\" srcset=\"https:\/\/www.recolux-led.com\/wp-content\/uploads\/2025\/11\/Cow-Farm-Northern-Germany-1.webp ,https:\/\/www.recolux-led.com\/wp-content\/uploads\/2025\/11\/Cow-Farm-Northern-Germany-1.webp 780w, https:\/\/www.recolux-led.com\/wp-content\/uploads\/2025\/11\/Cow-Farm-Northern-Germany-1.webp 360w\" sizes=\"auto, (max-width: 480px) 150px\" src=\"https:\/\/www.recolux-led.com\/wp-content\/uploads\/2025\/11\/Cow-Farm-Northern-Germany-1.webp\" alt=\"\" class=\"uag-image-584\" width=\"1800\" height=\"800\" title=\"Ferme \u00e0 vaches Allemagne du Nord 1\" loading=\"lazy\" role=\"img\"\/><div class=\"wp-block-uagb-image--layout-overlay__color-wrapper\"><\/div><div class=\"wp-block-uagb-image--layout-overlay__inner center-center\"><h2 class=\"uagb-image-heading\">Ferme d'\u00e9levage de vaches - Allemagne du Nord<\/h2><figcaption class=\"uagb-image-caption\">Luminaires tubulaires IP69K avec solution DT8 CCT, 2700K \u00e0 6500K contr\u00f4le DALI intelligent, simulant la lumi\u00e8re du jour pour offrir le meilleur environnement de croissance pour les vaches mignonnes. La mati\u00e8re premi\u00e8re est sp\u00e9ciale pour lutter contre l'ammoniac, ce qui permet aux luminaires d'avoir une dur\u00e9e de vie plus longue.<\/figcaption><\/div><\/figure><\/div>\n<\/div>\n\n\n\n<div class=\"wp-block-uagb-tabs-child uagb-tabs__body-container uagb-inner-tab-1\" aria-labelledby=\"uagb-tabs__tab1\">\n<div class=\"wp-block-uagb-image uagb-block-b803a5e4 wp-block-uagb-image--layout-overlay wp-block-uagb-image--effect-static wp-block-uagb-image--align-none\"><figure class=\"wp-block-uagb-image__figure\"><img decoding=\"async\" srcset=\"https:\/\/www.recolux-led.com\/wp-content\/uploads\/2025\/11\/Pig-Farm-Denmark-1.webp ,https:\/\/www.recolux-led.com\/wp-content\/uploads\/2025\/11\/Pig-Farm-Denmark-1.webp 780w, https:\/\/www.recolux-led.com\/wp-content\/uploads\/2025\/11\/Pig-Farm-Denmark-1.webp 360w\" sizes=\"auto, (max-width: 480px) 150px\" src=\"https:\/\/www.recolux-led.com\/wp-content\/uploads\/2025\/11\/Pig-Farm-Denmark-1.webp\" alt=\"\" class=\"uag-image-585\" width=\"1800\" height=\"800\" title=\"Ferme porcine Danemark 1\" loading=\"lazy\" role=\"img\"\/><div class=\"wp-block-uagb-image--layout-overlay__color-wrapper\"><\/div><div class=\"wp-block-uagb-image--layout-overlay__inner center-center\"><h2 class=\"uagb-image-heading\">Ferme porcine - Danemark<\/h2><figcaption class=\"uagb-image-caption\">Les lampes \u00e0 pinces rotatives permettent d'\u00e9clairer l'endroit de mani\u00e8re tr\u00e8s large.<\/figcaption><\/div><\/figure><\/div>\n<\/div>\n\n\n\n<div class=\"wp-block-uagb-tabs-child uagb-tabs__body-container uagb-inner-tab-2\" aria-labelledby=\"uagb-tabs__tab2\">\n<div class=\"wp-block-uagb-image uagb-block-16405721 wp-block-uagb-image--layout-overlay wp-block-uagb-image--effect-static wp-block-uagb-image--align-none\"><figure class=\"wp-block-uagb-image__figure\"><img decoding=\"async\" srcset=\"https:\/\/www.recolux-led.com\/wp-content\/uploads\/2025\/11\/Garage-Denmark.webp ,https:\/\/www.recolux-led.com\/wp-content\/uploads\/2025\/11\/Garage-Denmark.webp 780w, https:\/\/www.recolux-led.com\/wp-content\/uploads\/2025\/11\/Garage-Denmark.webp 360w\" sizes=\"auto, (max-width: 480px) 150px\" src=\"https:\/\/www.recolux-led.com\/wp-content\/uploads\/2025\/11\/Garage-Denmark.webp\" alt=\"\" class=\"uag-image-583\" width=\"1800\" height=\"800\" title=\"Garage Danemark\" loading=\"lazy\" role=\"img\"\/><div class=\"wp-block-uagb-image--layout-overlay__color-wrapper\"><\/div><div class=\"wp-block-uagb-image--layout-overlay__inner center-center\"><h2 class=\"uagb-image-heading\">Garage - Danemark<\/h2><figcaption class=\"uagb-image-caption\">E-open Tri-proof Light<\/figcaption><\/div><\/figure><\/div>\n<\/div>\n<\/div><\/div>\n<\/div><\/div>\n\n\n\n<div class=\"wp-block-uagb-container uagb-block-fa07dc53 alignfull uagb-is-root-container\"><div class=\"uagb-container-inner-blocks-wrap\">\n<div class=\"wp-block-uagb-advanced-heading uagb-block-f9787686\"><h2 class=\"uagb-heading-text\">Produit associ\u00e9<\/h2><div class=\"uagb-separator\"><\/div><\/div>\n\n\n<\/div><\/div>\n\n\n\n<div class=\"wp-block-uagb-container uagb-block-d4bf4c50 alignfull uagb-is-root-container\"><div class=\"uagb-container-inner-blocks-wrap\">\n<div class=\"wp-block-uagb-advanced-heading uagb-block-000ba8bb\"><h2 class=\"uagb-heading-text\">Articles connexes<\/h2><\/div>\n\n\n\n\t\t\t<div class=\"wp-block-uagb-post-carousel uagb-post-grid  uagb-post__image-position-top uagb-post__image-enabled uagb-block-b8266a01     uagb-post__arrow-outside uagb-post__items uagb-post__columns-3 is-carousel uagb-post__columns-tablet-2 uagb-post__columns-mobile-1\" data-total=\"1\" style=\"\">\n\n\t\t\t\t\t\t\t\t\t\t\t\t<article class=\"uagb-post__inner-wrap\">\t\t\t\t\t\t\t\t<h4 class=\"uagb-post__title uagb-post__text\">\n\t\t\t\t<a href=\"https:\/\/www.recolux-led.com\/fr\/services-de-connectivite\/\" target=\"_self\" rel=\"bookmark noopener noreferrer\">SERVICES DE CONNECTIVIT\u00c9<\/a>\n\t\t\t<\/h4>\n\t\t\t\t\t\t<div class='uagb-post__text uagb-post-grid-byline'>\n\t\t\t\t\t\t\t\t<time datetime=\"2025-11-12T05:50:41-08:00\" class=\"uagb-post__date\">\n\t\t\t\t<span class=\"dashicons-calendar dashicons\"><\/span>\t\t\t\t\t11\/12\/2025\t\t\t\t<\/time>\n\t\t\t\t\t\t<\/div>\n\t\t\t\t\t\t\t<div class='uagb-post__text uagb-post__excerpt'>\n\t\t\t\t\t<p>Le 30 octobre 2023, le salon international de l'\u00e9clairage de Hong Kong (\u00e9dition d'automne), qui s'est d\u00e9roul\u00e9 sur quatre jours, s'est achev\u00e9 sous...\t\t\t\t<\/div>\n\t\t\t\t\t\t<div class=\"uagb-post__text uagb-post__cta wp-block-button\">\n\t\t\t\t<a class=\"wp-block-button__link uagb-text-link\" style=\"\" href=\"https:\/\/www.recolux-led.com\/fr\/services-de-connectivite\/\" target=\"_self\" rel=\"bookmark noopener noreferrer\">Lire la suite<\/a>\n\t\t\t<\/div>\n\t\t\t\n\t\t\t\t\t\t\t\t\t<\/article>\n\t\t\t\t\t\t\t\t\t\t\t\t\t\t\t\t<article class=\"uagb-post__inner-wrap\">\t\t\t\t\t\t\t\t<div class='uagb-post__image'>\n\t\t\t\t\t\t\t\t\t<a href=\"https:\/\/www.recolux-led.com\/fr\/e-ligne\/\" target=\"_self\" rel=\"bookmark noopener noreferrer\"><img loading=\"lazy\" decoding=\"async\" width=\"1920\" height=\"970\" src=\"https:\/\/www.recolux-led.com\/wp-content\/uploads\/2025\/09\/4b135c42196da7f4328f99a7c5fe6151.webp\" class=\"attachment-large size-large\" alt=\"\" srcset=\"https:\/\/www.recolux-led.com\/wp-content\/uploads\/2025\/09\/4b135c42196da7f4328f99a7c5fe6151.webp 1920w, https:\/\/www.recolux-led.com\/wp-content\/uploads\/2025\/09\/4b135c42196da7f4328f99a7c5fe6151-768x388.webp 768w, https:\/\/www.recolux-led.com\/wp-content\/uploads\/2025\/09\/4b135c42196da7f4328f99a7c5fe6151-1536x776.webp 1536w, https:\/\/www.recolux-led.com\/wp-content\/uploads\/2025\/09\/4b135c42196da7f4328f99a7c5fe6151-600x303.webp 600w\" sizes=\"auto, (max-width: 1920px) 100vw, 1920px\" \/>\t\t\t\t\t<\/a>\n\t\t\t\t\t\t\t\t\t<\/div>\n\t\t\t\t\t\t<h4 class=\"uagb-post__title uagb-post__text\">\n\t\t\t\t<a href=\"https:\/\/www.recolux-led.com\/fr\/e-ligne\/\" target=\"_self\" rel=\"bookmark noopener noreferrer\">ligne \u00e9lectronique<\/a>\n\t\t\t<\/h4>\n\t\t\t\t\t\t<div class='uagb-post__text uagb-post-grid-byline'>\n\t\t\t\t\t\t\t\t<time datetime=\"2025-09-13T07:37:12-08:00\" class=\"uagb-post__date\">\n\t\t\t\t<span class=\"dashicons-calendar dashicons\"><\/span>\t\t\t\t\t09\/13\/2025\t\t\t\t<\/time>\n\t\t\t\t\t\t<\/div>\n\t\t\t\t\t\t\t<div class='uagb-post__text uagb-post__excerpt'>\n\t\t\t\t\tLe syst\u00e8me de chemins de c\u00e2bles lin\u00e9aires est un syst\u00e8me efficace, flexible et polyvalent qui offre des solutions d'\u00e9clairage pour divers...\t\t\t\t<\/div>\n\t\t\t\t\t\t<div class=\"uagb-post__text uagb-post__cta wp-block-button\">\n\t\t\t\t<a class=\"wp-block-button__link uagb-text-link\" style=\"\" href=\"https:\/\/www.recolux-led.com\/fr\/e-ligne\/\" target=\"_self\" rel=\"bookmark noopener noreferrer\">Lire la suite<\/a>\n\t\t\t<\/div>\n\t\t\t\n\t\t\t\t\t\t\t\t\t<\/article>\n\t\t\t\t\t\t\t\t\t\t\t<\/div>\n\t\t\t<\/div><\/div>","protected":false},"excerpt":{"rendered":"<p>Eclairage \u00e9tanche Haute performance IP et IK pour vos applications difficiles. Produit connexe Articles connexes<\/p>","protected":false},"author":1,"featured_media":0,"parent":45,"menu_order":0,"comment_status":"closed","ping_status":"closed","template":"","meta":{"_uag_custom_page_level_css":"","site-sidebar-layout":"default","site-content-layout":"","ast-site-content-layout":"default","site-content-style":"default","site-sidebar-style":"default","ast-global-header-display":"","ast-banner-title-visibility":"","ast-main-header-display":"","ast-hfb-above-header-display":"","ast-hfb-below-header-display":"","ast-hfb-mobile-header-display":"","site-post-title":"","ast-breadcrumbs-content":"","ast-featured-img":"","footer-sml-layout":"","ast-disable-related-posts":"","theme-transparent-header-meta":"","adv-header-id-meta":"","stick-header-meta":"","header-above-stick-meta":"","header-main-stick-meta":"","header-below-stick-meta":"","astra-migrate-meta-layouts":"default","ast-page-background-enabled":"default","ast-page-background-meta":{"desktop":{"background-color":"var(--ast-global-color-5)","background-image":"","background-repeat":"repeat","background-position":"center center","background-size":"auto","background-attachment":"scroll","background-type":"","background-media":"","overlay-type":"","overlay-color":"","overlay-opacity":"","overlay-gradient":""},"tablet":{"background-color":"","background-image":"","background-repeat":"repeat","background-position":"center center","background-size":"auto","background-attachment":"scroll","background-type":"","background-media":"","overlay-type":"","overlay-color":"","overlay-opacity":"","overlay-gradient":""},"mobile":{"background-color":"","background-image":"","background-repeat":"repeat","background-position":"center center","background-size":"auto","background-attachment":"scroll","background-type":"","background-media":"","overlay-type":"","overlay-color":"","overlay-opacity":"","overlay-gradient":""}},"ast-content-background-meta":{"desktop":{"background-color":"var(--ast-global-color-4)","background-image":"","background-repeat":"repeat","background-position":"center center","background-size":"auto","background-attachment":"scroll","background-type":"","background-media":"","overlay-type":"","overlay-color":"","overlay-opacity":"","overlay-gradient":""},"tablet":{"background-color":"var(--ast-global-color-4)","background-image":"","background-repeat":"repeat","background-position":"center center","background-size":"auto","background-attachment":"scroll","background-type":"","background-media":"","overlay-type":"","overlay-color":"","overlay-opacity":"","overlay-gradient":""},"mobile":{"background-color":"var(--ast-global-color-4)","background-image":"","background-repeat":"repeat","background-position":"center center","background-size":"auto","background-attachment":"scroll","background-type":"","background-media":"","overlay-type":"","overlay-color":"","overlay-opacity":"","overlay-gradient":""}},"footnotes":""},"class_list":["post-579","page","type-page","status-publish","hentry"],"spectra_custom_meta":{"_edit_lock":["1763908028:1"],"_edit_last":["1"],"_yoast_indexnow_last_ping":["1763908027"],"_yoast_wpseo_content_score":["90"],"_yoast_wpseo_inclusive_language_score":["90"],"_yoast_wpseo_focuskeywords":[""],"_yoast_wpseo_keywordsynonyms":[""],"_yoast_wpseo_estimated-reading-time-minutes":["1"],"_yoast_post_redirect_info":["a:4:{s:6:\"origin\";s:32:\"waterproof-lighting-applications\";s:6:\"target\";s:45:\"applications\/waterproof-lighting-applications\";s:4:\"type\";i:301;s:6:\"format\";s:5:\"plain\";}"],"rank_math_news_sitemap_robots":["index"],"rank_math_robots":["a:1:{i:0;s:5:\"index\";}"],"rank_math_og_content_image":["a:2:{s:5:\"check\";s:32:\"96b171689fd79faaeb2ce467713b345a\";s:6:\"images\";a:1:{i:0;i:584;}}"],"_uag_css_file_name":["uag-css-579.css"],"_uag_js_file_name":["uag-js-579.js"]},"uagb_featured_image_src":{"full":false,"thumbnail":false,"medium":false,"medium_large":false,"large":false,"1536x1536":false,"2048x2048":false,"trp-custom-language-flag":false,"woocommerce_thumbnail":false,"woocommerce_single":false,"woocommerce_gallery_thumbnail":false},"uagb_author_info":{"display_name":"r1e4c5olux","author_link":"https:\/\/www.recolux-led.com\/fr\/author\/r1e4c5olux\/"},"uagb_comment_info":0,"uagb_excerpt":"Waterproof Lighting High IP and IK performance for your harsh applications. Related Product Related articles","_links":{"self":[{"href":"https:\/\/www.recolux-led.com\/fr\/wp-json\/wp\/v2\/pages\/579","targetHints":{"allow":["GET"]}}],"collection":[{"href":"https:\/\/www.recolux-led.com\/fr\/wp-json\/wp\/v2\/pages"}],"about":[{"href":"https:\/\/www.recolux-led.com\/fr\/wp-json\/wp\/v2\/types\/page"}],"author":[{"embeddable":true,"href":"https:\/\/www.recolux-led.com\/fr\/wp-json\/wp\/v2\/users\/1"}],"replies":[{"embeddable":true,"href":"https:\/\/www.recolux-led.com\/fr\/wp-json\/wp\/v2\/comments?post=579"}],"version-history":[{"count":3,"href":"https:\/\/www.recolux-led.com\/fr\/wp-json\/wp\/v2\/pages\/579\/revisions"}],"predecessor-version":[{"id":596,"href":"https:\/\/www.recolux-led.com\/fr\/wp-json\/wp\/v2\/pages\/579\/revisions\/596"}],"up":[{"embeddable":true,"href":"https:\/\/www.recolux-led.com\/fr\/wp-json\/wp\/v2\/pages\/45"}],"wp:attachment":[{"href":"https:\/\/www.recolux-led.com\/fr\/wp-json\/wp\/v2\/media?parent=579"}],"curies":[{"name":"wp","href":"https:\/\/api.w.org\/{rel}","templated":true}]}}