{"id":47,"date":"2025-09-01T05:19:41","date_gmt":"2025-09-01T13:19:41","guid":{"rendered":"https:\/\/www.imzcl.com\/?page_id=47"},"modified":"2025-12-04T06:18:12","modified_gmt":"2025-12-04T14:18:12","slug":"oem-odm","status":"publish","type":"page","link":"https:\/\/www.recolux-led.com\/fr\/oem-odm\/","title":{"rendered":"OEM &amp; ODM"},"content":{"rendered":"<div class=\"wp-block-uagb-container uagb-block-a8e4f3fd alignfull uagb-is-root-container\">\n<div class=\"wp-block-uagb-advanced-heading uagb-block-289916ac\"><h1 class=\"uagb-heading-text\">OEM &amp; ODM<\/h1><p class=\"uagb-desc-text\">\u00c9clairage LED personnalis\u00e9, service complet OEM\/ODM<\/p><\/div>\n<\/div>\n\n\n\n<div class=\"wp-block-uagb-container uagb-block-4cbd3e38 alignfull uagb-is-root-container\"><div class=\"uagb-container-inner-blocks-wrap\">\n<div class=\"wp-block-uagb-container uagb-block-eb1d3281\"><\/div>\n\n\n\n<div class=\"wp-block-uagb-container uagb-block-7c03d63f\">\n<div class=\"wp-block-uagb-advanced-heading uagb-block-f61af73a\"><h2 class=\"uagb-heading-text\">Sp\u00e9cialiste en livraison de solutions personnalis\u00e9es<\/h2><p class=\"uagb-desc-text\">Nous nous engageons \u00e0 fournir des services sp\u00e9cialis\u00e9s et complets dans le domaine de l'\u00e9clairage int\u00e9rieur. Nos offres vont au-del\u00e0 des produits standard et comprennent le d\u00e9veloppement d'articles r\u00e9pondant \u00e0 des sp\u00e9cifications uniques et \u00e0 des exigences techniques sp\u00e9cialis\u00e9es. Notre \u00e9quipe de professionnels s'engage \u00e0 fournir une gamme compl\u00e8te de solutions d'\u00e9clairage personnalis\u00e9es, adapt\u00e9es \u00e0 vos besoins sp\u00e9cifiques, allant du choix des sources lumineuses et de la conception des luminaires \u00e0 l'int\u00e9gration de syst\u00e8mes de contr\u00f4le intelligents.<br><br>Que vous ayez des besoins sp\u00e9cifiques en mati\u00e8re d'\u00e9clairage pour un espace commercial ou que vous soyez confront\u00e9 \u00e0 un d\u00e9fi particulier dans un environnement industriel, nous sommes en mesure de cr\u00e9er des solutions sur mesure qui garantissent que l'effet lumineux s'harmonise parfaitement avec votre espace et ajoute un caract\u00e8re distinctif \u00e0 votre projet.<\/p><\/div>\n<\/div>\n<\/div><\/div>\n\n\n\n<div class=\"wp-block-uagb-container uagb-block-c702db74 alignfull uagb-is-root-container\"><div class=\"uagb-container-inner-blocks-wrap\"><\/div><\/div>\n\n\n\n<div class=\"wp-block-uagb-container uagb-block-e861bc07 alignfull uagb-is-root-container\"><div class=\"uagb-container-inner-blocks-wrap\">\n<div class=\"wp-block-uagb-slider uagb-block-d639e4a8 uagb-slider-container\"><div class=\"uagb-slides uagb-swiper\"><div class=\"swiper-wrapper\">\n<div class=\"wp-block-uagb-slider-child uagb-slider-child-wrap swiper-slide uagb-block-a51db9a8\"><div class=\"swiper-content\">\n<div class=\"wp-block-uagb-container uagb-block-55519f8c\">\n<div class=\"wp-block-uagb-info-box uagb-block-62dabd52 uagb-infobox__content-wrap  uagb-infobox-icon-above-title uagb-infobox-image-valign-top\"><div class=\"uagb-ifb-content\"><div class=\"uagb-ifb-image-content\"><img decoding=\"async\" src=\"https:\/\/www.recolux-led.com\/wp-content\/uploads\/2025\/11\/x-oed3.svg\" alt=\"\" width=\"\" height=\"0\" loading=\"lazy\"\/><\/div><div class=\"uagb-ifb-title-wrap\"><h3 class=\"uagb-ifb-title\">Recherche et d\u00e9veloppement<\/h3><\/div><p class=\"uagb-ifb-desc\">La recherche et le d\u00e9veloppement de produits constituent notre c\u0153ur de m\u00e9tier et notre moteur de croissance rapide. Nos ing\u00e9nieurs en R&amp;D ont plus de 15 ans d'exp\u00e9rience dans l'industrie des LED et poss\u00e8dent des CV professionnels dans des soci\u00e9t\u00e9s cot\u00e9es en bourse dans le secteur de l'\u00e9clairage. Une \u00e9quipe exp\u00e9riment\u00e9e de 16 personnes et des ing\u00e9nieurs en R&amp;D professionnels r\u00e9alisent des conceptions scientifiques et innovantes.<\/p><\/div><\/div>\n<\/div>\n<\/div><\/div>\n\n\n\n<div class=\"wp-block-uagb-slider-child uagb-slider-child-wrap swiper-slide uagb-block-6fb05b79\"><div class=\"swiper-content\">\n<div class=\"wp-block-uagb-container uagb-block-92ede812\">\n<div class=\"wp-block-uagb-info-box uagb-block-2a6f92be uagb-infobox__content-wrap  uagb-infobox-icon-above-title uagb-infobox-image-valign-top\"><div class=\"uagb-ifb-content\"><div class=\"uagb-ifb-image-content\"><img decoding=\"async\" src=\"https:\/\/www.recolux-led.com\/wp-content\/uploads\/2025\/11\/x-oed4.svg\" alt=\"\" width=\"\" height=\"0\" loading=\"lazy\"\/><\/div><div class=\"uagb-ifb-title-wrap\"><h3 class=\"uagb-ifb-title\">\u00c9CONOMIE DE CO\u00dbTS<\/h3><\/div><p class=\"uagb-ifb-desc\">En \u00e9conomisant du temps et des ressources lors de la conception du produit, les clients peuvent non seulement minimiser les co\u00fbts, mais aussi profiter des \u00e9conomies d'\u00e9chelle r\u00e9alis\u00e9es par un fabricant ODM comme nous.<\/p><\/div><\/div>\n<\/div>\n<\/div><\/div>\n\n\n\n<div class=\"wp-block-uagb-slider-child uagb-slider-child-wrap swiper-slide uagb-block-9d7a2263\"><div class=\"swiper-content\">\n<div class=\"wp-block-uagb-container uagb-block-9cd26a5c\">\n<div class=\"wp-block-uagb-info-box uagb-block-7ba3bcb2 uagb-infobox__content-wrap  uagb-infobox-icon-above-title uagb-infobox-image-valign-top\"><div class=\"uagb-ifb-content\"><div class=\"uagb-ifb-image-content\"><img decoding=\"async\" src=\"https:\/\/www.recolux-led.com\/wp-content\/uploads\/2025\/11\/x-oed5.svg\" alt=\"\" width=\"\" height=\"0\" loading=\"lazy\"\/><\/div><div class=\"uagb-ifb-title-wrap\"><h3 class=\"uagb-ifb-title\">TEST DES PRODUITS<\/h3><\/div><p class=\"uagb-ifb-desc\">Notre propre laboratoire d'essai garantit que tous les nouveaux produits sont con\u00e7us dans un souci de s\u00e9curit\u00e9 et de fiabilit\u00e9. Tous les produits sont con\u00e7us pour \u00eatre conformes aux normes strictes de l'UE.<\/p><\/div><\/div>\n<\/div>\n<\/div><\/div>\n<\/div><\/div><div class=\"swiper-pagination\"><\/div><div class=\"swiper-button-prev\"><\/div><div class=\"swiper-button-next\"><\/div><\/div>\n<\/div><\/div>\n\n\n\n<div class=\"wp-block-uagb-container uagb-block-de861a6a alignfull uagb-is-root-container\"><div class=\"uagb-container-inner-blocks-wrap\">\n<div class=\"wp-block-uagb-container uagb-block-ddb055e3\">\n<div class=\"wp-block-uagb-image uagb-block-05571828 wp-block-uagb-image--layout-default wp-block-uagb-image--effect-static wp-block-uagb-image--align-none\"><figure class=\"wp-block-uagb-image__figure\"><img decoding=\"async\" srcset=\"https:\/\/www.recolux-led.com\/wp-content\/uploads\/2025\/11\/de41c8067591835a8328c171015d8446.webp ,https:\/\/www.recolux-led.com\/wp-content\/uploads\/2025\/11\/de41c8067591835a8328c171015d8446.webp 780w, https:\/\/www.recolux-led.com\/wp-content\/uploads\/2025\/11\/de41c8067591835a8328c171015d8446.webp 360w\" sizes=\"auto, (max-width: 480px) 150px\" src=\"https:\/\/www.recolux-led.com\/wp-content\/uploads\/2025\/11\/de41c8067591835a8328c171015d8446.webp\" alt=\"\" class=\"uag-image-626\" width=\"800\" height=\"610\" title=\"de41c8067591835a8328c171015d8446\" loading=\"lazy\" role=\"img\"\/><\/figure><\/div>\n<\/div>\n\n\n\n<div class=\"wp-block-uagb-container uagb-block-9ea4715e\">\n<div class=\"wp-block-uagb-info-box uagb-block-9e232d4d uagb-infobox__content-wrap  uagb-infobox-icon-above-title uagb-infobox-image-valign-top\"><div class=\"uagb-ifb-content\"><div class=\"uagb-ifb-title-wrap\"><h3 class=\"uagb-ifb-title\">Personnalisons<\/h3><\/div><p class=\"uagb-ifb-desc\">Nous savons que malgr\u00e9 notre vaste gamme de produits, certains projets ont des exigences encore plus strictes. C'est pourquoi nous voulons r\u00e9aliser avec vous les souhaits de vos clients, aussi inhabituels soient-ils. N'h\u00e9sitez pas \u00e0 nous contacter.<\/p><div class=\"uagb-ifb-button-wrapper wp-block-button\"><a href=\"#\" class=\"uagb-infobox-cta-link wp-block-button__link\" target=\"_self\" rel=\"noopener noreferrer\" onclick=\"return false;\"><span class=\"uagb-inline-editing\">Nous contacter<\/span><svg xmlns=\"https:\/\/www.w3.org\/2000\/svg\" viewbox=\"0 0 512 512\"><path d=\"M504.3 273.6l-112.1 104c-6.992 6.484-17.18 8.218-25.94 4.406c-8.758-3.812-14.42-12.45-14.42-21.1L351.9 288H32C14.33 288 .0002 273.7 .0002 255.1S14.33 224 32 224h319.9l0-72c0-9.547 5.66-18.19 14.42-22c8.754-3.809 18.95-2.075 25.94 4.41l112.1 104C514.6 247.9 514.6 264.1 504.3 273.6z\"><\/path><\/svg><\/a><\/div><\/div><\/div>\n<\/div>\n<\/div><\/div>\n\n\n\n<div class=\"wp-block-uagb-container uagb-block-51116fdb alignfull uagb-is-root-container\"><div class=\"uagb-container-inner-blocks-wrap\">\n<div class=\"wp-block-uagb-container uagb-block-d3d18471\"><\/div>\n\n\n\n<div class=\"wp-block-uagb-container uagb-block-5bf18a4f\">\n<div class=\"wp-block-uagb-info-box uagb-block-6c0c3cd8 uagb-infobox__content-wrap  uagb-infobox-icon-above-title uagb-infobox-image-valign-top\"><div class=\"uagb-ifb-content\"><div class=\"uagb-ifb-title-wrap\"><h3 class=\"uagb-ifb-title\">Luminaire r\u00e9sistant aux balles<\/h3><\/div><p class=\"uagb-ifb-desc\">Ce produit a \u00e9t\u00e9 personnalis\u00e9 pour l'un des terrains couverts du client, qui avait besoin d'un luminaire class\u00e9 IK10, garantissant qu'il resterait intact et ne tomberait pas sous l'impact d'un ballon. Nous avons con\u00e7u une grille m\u00e9tallique pour prot\u00e9ger l'ext\u00e9rieur du luminaire contre les chocs, conforme aux normes DIN 18032-3 et DIN 57710-13. Le client a \u00e9t\u00e9 tr\u00e8s satisfait du r\u00e9sultat final.<\/p><div class=\"uagb-ifb-button-wrapper wp-block-button\"><a href=\"#\" class=\"uagb-infobox-cta-link wp-block-button__link\" target=\"_self\" rel=\"noopener noreferrer\" onclick=\"return false;\"><span class=\"uagb-inline-editing\">Nous contacter<\/span><svg xmlns=\"https:\/\/www.w3.org\/2000\/svg\" viewbox=\"0 0 512 512\"><path d=\"M504.3 273.6l-112.1 104c-6.992 6.484-17.18 8.218-25.94 4.406c-8.758-3.812-14.42-12.45-14.42-21.1L351.9 288H32C14.33 288 .0002 273.7 .0002 255.1S14.33 224 32 224h319.9l0-72c0-9.547 5.66-18.19 14.42-22c8.754-3.809 18.95-2.075 25.94 4.41l112.1 104C514.6 247.9 514.6 264.1 504.3 273.6z\"><\/path><\/svg><\/a><\/div><\/div><\/div>\n<\/div>\n<\/div><\/div>\n\n\n\n<div class=\"wp-block-uagb-container uagb-block-c5203a9a alignfull uagb-is-root-container\"><div class=\"uagb-container-inner-blocks-wrap\"><\/div><\/div>\n\n\n\n<div class=\"wp-block-uagb-container uagb-block-a59fa9f3 alignfull uagb-is-root-container\"><div class=\"uagb-container-inner-blocks-wrap\">\n<div class=\"wp-block-uagb-image uagb-block-43b52cf0 wp-block-uagb-image--layout-default wp-block-uagb-image--effect-static wp-block-uagb-image--align-none\"><figure class=\"wp-block-uagb-image__figure\"><img decoding=\"async\" srcset=\"https:\/\/www.recolux-led.com\/wp-content\/uploads\/2025\/12\/05e61a6175a096b5156dcdff6b0c6a85.webp ,https:\/\/www.recolux-led.com\/wp-content\/uploads\/2025\/12\/05e61a6175a096b5156dcdff6b0c6a85.webp 780w, https:\/\/www.recolux-led.com\/wp-content\/uploads\/2025\/12\/05e61a6175a096b5156dcdff6b0c6a85.webp 360w\" sizes=\"auto, (max-width: 480px) 150px\" src=\"https:\/\/www.recolux-led.com\/wp-content\/uploads\/2025\/12\/05e61a6175a096b5156dcdff6b0c6a85.webp\" alt=\"\" class=\"uag-image-646\" width=\"940\" height=\"453\" title=\"05e61a6175a096b5156dcdff6b0c6a85\" loading=\"lazy\" role=\"img\"\/><\/figure><\/div>\n\n\n\n<div class=\"wp-block-uagb-info-box uagb-block-ba6d0990 uagb-infobox__content-wrap  uagb-infobox-icon-above-title uagb-infobox-image-valign-top\"><div class=\"uagb-ifb-content\"><div class=\"uagb-ifb-title-wrap\"><h3 class=\"uagb-ifb-title\">Luminaire magn\u00e9tique \u00e0 rail<\/h3><\/div><p class=\"uagb-ifb-desc\">Une solution d'\u00e9clairage magn\u00e9tique \u00e9conomique, initialement inspir\u00e9e de notre conception de r\u00e9glette lumineuse. Gr\u00e2ce \u00e0 son plan isol\u00e9, ce luminaire peut \u00eatre mont\u00e9 \u00e0 la main par des \u00e9lectriciens sur le bo\u00eetier m\u00e9tallique existant. Il s'agit d'une solution rapide et flexible pour remplacer les anciens panneaux \u00e9quip\u00e9s de tubes fluorescents. Gagnez du temps et r\u00e9duisez vos co\u00fbts gr\u00e2ce \u00e0 un montage facile des lampes LED.<\/p><\/div><\/div>\n<\/div><\/div>\n\n\n\n<div class=\"wp-block-uagb-container uagb-block-521e8536 alignfull uagb-is-root-container\"><div class=\"uagb-container-inner-blocks-wrap\"><\/div><\/div>\n\n\n\n<div class=\"wp-block-uagb-container uagb-block-552067ac alignfull uagb-is-root-container\"><div class=\"uagb-container-inner-blocks-wrap\">\n<div class=\"wp-block-uagb-image uagb-block-64b1d9d7 wp-block-uagb-image--layout-default wp-block-uagb-image--effect-static wp-block-uagb-image--align-none\"><figure class=\"wp-block-uagb-image__figure\"><img decoding=\"async\" srcset=\"https:\/\/www.recolux-led.com\/wp-content\/uploads\/2025\/12\/1e85c7968521e22fd9286b688b6fb96b.webp ,https:\/\/www.recolux-led.com\/wp-content\/uploads\/2025\/12\/1e85c7968521e22fd9286b688b6fb96b.webp 780w, https:\/\/www.recolux-led.com\/wp-content\/uploads\/2025\/12\/1e85c7968521e22fd9286b688b6fb96b.webp 360w\" sizes=\"auto, (max-width: 480px) 150px\" src=\"https:\/\/www.recolux-led.com\/wp-content\/uploads\/2025\/12\/1e85c7968521e22fd9286b688b6fb96b.webp\" alt=\"\" class=\"uag-image-658\" width=\"940\" height=\"453\" title=\"1e85c7968521e22fd9286b688b6fb96b\" loading=\"lazy\" role=\"img\"\/><\/figure><\/div>\n\n\n\n<div class=\"wp-block-uagb-info-box uagb-block-42ca854c uagb-infobox__content-wrap  uagb-infobox-icon-above-title uagb-infobox-image-valign-top\"><div class=\"uagb-ifb-content\"><div class=\"uagb-ifb-title-wrap\"><h3 class=\"uagb-ifb-title\">C\u00e2blage et luminaire tri-proof<\/h3><\/div><p class=\"uagb-ifb-desc\">Dans certains cas d'installation de nombreux luminaires, le c\u00e2blage est complexe et co\u00fbteux. Cela augmente les co\u00fbts de main-d'\u0153uvre et les d\u00e9penses inutiles. Notre luminaire tri-proof \u201c E-plus \u201d utilise des fils traversants de 5 \u00d7 2,5 mm\u00b2, ce qui permet d'augmenter le nombre de luminaires pouvant \u00eatre connect\u00e9s, r\u00e9duisant ainsi les co\u00fbts d'installation pour le client. Le commutateur \u00e0 trois phases sous tension rend vos projets beaucoup plus flexibles et intelligents.<\/p><div class=\"uagb-ifb-button-wrapper wp-block-button\"><a href=\"#\" class=\"uagb-infobox-cta-link wp-block-button__link\" target=\"_self\" rel=\"noopener noreferrer\" onclick=\"return false;\"><span class=\"uagb-inline-editing\">Lire la suite<\/span><svg xmlns=\"https:\/\/www.w3.org\/2000\/svg\" viewbox=\"0 0 512 512\"><path d=\"M504.3 273.6l-112.1 104c-6.992 6.484-17.18 8.218-25.94 4.406c-8.758-3.812-14.42-12.45-14.42-21.1L351.9 288H32C14.33 288 .0002 273.7 .0002 255.1S14.33 224 32 224h319.9l0-72c0-9.547 5.66-18.19 14.42-22c8.754-3.809 18.95-2.075 25.94 4.41l112.1 104C514.6 247.9 514.6 264.1 504.3 273.6z\"><\/path><\/svg><\/a><\/div><\/div><\/div>\n<\/div><\/div>","protected":false},"excerpt":{"rendered":"<p>OEM &amp; ODM Custom LED lighting, OEM\/ODM full service Customized Solutions Delivery Specialist We are dedicated to providing specialized and [&hellip;]<\/p>\n","protected":false},"author":1,"featured_media":0,"parent":0,"menu_order":0,"comment_status":"closed","ping_status":"closed","template":"","meta":{"_uag_custom_page_level_css":"","site-sidebar-layout":"default","site-content-layout":"","ast-site-content-layout":"default","site-content-style":"default","site-sidebar-style":"default","ast-global-header-display":"","ast-banner-title-visibility":"","ast-main-header-display":"","ast-hfb-above-header-display":"","ast-hfb-below-header-display":"","ast-hfb-mobile-header-display":"","site-post-title":"","ast-breadcrumbs-content":"","ast-featured-img":"","footer-sml-layout":"","ast-disable-related-posts":"","theme-transparent-header-meta":"","adv-header-id-meta":"","stick-header-meta":"","header-above-stick-meta":"","header-main-stick-meta":"","header-below-stick-meta":"","astra-migrate-meta-layouts":"default","ast-page-background-enabled":"default","ast-page-background-meta":{"desktop":{"background-color":"var(--ast-global-color-5)","background-image":"","background-repeat":"repeat","background-position":"center center","background-size":"auto","background-attachment":"scroll","background-type":"","background-media":"","overlay-type":"","overlay-color":"","overlay-opacity":"","overlay-gradient":""},"tablet":{"background-color":"","background-image":"","background-repeat":"repeat","background-position":"center center","background-size":"auto","background-attachment":"scroll","background-type":"","background-media":"","overlay-type":"","overlay-color":"","overlay-opacity":"","overlay-gradient":""},"mobile":{"background-color":"","background-image":"","background-repeat":"repeat","background-position":"center center","background-size":"auto","background-attachment":"scroll","background-type":"","background-media":"","overlay-type":"","overlay-color":"","overlay-opacity":"","overlay-gradient":""}},"ast-content-background-meta":{"desktop":{"background-color":"var(--ast-global-color-4)","background-image":"","background-repeat":"repeat","background-position":"center center","background-size":"auto","background-attachment":"scroll","background-type":"","background-media":"","overlay-type":"","overlay-color":"","overlay-opacity":"","overlay-gradient":""},"tablet":{"background-color":"var(--ast-global-color-4)","background-image":"","background-repeat":"repeat","background-position":"center center","background-size":"auto","background-attachment":"scroll","background-type":"","background-media":"","overlay-type":"","overlay-color":"","overlay-opacity":"","overlay-gradient":""},"mobile":{"background-color":"var(--ast-global-color-4)","background-image":"","background-repeat":"repeat","background-position":"center center","background-size":"auto","background-attachment":"scroll","background-type":"","background-media":"","overlay-type":"","overlay-color":"","overlay-opacity":"","overlay-gradient":""}},"footnotes":""},"class_list":["post-47","page","type-page","status-publish","hentry"],"spectra_custom_meta":{"_edit_lock":["1764857912:1"],"_edit_last":["1"],"_yoast_indexnow_last_ping":["1764857827"],"_yoast_wpseo_content_score":["60"],"_yoast_wpseo_focuskeywords":[""],"_yoast_wpseo_keywordsynonyms":[""],"_yoast_wpseo_estimated-reading-time-minutes":["4"],"_yoast_wpseo_inclusive_language_score":["90"],"rank_math_news_sitemap_robots":["index"],"rank_math_robots":["a:1:{i:0;s:5:\"index\";}"],"rank_math_og_content_image":["a:2:{s:5:\"check\";s:32:\"e5e6d02279bb0de4ab94b35661499aad\";s:6:\"images\";a:4:{i:0;i:618;i:1;i:619;i:2;i:620;i:3;i:626;}}"],"_uag_css_file_name":["uag-css-47.css"],"_uag_js_file_name":["uag-js-47.js"]},"uagb_featured_image_src":{"full":false,"thumbnail":false,"medium":false,"medium_large":false,"large":false,"1536x1536":false,"2048x2048":false,"trp-custom-language-flag":false,"woocommerce_thumbnail":false,"woocommerce_single":false,"woocommerce_gallery_thumbnail":false},"uagb_author_info":{"display_name":"r1e4c5olux","author_link":"https:\/\/www.recolux-led.com\/fr\/author\/r1e4c5olux\/"},"uagb_comment_info":0,"uagb_excerpt":"OEM &amp; ODM Custom LED lighting, OEM\/ODM full service Customized Solutions Delivery Specialist We are dedicated to providing specialized and [&hellip;]","_links":{"self":[{"href":"https:\/\/www.recolux-led.com\/fr\/wp-json\/wp\/v2\/pages\/47","targetHints":{"allow":["GET"]}}],"collection":[{"href":"https:\/\/www.recolux-led.com\/fr\/wp-json\/wp\/v2\/pages"}],"about":[{"href":"https:\/\/www.recolux-led.com\/fr\/wp-json\/wp\/v2\/types\/page"}],"author":[{"embeddable":true,"href":"https:\/\/www.recolux-led.com\/fr\/wp-json\/wp\/v2\/users\/1"}],"replies":[{"embeddable":true,"href":"https:\/\/www.recolux-led.com\/fr\/wp-json\/wp\/v2\/comments?post=47"}],"version-history":[{"count":36,"href":"https:\/\/www.recolux-led.com\/fr\/wp-json\/wp\/v2\/pages\/47\/revisions"}],"predecessor-version":[{"id":665,"href":"https:\/\/www.recolux-led.com\/fr\/wp-json\/wp\/v2\/pages\/47\/revisions\/665"}],"wp:attachment":[{"href":"https:\/\/www.recolux-led.com\/fr\/wp-json\/wp\/v2\/media?parent=47"}],"curies":[{"name":"wp","href":"https:\/\/api.w.org\/{rel}","templated":true}]}}