{"id":221,"date":"2025-11-01T06:50:11","date_gmt":"2025-11-01T14:50:11","guid":{"rendered":"https:\/\/www.imzcl.com\/?post_type=product&#038;p=221"},"modified":"2025-12-28T01:37:22","modified_gmt":"2025-12-28T09:37:22","slug":"e-evolucion","status":"publish","type":"product","link":"https:\/\/www.recolux-led.com\/es\/product\/e-evolucion\/","title":{"rendered":"E-evoluci\u00f3n"},"content":{"rendered":"<div class=\"uagb-position__sticky wp-block-uagb-container uagb-block-588244b7 alignfull uagb-is-root-container\"><div class=\"uagb-container-inner-blocks-wrap\">\r\n<div class=\"wp-block-uagb-advanced-heading uagb-block-b3121f28\"><div class=\"uagb-heading-text\"><strong><a href=\"#spec\">Specifications<\/a><\/strong><\/div><\/div>\r\n\r\n\r\n\r\n<div class=\"wp-block-uagb-advanced-heading uagb-block-3a9c2004\"><div class=\"uagb-heading-text\"><strong><a href=\"#faq\">Preguntas frecuentes<\/a><\/strong><\/div><\/div>\r\n<\/div><\/div>\r\n\r\n\r\n\r\n<div id=\"spec\" class=\"wp-block-uagb-container uagb-block-3e868c81 alignfull uagb-is-root-container\"><div class=\"uagb-container-inner-blocks-wrap\">\r\n<div class=\"wp-block-uagb-advanced-heading uagb-block-c49a67ac\"><h2 class=\"uagb-heading-text\">Technical Specifications<\/h2><\/div>\r\n\r\n\r\n\r\n<figure class=\"wp-block-table is-style-stripes\" style=\"font-size:14px;line-height:1.2\"><table><tbody><tr><td>1<\/td><td>T072S3-20-P2<\/td><td>20W switchable<\/td><td>140<\/td><td>ON\/OFF<\/td><td>600mm<\/td><\/tr><tr><td>2<\/td><td>T072S3-20XX-T9<\/td><td>20W switchable<\/td><td>140<\/td><td>ON\/OFF<\/td><td>600mm<\/td><\/tr><tr><td>3<\/td><td>T074S3-40-P2<\/td><td>40W switchable<\/td><td>150<\/td><td>ON\/OFF<\/td><td>1200mm<\/td><\/tr><tr><td>4<\/td><td>T074S3-40XX-T9<\/td><td>40W switchable<\/td><td>150<\/td><td>ON\/OFF<\/td><td>1200mm<\/td><\/tr><tr><td>5<\/td><td>T074S5-40-P4<\/td><td>40W<\/td><td>150<\/td><td>DALI2<\/td><td>1200mm<\/td><\/tr><tr><td>6<\/td><td>T074S5-40XX-P4<\/td><td>40w<\/td><td>150<\/td><td>DALI2<\/td><td>1200mm<\/td><\/tr><tr><td>7<\/td><td>T075S3-45-P2<\/td><td>45W switchable<\/td><td>160<\/td><td>ON\/OFF<\/td><td>1500mm<\/td><\/tr><tr><td>8<\/td><td>T075S3-45XX-T9<\/td><td>45W switchable<\/td><td>160<\/td><td>ON\/OFF<\/td><td>1500mm<\/td><\/tr><tr><td>9<\/td><td>T075S3-60-P2<\/td><td>60W switchable<\/td><td>150<\/td><td>ON\/OFF<\/td><td>1500mm<\/td><\/tr><tr><td>10<\/td><td>T075S3-60-P2<\/td><td>60W switchable<\/td><td>150<\/td><td>ON\/OFF<\/td><td>1500mm<\/td><\/tr><tr><td>11<\/td><td>T075S5-60-P4<\/td><td>60W<\/td><td>150<\/td><td>DALI2<\/td><td>1500mm<\/td><\/tr><tr><td>12<\/td><td>T075S5-60XX-P4<\/td><td>60w<\/td><td>150<\/td><td>DALI2<\/td><td>1500mm<\/td><\/tr><\/tbody><\/table><\/figure>\r\n<\/div><\/div>\r\n\r\n\r\n\r\n<div class=\"wp-block-uagb-container uagb-block-49fb23a4 alignfull uagb-is-root-container\"><div class=\"uagb-container-inner-blocks-wrap\">\r\n<div class=\"wp-block-uagb-advanced-heading uagb-block-1f047439\"><h2 class=\"uagb-heading-text\">GENERAL DATA<\/h2><\/div>\r\n\r\n\r\n\r\n<figure class=\"wp-block-table is-style-stripes\" style=\"font-size:14px;line-height:1.2\"><table><tbody><tr><td><strong>Dimension<\/strong><\/td><td>600mm<\/td><\/tr><tr><td><strong>Material<\/strong><\/td><td>Aluminum+PC@Milky cover<\/td><\/tr><tr><td><strong>Luminaire Colour<\/strong><\/td><td>PC White<\/td><\/tr><tr><td><strong>Protection Class<\/strong><\/td><td>IP65<\/td><\/tr><tr><td><strong>Shock Resistance Category<\/strong><\/td><td>IK08<\/td><\/tr><tr><td><strong>Operating Temperature<\/strong><\/td><td>-20\u00b0 + 40\u00b0C<\/td><\/tr><tr><td><strong>Storing Temperature<\/strong><\/td><td>-25\u00b0 + 65\u00b0C<\/td><\/tr><tr><td><strong>Certificates<\/strong><\/td><td>ENEC, CE, D-Mark, RoHs<\/td><\/tr><tr><td><strong>Warranty<\/strong><\/td><td>5 years<\/td><\/tr><\/tbody><\/table><\/figure>\r\n<\/div><\/div>\r\n\r\n\r\n\r\n<div class=\"wp-block-uagb-container uagb-block-aba5776a alignfull uagb-is-root-container\"><div class=\"uagb-container-inner-blocks-wrap\">\r\n<div class=\"wp-block-uagb-advanced-heading uagb-block-0ac20b04\"><h2 class=\"uagb-heading-text\">ELECTRICAL DATA<\/h2><\/div>\r\n\r\n\r\n\r\n<figure class=\"wp-block-table is-style-stripes\" style=\"font-size:14px;line-height:1.2\"><table><tbody><tr><td><strong>Function<\/strong><\/td><td>ON\/OFF<\/td><\/tr><tr><td><strong>Driver<\/strong><\/td><td>Philips<\/td><\/tr><tr><td><strong>Nominal Wattage<\/strong><\/td><td>20W-17W-14W-12W by Switch<\/td><\/tr><tr><td><strong>Mains Frequency<\/strong><\/td><td>0\/50\/60Hz<\/td><\/tr><tr><td><strong>Voltage<\/strong><\/td><td>AC\/DC 220-240V<\/td><\/tr><tr><td><strong>Input Current<\/strong><\/td><td>100mA<\/td><\/tr><tr><td><strong>Power Factor \u03bb<\/strong><\/td><td>0.95<\/td><\/tr><tr><td><strong>Inrush Current I Peak<\/strong><\/td><td>12.3A<\/td><\/tr><tr><td><strong>Inrush Current T Width<\/strong><\/td><td>223\u03bcs<\/td><\/tr><tr><td><strong>MCB B Type 10A<\/strong><\/td><td>47<\/td><\/tr><tr><td><strong>MCB B Type 16A<\/strong><\/td><td>76<\/td><\/tr><tr><td><strong>MCB C Type 10A<\/strong><\/td><td>79<\/td><\/tr><tr><td><strong>MCB C Type 16A<\/strong><\/td><td>129<\/td><\/tr><tr><td><strong>Switching Cycles Before Failure<\/strong><\/td><td>&gt; 500,000<\/td><\/tr><tr><td><strong>Protection Class IEC<\/strong><\/td><td>Safety Class I<\/td><\/tr><tr><td><strong>PstLM<\/strong><\/td><td>\u22640.1<\/td><\/tr><tr><td><strong>SVM<\/strong><\/td><td>\u22640.1<\/td><\/tr><tr><td><strong>THD<\/strong><\/td><td>&lt;14%<\/td><\/tr><tr><td><strong>Glow Wire Test (\u00b0C)<\/strong><\/td><td>650\u00b0C<\/td><\/tr><tr><td><strong>Central Emergency Pass<\/strong><\/td><td>Yes, EL marked<\/td><\/tr><tr><td><strong>Self-contained Emergency<\/strong><\/td><td>Optional<\/td><\/tr><\/tbody><\/table><\/figure>\r\n<\/div><\/div>\r\n\r\n\r\n\r\n<div class=\"wp-block-uagb-container uagb-block-582780b6 alignfull uagb-is-root-container\"><div class=\"uagb-container-inner-blocks-wrap\">\r\n<div class=\"wp-block-uagb-advanced-heading uagb-block-cd255329\"><h2 class=\"uagb-heading-text\">PHOTOMETRICAL DATA<\/h2><\/div>\r\n\r\n\r\n\r\n<figure class=\"wp-block-table is-style-stripes\" style=\"font-size:14px;line-height:1.2\"><table><tbody><tr><td><strong>LED Chip<\/strong><\/td><td>SANAN<\/td><\/tr><tr><td><strong>Color Temperature<\/strong><\/td><td>3000\/4000\/5000\/6000K<\/td><\/tr><tr><td><strong>LM\/W<\/strong><\/td><td>140lm\/w<\/td><\/tr><tr><td><strong>Lumen<\/strong><\/td><td>Max 2,800<\/td><\/tr><tr><td><strong>CRI\/RA<\/strong><\/td><td>CRI&gt;80 or &gt;90<\/td><\/tr><tr><td><strong>SDCM<\/strong><\/td><td>SDCM&lt;5 or &lt;3<\/td><\/tr><tr><td><strong>Beam Angle<\/strong><\/td><td>Milky cover 130\u00b0<\/td><\/tr><tr><td><strong>UGR<\/strong><\/td><td>&lt;27<\/td><\/tr><tr><td><strong>L80<\/strong><\/td><td>100,000H<\/td><\/tr><\/tbody><\/table><\/figure>\r\n<\/div><\/div>\r\n\r\n\r\n\r\n<div class=\"wp-block-uagb-container uagb-block-c026b970 alignfull uagb-is-root-container\"><div class=\"uagb-container-inner-blocks-wrap\">\r\n<div class=\"wp-block-uagb-advanced-heading uagb-block-25d52bb4\"><h2 class=\"uagb-heading-text\">PACKAGE DATA<\/h2><\/div>\r\n\r\n\r\n\r\n<figure class=\"wp-block-table is-style-stripes\" style=\"font-size:14px;line-height:1.2\"><table><tbody><tr><td><strong>Packing Unit<\/strong><\/td><td>6pcs<\/td><\/tr><tr><td><strong>Carton Dimensions<\/strong><\/td><td>730x285x180mm<\/td><\/tr><tr><td><strong>Gross Weight<\/strong><\/td><td>6.5KG<\/td><\/tr><\/tbody><\/table><\/figure>\r\n<\/div><\/div>\r\n\r\n\r\n\r\n<div id=\"faq\" class=\"wp-block-uagb-container uagb-block-0d674c38 alignfull uagb-is-root-container\"><div class=\"uagb-container-inner-blocks-wrap\">\r\n<div class=\"wp-block-uagb-advanced-heading uagb-block-26ca7093\"><h2 class=\"uagb-heading-text\">Preguntas frecuentes<\/h2><p class=\"uagb-desc-text\">Here are some frequently asked questions<br>according to our statistics. Welcome to contact<br>us for learning more.<\/p><\/div>\r\n\r\n\r\n<div class=\"wp-block-uagb-faq uagb-faq__outer-wrap uagb-block-c059913e uagb-faq-icon-row uagb-faq-layout-accordion uagb-faq-expand-first-true uagb-faq-inactive-other-true uagb-faq__wrap uagb-buttons-layout-wrap uagb-faq-equal-height\" data-faqtoggle=\"true\" role=\"tablist\"><div class=\"wp-block-uagb-faq-child uagb-faq-child__outer-wrap uagb-faq-item uagb-block-e7fc09b7\" role=\"tab\" tabindex=\"0\"><div class=\"uagb-faq-questions-button uagb-faq-questions\">\t\t\t<span class=\"uagb-icon uagb-faq-icon-wrap\">\n\t\t\t\t\t\t\t\t<svg xmlns=\"https:\/\/www.w3.org\/2000\/svg\" viewbox= \"0 0 448 512\"><path d=\"M432 256c0 17.69-14.33 32.01-32 32.01H256v144c0 17.69-14.33 31.99-32 31.99s-32-14.3-32-31.99v-144H48c-17.67 0-32-14.32-32-32.01s14.33-31.99 32-31.99H192v-144c0-17.69 14.33-32.01 32-32.01s32 14.32 32 32.01v144h144C417.7 224 432 238.3 432 256z\"><\/path><\/svg>\n\t\t\t\t\t\t\t<\/span>\n\t\t\t\t\t\t<span class=\"uagb-icon-active uagb-faq-icon-wrap\">\n\t\t\t\t\t\t\t\t<svg xmlns=\"https:\/\/www.w3.org\/2000\/svg\" viewbox= \"0 0 448 512\"><path d=\"M400 288h-352c-17.69 0-32-14.32-32-32.01s14.31-31.99 32-31.99h352c17.69 0 32 14.3 32 31.99S417.7 288 400 288z\"><\/path><\/svg>\n\t\t\t\t\t\t\t<\/span>\n\t\t\t<span class=\"uagb-question\"><strong>\u00bfTienen un pedido m\u00ednimo?<\/strong><\/span><\/div><div class=\"uagb-faq-content\"><p>No tenemos un pedido m\u00ednimo, le invitamos a probar nuestras muestras.<\/p><\/div><\/div><div class=\"wp-block-uagb-faq-child uagb-faq-child__outer-wrap uagb-faq-item uagb-block-1f7ce796\" role=\"tab\" tabindex=\"0\"><div class=\"uagb-faq-questions-button uagb-faq-questions\">\t\t\t<span class=\"uagb-icon uagb-faq-icon-wrap\">\n\t\t\t\t\t\t\t\t<svg xmlns=\"https:\/\/www.w3.org\/2000\/svg\" viewbox= \"0 0 448 512\"><path d=\"M432 256c0 17.69-14.33 32.01-32 32.01H256v144c0 17.69-14.33 31.99-32 31.99s-32-14.3-32-31.99v-144H48c-17.67 0-32-14.32-32-32.01s14.33-31.99 32-31.99H192v-144c0-17.69 14.33-32.01 32-32.01s32 14.32 32 32.01v144h144C417.7 224 432 238.3 432 256z\"><\/path><\/svg>\n\t\t\t\t\t\t\t<\/span>\n\t\t\t\t\t\t<span class=\"uagb-icon-active uagb-faq-icon-wrap\">\n\t\t\t\t\t\t\t\t<svg xmlns=\"https:\/\/www.w3.org\/2000\/svg\" viewbox= \"0 0 448 512\"><path d=\"M400 288h-352c-17.69 0-32-14.32-32-32.01s14.31-31.99 32-31.99h352c17.69 0 32 14.3 32 31.99S417.7 288 400 288z\"><\/path><\/svg>\n\t\t\t\t\t\t\t<\/span>\n\t\t\t<span class=\"uagb-question\"><strong>\u00bfCu\u00e1les son sus condiciones de pago?<\/strong><\/span><\/div><div class=\"uagb-faq-content\"><p>Dep\u00f3sito del 30%, 70% antes del env\u00edo mediante T\/T.<\/p><\/div><\/div><div class=\"wp-block-uagb-faq-child uagb-faq-child__outer-wrap uagb-faq-item uagb-block-061ce5a4\" role=\"tab\" tabindex=\"0\"><div class=\"uagb-faq-questions-button uagb-faq-questions\">\t\t\t<span class=\"uagb-icon uagb-faq-icon-wrap\">\n\t\t\t\t\t\t\t\t<svg xmlns=\"https:\/\/www.w3.org\/2000\/svg\" viewbox= \"0 0 448 512\"><path d=\"M432 256c0 17.69-14.33 32.01-32 32.01H256v144c0 17.69-14.33 31.99-32 31.99s-32-14.3-32-31.99v-144H48c-17.67 0-32-14.32-32-32.01s14.33-31.99 32-31.99H192v-144c0-17.69 14.33-32.01 32-32.01s32 14.32 32 32.01v144h144C417.7 224 432 238.3 432 256z\"><\/path><\/svg>\n\t\t\t\t\t\t\t<\/span>\n\t\t\t\t\t\t<span class=\"uagb-icon-active uagb-faq-icon-wrap\">\n\t\t\t\t\t\t\t\t<svg xmlns=\"https:\/\/www.w3.org\/2000\/svg\" viewbox= \"0 0 448 512\"><path d=\"M400 288h-352c-17.69 0-32-14.32-32-32.01s14.31-31.99 32-31.99h352c17.69 0 32 14.3 32 31.99S417.7 288 400 288z\"><\/path><\/svg>\n\t\t\t\t\t\t\t<\/span>\n\t\t\t<span class=\"uagb-question\"><strong>What is the normal delivery time?<\/strong><\/span><\/div><div class=\"uagb-faq-content\"><p>3-7days for samples, 20-35 days for big orders.<\/p><\/div><\/div><\/div><\/div><\/div>","protected":false},"excerpt":{"rendered":"<p>E-evolution combina la eficiencia econ\u00f3mica con un dise\u00f1o extra\u00edble basado en una carcasa de PC y un disipador t\u00e9rmico de aluminio, lo que permite sustituir f\u00e1cilmente la placa de circuito impreso y el controlador para su futuro mantenimiento. Es compatible con interruptores de alimentaci\u00f3n CCT, sistemas de respaldo de emergencia y sensores. Con opciones de conexi\u00f3n simple, bilateral e intermedia, su versatilidad y m\u00faltiples longitudes simplifican la gesti\u00f3n del inventario para satisfacer diversos requisitos.<\/p>","protected":false},"featured_media":222,"comment_status":"open","ping_status":"closed","template":"","meta":{"_uag_custom_page_level_css":"","site-sidebar-layout":"default","site-content-layout":"","ast-site-content-layout":"default","site-content-style":"default","site-sidebar-style":"default","ast-global-header-display":"","ast-banner-title-visibility":"","ast-main-header-display":"","ast-hfb-above-header-display":"","ast-hfb-below-header-display":"","ast-hfb-mobile-header-display":"","site-post-title":"","ast-breadcrumbs-content":"","ast-featured-img":"","footer-sml-layout":"","ast-disable-related-posts":"","theme-transparent-header-meta":"default","adv-header-id-meta":"","stick-header-meta":"default","header-above-stick-meta":"","header-main-stick-meta":"","header-below-stick-meta":"","astra-migrate-meta-layouts":"set","ast-page-background-enabled":"default","ast-page-background-meta":{"desktop":{"background-color":"var(--ast-global-color-5)","background-image":"","background-repeat":"repeat","background-position":"center center","background-size":"auto","background-attachment":"scroll","background-type":"","background-media":"","overlay-type":"","overlay-color":"","overlay-opacity":"","overlay-gradient":""},"tablet":{"background-color":"","background-image":"","background-repeat":"repeat","background-position":"center center","background-size":"auto","background-attachment":"scroll","background-type":"","background-media":"","overlay-type":"","overlay-color":"","overlay-opacity":"","overlay-gradient":""},"mobile":{"background-color":"","background-image":"","background-repeat":"repeat","background-position":"center center","background-size":"auto","background-attachment":"scroll","background-type":"","background-media":"","overlay-type":"","overlay-color":"","overlay-opacity":"","overlay-gradient":""}},"ast-content-background-meta":{"desktop":{"background-color":"var(--ast-global-color-4)","background-image":"","background-repeat":"repeat","background-position":"center center","background-size":"auto","background-attachment":"scroll","background-type":"","background-media":"","overlay-type":"","overlay-color":"","overlay-opacity":"","overlay-gradient":""},"tablet":{"background-color":"var(--ast-global-color-4)","background-image":"","background-repeat":"repeat","background-position":"center center","background-size":"auto","background-attachment":"scroll","background-type":"","background-media":"","overlay-type":"","overlay-color":"","overlay-opacity":"","overlay-gradient":""},"mobile":{"background-color":"var(--ast-global-color-4)","background-image":"","background-repeat":"repeat","background-position":"center center","background-size":"auto","background-attachment":"scroll","background-type":"","background-media":"","overlay-type":"","overlay-color":"","overlay-opacity":"","overlay-gradient":""}}},"product_brand":[],"product_cat":[21,37],"product_tag":[],"class_list":{"0":"post-221","1":"product","2":"type-product","3":"status-publish","4":"has-post-thumbnail","6":"product_cat-industry-led-lighting","7":"product_cat-tri-proof-light","8":"desktop-align-center","9":"tablet-align-left","10":"mobile-align-left","11":"ast-product-gallery-layout-horizontal-slider","12":"ast-product-gallery-with-no-image","13":"ast-product-tabs-layout-horizontal","15":"first","16":"instock","17":"featured","18":"shipping-taxable","19":"product-type-simple"},"spectra_custom_meta":{"_edit_last":["1"],"_yoast_indexnow_last_ping":["1762008992"],"total_sales":["0"],"_tax_status":["taxable"],"_tax_class":[""],"_manage_stock":["no"],"_backorders":["no"],"_sold_individually":["no"],"_virtual":["no"],"_downloadable":["no"],"_download_limit":["-1"],"_download_expiry":["-1"],"_stock":[null],"_stock_status":["instock"],"_wc_average_rating":["0"],"_wc_review_count":["0"],"_product_version":["10.4.3"],"wpseo_global_identifier_values":["a:6:{s:5:\"gtin8\";s:0:\"\";s:6:\"gtin12\";s:0:\"\";s:6:\"gtin13\";s:0:\"\";s:6:\"gtin14\";s:0:\"\";s:4:\"isbn\";s:0:\"\";s:3:\"mpn\";s:0:\"\";}"],"site-sidebar-layout":["default"],"ast-site-content-layout":["default"],"site-content-style":["default"],"site-sidebar-style":["default"],"theme-transparent-header-meta":["default"],"stick-header-meta":["default"],"_yoast_wpseo_primary_product_brand":[""],"_yoast_wpseo_primary_product_cat":["21"],"_yoast_wpseo_content_score":["60"],"_yoast_wpseo_focuskeywords":[""],"_yoast_wpseo_keywordsynonyms":[""],"_yoast_wpseo_estimated-reading-time-minutes":["1"],"_edit_lock":["1766914559:1"],"_thumbnail_id":["222"],"rank_math_primary_product_brand":[""],"rank_math_primary_product_cat":["21"],"rank_math_news_sitemap_robots":["index"],"rank_math_robots":["a:1:{i:0;s:5:\"index\";}"],"rank_math_seo_score":["29"],"rank_math_contentai_score":["a:5:{s:8:\"keywords\";s:5:\"74.51\";s:9:\"wordCount\";s:1:\"0\";s:9:\"linkCount\";s:1:\"0\";s:12:\"headingCount\";s:1:\"0\";s:10:\"mediaCount\";s:1:\"0\";}"],"astra-migrate-meta-layouts":["set"],"_uag_css_file_name":["uag-css-221.css"],"_uag_js_file_name":["uag-js-221.js"]},"uagb_featured_image_src":{"full":["https:\/\/www.recolux-led.com\/wp-content\/uploads\/2025\/11\/E-evolution.webp",800,800,false],"thumbnail":["https:\/\/www.recolux-led.com\/wp-content\/uploads\/2025\/11\/E-evolution.webp",96,96,false],"medium":["https:\/\/www.recolux-led.com\/wp-content\/uploads\/2025\/11\/E-evolution.webp",800,800,false],"medium_large":["https:\/\/www.recolux-led.com\/wp-content\/uploads\/2025\/11\/E-evolution-768x768.webp",768,768,true],"large":["https:\/\/www.recolux-led.com\/wp-content\/uploads\/2025\/11\/E-evolution.webp",800,800,false],"1536x1536":["https:\/\/www.recolux-led.com\/wp-content\/uploads\/2025\/11\/E-evolution.webp",800,800,false],"2048x2048":["https:\/\/www.recolux-led.com\/wp-content\/uploads\/2025\/11\/E-evolution.webp",800,800,false],"trp-custom-language-flag":["https:\/\/www.recolux-led.com\/wp-content\/uploads\/2025\/11\/E-evolution.webp",12,12,false],"woocommerce_thumbnail":["https:\/\/www.recolux-led.com\/wp-content\/uploads\/2025\/11\/E-evolution-300x300.webp",300,300,true],"woocommerce_single":["https:\/\/www.recolux-led.com\/wp-content\/uploads\/2025\/11\/E-evolution-600x600.webp",600,600,true],"woocommerce_gallery_thumbnail":["https:\/\/www.recolux-led.com\/wp-content\/uploads\/2025\/11\/E-evolution-100x100.webp",100,100,true]},"uagb_author_info":{"display_name":"r1e4c5olux","author_link":"https:\/\/www.recolux-led.com\/es\/author\/"},"uagb_comment_info":0,"uagb_excerpt":"E-evolution combines economic efficiency with a extractable design rely on PC housing and Aluminum heat sink, enabling easy replacement of PCB and driver for future maintenance. It supports CCT power switches, emergency backups, and sensors. With single, bilateral, and intermediate connection options, its versatility and multi-length simplifies inventory management to meet diverse requirements.","_links":{"self":[{"href":"https:\/\/www.recolux-led.com\/es\/wp-json\/wp\/v2\/product\/221","targetHints":{"allow":["GET"]}}],"collection":[{"href":"https:\/\/www.recolux-led.com\/es\/wp-json\/wp\/v2\/product"}],"about":[{"href":"https:\/\/www.recolux-led.com\/es\/wp-json\/wp\/v2\/types\/product"}],"replies":[{"embeddable":true,"href":"https:\/\/www.recolux-led.com\/es\/wp-json\/wp\/v2\/comments?post=221"}],"wp:featuredmedia":[{"embeddable":true,"href":"https:\/\/www.recolux-led.com\/es\/wp-json\/wp\/v2\/media\/222"}],"wp:attachment":[{"href":"https:\/\/www.recolux-led.com\/es\/wp-json\/wp\/v2\/media?parent=221"}],"wp:term":[{"taxonomy":"product_brand","embeddable":true,"href":"https:\/\/www.recolux-led.com\/es\/wp-json\/wp\/v2\/product_brand?post=221"},{"taxonomy":"product_cat","embeddable":true,"href":"https:\/\/www.recolux-led.com\/es\/wp-json\/wp\/v2\/product_cat?post=221"},{"taxonomy":"product_tag","embeddable":true,"href":"https:\/\/www.recolux-led.com\/es\/wp-json\/wp\/v2\/product_tag?post=221"}],"curies":[{"name":"wp","href":"https:\/\/api.w.org\/{rel}","templated":true}]}}