{"id":47,"date":"2025-09-01T05:19:41","date_gmt":"2025-09-01T13:19:41","guid":{"rendered":"https:\/\/www.imzcl.com\/?page_id=47"},"modified":"2025-12-04T06:18:12","modified_gmt":"2025-12-04T14:18:12","slug":"fabricante-de-equipos-originales-oem-y-desarrollador-de-disenos-originales-odm","status":"publish","type":"page","link":"https:\/\/www.recolux-led.com\/es\/fabricante-de-equipos-originales-oem-y-desarrollador-de-disenos-originales-odm\/","title":{"rendered":"OEM &amp; ODM"},"content":{"rendered":"<div class=\"wp-block-uagb-container uagb-block-a8e4f3fd alignfull uagb-is-root-container\">\n<div class=\"wp-block-uagb-advanced-heading uagb-block-289916ac\"><h1 class=\"uagb-heading-text\">OEM &amp; ODM<\/h1><p class=\"uagb-desc-text\">Iluminaci\u00f3n LED personalizada, servicio completo OEM\/ODM<\/p><\/div>\n<\/div>\n\n\n\n<div class=\"wp-block-uagb-container uagb-block-4cbd3e38 alignfull uagb-is-root-container\"><div class=\"uagb-container-inner-blocks-wrap\">\n<div class=\"wp-block-uagb-container uagb-block-eb1d3281\"><\/div>\n\n\n\n<div class=\"wp-block-uagb-container uagb-block-7c03d63f\">\n<div class=\"wp-block-uagb-advanced-heading uagb-block-f61af73a\"><h2 class=\"uagb-heading-text\">Especialista en soluciones personalizadas<\/h2><p class=\"uagb-desc-text\">Nos dedicamos a proporcionar servicios especializados y completos en el campo de la iluminaci\u00f3n interior. Nuestra oferta va m\u00e1s all\u00e1 de los productos est\u00e1ndar e incluye el desarrollo de art\u00edculos que cumplen con especificaciones de producto \u00fanicas y requisitos de ingenier\u00eda especializados. Nuestro equipo profesional se compromete a ofrecer una gama completa de soluciones de iluminaci\u00f3n personalizadas que se adaptan a sus necesidades espec\u00edficas, desde la selecci\u00f3n de fuentes de luz y el dise\u00f1o de luminarias hasta la integraci\u00f3n de sistemas de control inteligentes.<br><br>Tanto si tiene un requisito de iluminaci\u00f3n personalizado para un espacio comercial como si se enfrenta a un reto de iluminaci\u00f3n especializado para un entorno industrial, somos capaces de crear soluciones a medida que garantizan que el efecto de iluminaci\u00f3n complemente a la perfecci\u00f3n su espacio y a\u00f1ada un car\u00e1cter distintivo a su proyecto.<\/p><\/div>\n<\/div>\n<\/div><\/div>\n\n\n\n<div class=\"wp-block-uagb-container uagb-block-c702db74 alignfull uagb-is-root-container\"><div class=\"uagb-container-inner-blocks-wrap\"><\/div><\/div>\n\n\n\n<div class=\"wp-block-uagb-container uagb-block-e861bc07 alignfull uagb-is-root-container\"><div class=\"uagb-container-inner-blocks-wrap\">\n<div class=\"wp-block-uagb-slider uagb-block-d639e4a8 uagb-slider-container\"><div class=\"uagb-slides uagb-swiper\"><div class=\"swiper-wrapper\">\n<div class=\"wp-block-uagb-slider-child uagb-slider-child-wrap swiper-slide uagb-block-a51db9a8\"><div class=\"swiper-content\">\n<div class=\"wp-block-uagb-container uagb-block-55519f8c\">\n<div class=\"wp-block-uagb-info-box uagb-block-62dabd52 uagb-infobox__content-wrap  uagb-infobox-icon-above-title uagb-infobox-image-valign-top\"><div class=\"uagb-ifb-content\"><div class=\"uagb-ifb-image-content\"><img decoding=\"async\" src=\"https:\/\/www.recolux-led.com\/wp-content\/uploads\/2025\/11\/x-oed3.svg\" alt=\"\" width=\"\" height=\"0\" loading=\"lazy\"\/><\/div><div class=\"uagb-ifb-title-wrap\"><h3 class=\"uagb-ifb-title\">Investigaci\u00f3n y desarrollo<\/h3><\/div><p class=\"uagb-ifb-desc\">La investigaci\u00f3n y el desarrollo de productos son nuestro n\u00facleo y nuestra fuerza motriz para un r\u00e1pido crecimiento. Nuestros ingenieros de I+D cuentan con m\u00e1s de 15 a\u00f1os de experiencia en la industria del LED y tienen curr\u00edculos profesionales en empresas cotizadas en bolsa del sector de la iluminaci\u00f3n. Un equipo experimentado de 16 personas e ingenieros de I+D profesionales hacen realidad un dise\u00f1o cient\u00edfico e innovador.<\/p><\/div><\/div>\n<\/div>\n<\/div><\/div>\n\n\n\n<div class=\"wp-block-uagb-slider-child uagb-slider-child-wrap swiper-slide uagb-block-6fb05b79\"><div class=\"swiper-content\">\n<div class=\"wp-block-uagb-container uagb-block-92ede812\">\n<div class=\"wp-block-uagb-info-box uagb-block-2a6f92be uagb-infobox__content-wrap  uagb-infobox-icon-above-title uagb-infobox-image-valign-top\"><div class=\"uagb-ifb-content\"><div class=\"uagb-ifb-image-content\"><img decoding=\"async\" src=\"https:\/\/www.recolux-led.com\/wp-content\/uploads\/2025\/11\/x-oed4.svg\" alt=\"\" width=\"\" height=\"0\" loading=\"lazy\"\/><\/div><div class=\"uagb-ifb-title-wrap\"><h3 class=\"uagb-ifb-title\">AHORRO DE COSTES<\/h3><\/div><p class=\"uagb-ifb-desc\">Al ahorrar tiempo y recursos en el dise\u00f1o del producto, los clientes no solo pueden minimizar los costes, sino tambi\u00e9n aprovechar las econom\u00edas de escala de un fabricante ODM como nosotros.<\/p><\/div><\/div>\n<\/div>\n<\/div><\/div>\n\n\n\n<div class=\"wp-block-uagb-slider-child uagb-slider-child-wrap swiper-slide uagb-block-9d7a2263\"><div class=\"swiper-content\">\n<div class=\"wp-block-uagb-container uagb-block-9cd26a5c\">\n<div class=\"wp-block-uagb-info-box uagb-block-7ba3bcb2 uagb-infobox__content-wrap  uagb-infobox-icon-above-title uagb-infobox-image-valign-top\"><div class=\"uagb-ifb-content\"><div class=\"uagb-ifb-image-content\"><img decoding=\"async\" src=\"https:\/\/www.recolux-led.com\/wp-content\/uploads\/2025\/11\/x-oed5.svg\" alt=\"\" width=\"\" height=\"0\" loading=\"lazy\"\/><\/div><div class=\"uagb-ifb-title-wrap\"><h3 class=\"uagb-ifb-title\">PRUEBAS DE PRODUCTOS<\/h3><\/div><p class=\"uagb-ifb-desc\">Nuestro propio laboratorio de pruebas garantiza que todos los nuevos productos se dise\u00f1en con seguridad y fiabilidad. Todos los productos est\u00e1n dise\u00f1ados para cumplir con las estrictas normas de la UE.<\/p><\/div><\/div>\n<\/div>\n<\/div><\/div>\n<\/div><\/div><div class=\"swiper-pagination\"><\/div><div class=\"swiper-button-prev\"><\/div><div class=\"swiper-button-next\"><\/div><\/div>\n<\/div><\/div>\n\n\n\n<div class=\"wp-block-uagb-container uagb-block-de861a6a alignfull uagb-is-root-container\"><div class=\"uagb-container-inner-blocks-wrap\">\n<div class=\"wp-block-uagb-container uagb-block-ddb055e3\">\n<div class=\"wp-block-uagb-image uagb-block-05571828 wp-block-uagb-image--layout-default wp-block-uagb-image--effect-static wp-block-uagb-image--align-none\"><figure class=\"wp-block-uagb-image__figure\"><img decoding=\"async\" srcset=\"https:\/\/www.recolux-led.com\/wp-content\/uploads\/2025\/11\/de41c8067591835a8328c171015d8446.webp ,https:\/\/www.recolux-led.com\/wp-content\/uploads\/2025\/11\/de41c8067591835a8328c171015d8446.webp 780w, https:\/\/www.recolux-led.com\/wp-content\/uploads\/2025\/11\/de41c8067591835a8328c171015d8446.webp 360w\" sizes=\"auto, (max-width: 480px) 150px\" src=\"https:\/\/www.recolux-led.com\/wp-content\/uploads\/2025\/11\/de41c8067591835a8328c171015d8446.webp\" alt=\"\" class=\"uag-image-626\" width=\"800\" height=\"610\" title=\"41c8067591835a8328c171015d8446\" loading=\"lazy\" role=\"img\"\/><\/figure><\/div>\n<\/div>\n\n\n\n<div class=\"wp-block-uagb-container uagb-block-9ea4715e\">\n<div class=\"wp-block-uagb-info-box uagb-block-9e232d4d uagb-infobox__content-wrap  uagb-infobox-icon-above-title uagb-infobox-image-valign-top\"><div class=\"uagb-ifb-content\"><div class=\"uagb-ifb-title-wrap\"><h3 class=\"uagb-ifb-title\">Personalicemos<\/h3><\/div><p class=\"uagb-ifb-desc\">Sabemos que, a pesar de nuestra amplia gama de productos, algunos proyectos tienen requisitos a\u00fan m\u00e1s estrictos. Por eso queremos hacer realidad los deseos de los clientes, por muy inusuales que sean. P\u00f3ngase en contacto con nosotros.<\/p><div class=\"uagb-ifb-button-wrapper wp-block-button\"><a href=\"#\" class=\"uagb-infobox-cta-link wp-block-button__link\" target=\"_self\" rel=\"noopener noreferrer\" onclick=\"return false;\"><span class=\"uagb-inline-editing\">Ponte en contacto<\/span><svg xmlns=\"https:\/\/www.w3.org\/2000\/svg\" viewbox=\"0 0 512 512\"><path d=\"M504.3 273.6l-112.1 104c-6.992 6.484-17.18 8.218-25.94 4.406c-8.758-3.812-14.42-12.45-14.42-21.1L351.9 288H32C14.33 288 .0002 273.7 .0002 255.1S14.33 224 32 224h319.9l0-72c0-9.547 5.66-18.19 14.42-22c8.754-3.809 18.95-2.075 25.94 4.41l112.1 104C514.6 247.9 514.6 264.1 504.3 273.6z\"><\/path><\/svg><\/a><\/div><\/div><\/div>\n<\/div>\n<\/div><\/div>\n\n\n\n<div class=\"wp-block-uagb-container uagb-block-51116fdb alignfull uagb-is-root-container\"><div class=\"uagb-container-inner-blocks-wrap\">\n<div class=\"wp-block-uagb-container uagb-block-d3d18471\"><\/div>\n\n\n\n<div class=\"wp-block-uagb-container uagb-block-5bf18a4f\">\n<div class=\"wp-block-uagb-info-box uagb-block-6c0c3cd8 uagb-infobox__content-wrap  uagb-infobox-icon-above-title uagb-infobox-image-valign-top\"><div class=\"uagb-ifb-content\"><div class=\"uagb-ifb-title-wrap\"><h3 class=\"uagb-ifb-title\">Luminaria a prueba de balas<\/h3><\/div><p class=\"uagb-ifb-desc\">Este producto se personaliz\u00f3 para una de las pistas cubiertas del cliente, que requer\u00eda una luminaria con clasificaci\u00f3n IK10, lo que garantizaba que permanecer\u00eda intacta sin caerse por el impacto de las pelotas. Dise\u00f1amos una malla met\u00e1lica para proteger el exterior de la luminaria contra impactos, que cumple con las normas DIN 18032-3 y DIN 57710-13. El cliente qued\u00f3 muy satisfecho con el resultado final.<\/p><div class=\"uagb-ifb-button-wrapper wp-block-button\"><a href=\"#\" class=\"uagb-infobox-cta-link wp-block-button__link\" target=\"_self\" rel=\"noopener noreferrer\" onclick=\"return false;\"><span class=\"uagb-inline-editing\">Ponte en contacto<\/span><svg xmlns=\"https:\/\/www.w3.org\/2000\/svg\" viewbox=\"0 0 512 512\"><path d=\"M504.3 273.6l-112.1 104c-6.992 6.484-17.18 8.218-25.94 4.406c-8.758-3.812-14.42-12.45-14.42-21.1L351.9 288H32C14.33 288 .0002 273.7 .0002 255.1S14.33 224 32 224h319.9l0-72c0-9.547 5.66-18.19 14.42-22c8.754-3.809 18.95-2.075 25.94 4.41l112.1 104C514.6 247.9 514.6 264.1 504.3 273.6z\"><\/path><\/svg><\/a><\/div><\/div><\/div>\n<\/div>\n<\/div><\/div>\n\n\n\n<div class=\"wp-block-uagb-container uagb-block-c5203a9a alignfull uagb-is-root-container\"><div class=\"uagb-container-inner-blocks-wrap\"><\/div><\/div>\n\n\n\n<div class=\"wp-block-uagb-container uagb-block-a59fa9f3 alignfull uagb-is-root-container\"><div class=\"uagb-container-inner-blocks-wrap\">\n<div class=\"wp-block-uagb-image uagb-block-43b52cf0 wp-block-uagb-image--layout-default wp-block-uagb-image--effect-static wp-block-uagb-image--align-none\"><figure class=\"wp-block-uagb-image__figure\"><img decoding=\"async\" srcset=\"https:\/\/www.recolux-led.com\/wp-content\/uploads\/2025\/12\/05e61a6175a096b5156dcdff6b0c6a85.webp ,https:\/\/www.recolux-led.com\/wp-content\/uploads\/2025\/12\/05e61a6175a096b5156dcdff6b0c6a85.webp 780w, https:\/\/www.recolux-led.com\/wp-content\/uploads\/2025\/12\/05e61a6175a096b5156dcdff6b0c6a85.webp 360w\" sizes=\"auto, (max-width: 480px) 150px\" src=\"https:\/\/www.recolux-led.com\/wp-content\/uploads\/2025\/12\/05e61a6175a096b5156dcdff6b0c6a85.webp\" alt=\"\" class=\"uag-image-646\" width=\"940\" height=\"453\" title=\"05e61a6175a096b5156dcdff6b0c6a85\" loading=\"lazy\" role=\"img\"\/><\/figure><\/div>\n\n\n\n<div class=\"wp-block-uagb-info-box uagb-block-ba6d0990 uagb-infobox__content-wrap  uagb-infobox-icon-above-title uagb-infobox-image-valign-top\"><div class=\"uagb-ifb-content\"><div class=\"uagb-ifb-title-wrap\"><h3 class=\"uagb-ifb-title\">Luz magn\u00e9tica para list\u00f3n<\/h3><\/div><p class=\"uagb-ifb-desc\">Una soluci\u00f3n de iluminaci\u00f3n magn\u00e9tica econ\u00f3mica, revisada a partir de nuestro dise\u00f1o de luminaria lineal. Gracias a su dise\u00f1o aislado, esta luminaria puede ser instalada por electricistas en la carcasa met\u00e1lica existente. Es una soluci\u00f3n r\u00e1pida y flexible para renovar paneles antiguos con tubos fluorescentes en su interior. Ahorre tiempo y costes con la f\u00e1cil instalaci\u00f3n de luces LED.<\/p><\/div><\/div>\n<\/div><\/div>\n\n\n\n<div class=\"wp-block-uagb-container uagb-block-521e8536 alignfull uagb-is-root-container\"><div class=\"uagb-container-inner-blocks-wrap\"><\/div><\/div>\n\n\n\n<div class=\"wp-block-uagb-container uagb-block-552067ac alignfull uagb-is-root-container\"><div class=\"uagb-container-inner-blocks-wrap\">\n<div class=\"wp-block-uagb-image uagb-block-64b1d9d7 wp-block-uagb-image--layout-default wp-block-uagb-image--effect-static wp-block-uagb-image--align-none\"><figure class=\"wp-block-uagb-image__figure\"><img decoding=\"async\" srcset=\"https:\/\/www.recolux-led.com\/wp-content\/uploads\/2025\/12\/1e85c7968521e22fd9286b688b6fb96b.webp ,https:\/\/www.recolux-led.com\/wp-content\/uploads\/2025\/12\/1e85c7968521e22fd9286b688b6fb96b.webp 780w, https:\/\/www.recolux-led.com\/wp-content\/uploads\/2025\/12\/1e85c7968521e22fd9286b688b6fb96b.webp 360w\" sizes=\"auto, (max-width: 480px) 150px\" src=\"https:\/\/www.recolux-led.com\/wp-content\/uploads\/2025\/12\/1e85c7968521e22fd9286b688b6fb96b.webp\" alt=\"\" class=\"uag-image-658\" width=\"940\" height=\"453\" title=\"1e85c7968521e22fd9286b688b6fb96b\" loading=\"lazy\" role=\"img\"\/><\/figure><\/div>\n\n\n\n<div class=\"wp-block-uagb-info-box uagb-block-42ca854c uagb-infobox__content-wrap  uagb-infobox-icon-above-title uagb-infobox-image-valign-top\"><div class=\"uagb-ifb-content\"><div class=\"uagb-ifb-title-wrap\"><h3 class=\"uagb-ifb-title\">Cableado m\u00e1s luminaria a prueba de tres<\/h3><\/div><p class=\"uagb-ifb-desc\">En algunos casos de instalaci\u00f3n de grandes luminarias, el cableado es complejo y costoso. Aumenta los costes de mano de obra y los gastos innecesarios. Nuestra luminaria tri-proof \u201cE-plus\u201d utiliza cables pasantes de 5\u00d72,5 mm\u00b2, lo que permite aumentar el n\u00famero de luminarias que se pueden conectar, ahorrando as\u00ed costes de instalaci\u00f3n al cliente. El interruptor de tres fases con cable vivo hace que sus proyectos sean mucho m\u00e1s flexibles e inteligentes.<\/p><div class=\"uagb-ifb-button-wrapper wp-block-button\"><a href=\"#\" class=\"uagb-infobox-cta-link wp-block-button__link\" target=\"_self\" rel=\"noopener noreferrer\" onclick=\"return false;\"><span class=\"uagb-inline-editing\">Leer m\u00e1s<\/span><svg xmlns=\"https:\/\/www.w3.org\/2000\/svg\" viewbox=\"0 0 512 512\"><path d=\"M504.3 273.6l-112.1 104c-6.992 6.484-17.18 8.218-25.94 4.406c-8.758-3.812-14.42-12.45-14.42-21.1L351.9 288H32C14.33 288 .0002 273.7 .0002 255.1S14.33 224 32 224h319.9l0-72c0-9.547 5.66-18.19 14.42-22c8.754-3.809 18.95-2.075 25.94 4.41l112.1 104C514.6 247.9 514.6 264.1 504.3 273.6z\"><\/path><\/svg><\/a><\/div><\/div><\/div>\n<\/div><\/div>","protected":false},"excerpt":{"rendered":"<p>OEM &amp; ODM Custom LED lighting, OEM\/ODM full service Customized Solutions Delivery Specialist We are dedicated to providing specialized and [&hellip;]<\/p>\n","protected":false},"author":1,"featured_media":0,"parent":0,"menu_order":0,"comment_status":"closed","ping_status":"closed","template":"","meta":{"_uag_custom_page_level_css":"","site-sidebar-layout":"default","site-content-layout":"","ast-site-content-layout":"default","site-content-style":"default","site-sidebar-style":"default","ast-global-header-display":"","ast-banner-title-visibility":"","ast-main-header-display":"","ast-hfb-above-header-display":"","ast-hfb-below-header-display":"","ast-hfb-mobile-header-display":"","site-post-title":"","ast-breadcrumbs-content":"","ast-featured-img":"","footer-sml-layout":"","ast-disable-related-posts":"","theme-transparent-header-meta":"","adv-header-id-meta":"","stick-header-meta":"","header-above-stick-meta":"","header-main-stick-meta":"","header-below-stick-meta":"","astra-migrate-meta-layouts":"default","ast-page-background-enabled":"default","ast-page-background-meta":{"desktop":{"background-color":"var(--ast-global-color-5)","background-image":"","background-repeat":"repeat","background-position":"center center","background-size":"auto","background-attachment":"scroll","background-type":"","background-media":"","overlay-type":"","overlay-color":"","overlay-opacity":"","overlay-gradient":""},"tablet":{"background-color":"","background-image":"","background-repeat":"repeat","background-position":"center center","background-size":"auto","background-attachment":"scroll","background-type":"","background-media":"","overlay-type":"","overlay-color":"","overlay-opacity":"","overlay-gradient":""},"mobile":{"background-color":"","background-image":"","background-repeat":"repeat","background-position":"center center","background-size":"auto","background-attachment":"scroll","background-type":"","background-media":"","overlay-type":"","overlay-color":"","overlay-opacity":"","overlay-gradient":""}},"ast-content-background-meta":{"desktop":{"background-color":"var(--ast-global-color-4)","background-image":"","background-repeat":"repeat","background-position":"center center","background-size":"auto","background-attachment":"scroll","background-type":"","background-media":"","overlay-type":"","overlay-color":"","overlay-opacity":"","overlay-gradient":""},"tablet":{"background-color":"var(--ast-global-color-4)","background-image":"","background-repeat":"repeat","background-position":"center center","background-size":"auto","background-attachment":"scroll","background-type":"","background-media":"","overlay-type":"","overlay-color":"","overlay-opacity":"","overlay-gradient":""},"mobile":{"background-color":"var(--ast-global-color-4)","background-image":"","background-repeat":"repeat","background-position":"center center","background-size":"auto","background-attachment":"scroll","background-type":"","background-media":"","overlay-type":"","overlay-color":"","overlay-opacity":"","overlay-gradient":""}},"footnotes":""},"class_list":["post-47","page","type-page","status-publish","hentry"],"spectra_custom_meta":{"_edit_lock":["1764857912:1"],"_edit_last":["1"],"_yoast_indexnow_last_ping":["1764857827"],"_yoast_wpseo_content_score":["60"],"_yoast_wpseo_focuskeywords":[""],"_yoast_wpseo_keywordsynonyms":[""],"_yoast_wpseo_estimated-reading-time-minutes":["4"],"_yoast_wpseo_inclusive_language_score":["90"],"rank_math_news_sitemap_robots":["index"],"rank_math_robots":["a:1:{i:0;s:5:\"index\";}"],"rank_math_og_content_image":["a:2:{s:5:\"check\";s:32:\"e5e6d02279bb0de4ab94b35661499aad\";s:6:\"images\";a:4:{i:0;i:618;i:1;i:619;i:2;i:620;i:3;i:626;}}"],"_uag_css_file_name":["uag-css-47.css"],"_uag_js_file_name":["uag-js-47.js"]},"uagb_featured_image_src":{"full":false,"thumbnail":false,"medium":false,"medium_large":false,"large":false,"1536x1536":false,"2048x2048":false,"trp-custom-language-flag":false,"woocommerce_thumbnail":false,"woocommerce_single":false,"woocommerce_gallery_thumbnail":false},"uagb_author_info":{"display_name":"r1e4c5olux","author_link":"https:\/\/www.recolux-led.com\/es\/author\/r1e4c5olux\/"},"uagb_comment_info":0,"uagb_excerpt":"OEM &amp; ODM Custom LED lighting, OEM\/ODM full service Customized Solutions Delivery Specialist We are dedicated to providing specialized and [&hellip;]","_links":{"self":[{"href":"https:\/\/www.recolux-led.com\/es\/wp-json\/wp\/v2\/pages\/47","targetHints":{"allow":["GET"]}}],"collection":[{"href":"https:\/\/www.recolux-led.com\/es\/wp-json\/wp\/v2\/pages"}],"about":[{"href":"https:\/\/www.recolux-led.com\/es\/wp-json\/wp\/v2\/types\/page"}],"author":[{"embeddable":true,"href":"https:\/\/www.recolux-led.com\/es\/wp-json\/wp\/v2\/users\/1"}],"replies":[{"embeddable":true,"href":"https:\/\/www.recolux-led.com\/es\/wp-json\/wp\/v2\/comments?post=47"}],"version-history":[{"count":36,"href":"https:\/\/www.recolux-led.com\/es\/wp-json\/wp\/v2\/pages\/47\/revisions"}],"predecessor-version":[{"id":665,"href":"https:\/\/www.recolux-led.com\/es\/wp-json\/wp\/v2\/pages\/47\/revisions\/665"}],"wp:attachment":[{"href":"https:\/\/www.recolux-led.com\/es\/wp-json\/wp\/v2\/media?parent=47"}],"curies":[{"name":"wp","href":"https:\/\/api.w.org\/{rel}","templated":true}]}}