{"id":343,"date":"2025-11-06T05:23:52","date_gmt":"2025-11-06T13:23:52","guid":{"rendered":"https:\/\/www.imzcl.com\/?page_id=343"},"modified":"2025-11-23T06:27:16","modified_gmt":"2025-11-23T14:27:16","slug":"aplicaciones-de-iluminacion-industrial","status":"publish","type":"page","link":"https:\/\/www.recolux-led.com\/es\/solicitudes\/aplicaciones-de-iluminacion-industrial\/","title":{"rendered":"Aplicaciones de iluminaci\u00f3n industrial"},"content":{"rendered":"<div class=\"wp-block-uagb-container uagb-block-dbf107e5 alignfull uagb-is-root-container\">\n<div class=\"wp-block-uagb-advanced-heading uagb-block-bb0fbe43\"><h1 class=\"uagb-heading-text\">Iluminaci\u00f3n industrial<\/h1><p class=\"uagb-desc-text\">Los expertos en iluminaci\u00f3n industrial iluminan cada momento de la producci\u00f3n.<\/p><\/div>\n<\/div>\n\n\n\n<div class=\"wp-block-uagb-container uagb-block-ee3a534d alignfull uagb-is-root-container\"><div class=\"uagb-container-inner-blocks-wrap\">\n<div class=\"wp-block-uagb-advanced-heading uagb-block-d9c88cba\"><h2 class=\"uagb-heading-text\">Caso de iluminaci\u00f3n industrial<\/h2><div class=\"uagb-separator\"><\/div><\/div>\n\n\n\n<div class=\"wp-block-uagb-tabs uagb-block-eb3b2db2 uagb-tabs__wrap uagb-tabs__hstyle3-desktop uagb-tabs__vstyle6-tablet uagb-tabs__stack1-mobile\" data-tab-active=\"0\"><ul class=\"uagb-tabs__panel uagb-tabs__align-center\" role=\"tablist\"><li class=\"uagb-tab uagb-tabs__active\" role=\"none\"><a href=\"#uagb-tabs__tab0\" class=\"uagb-tabs-list uagb-tabs__icon-position-left\" data-tab=\"0\" role=\"tab\"><div><strong>Pista de patinaje \u2013 Pa\u00edses Bajos<\/strong><\/div><\/a><\/li><li class=\"uagb-tab\" role=\"none\"><a href=\"#uagb-tabs__tab1\" class=\"uagb-tabs-list uagb-tabs__icon-position-left\" data-tab=\"1\" role=\"tab\"><div><strong>Almac\u00e9n<\/strong><\/div><\/a><\/li><li class=\"uagb-tab\" role=\"none\"><a href=\"#uagb-tabs__tab2\" class=\"uagb-tabs-list uagb-tabs__icon-position-left\" data-tab=\"2\" role=\"tab\"><div><strong>L\u00ednea de producci\u00f3n<\/strong><\/div><\/a><\/li><li class=\"uagb-tab\" role=\"none\"><a href=\"#uagb-tabs__tab3\" class=\"uagb-tabs-list uagb-tabs__icon-position-left\" data-tab=\"3\" role=\"tab\"><div><strong>Taller mec\u00e1nico \u2013 Italia<\/strong><\/div><\/a><\/li><li class=\"uagb-tab\" role=\"none\"><a href=\"#uagb-tabs__tab4\" class=\"uagb-tabs-list uagb-tabs__icon-position-left\" data-tab=\"4\" role=\"tab\"><div><strong>Taller \u2013 Alemania<\/strong><\/div><\/a><\/li><\/ul><div class=\"uagb-tabs__body-wrap\">\n<div class=\"wp-block-uagb-tabs-child uagb-tabs__body-container uagb-inner-tab-0\" aria-labelledby=\"uagb-tabs__tab0\">\n<div class=\"wp-block-uagb-image aligncenter uagb-block-cce7273a wp-block-uagb-image--layout-overlay wp-block-uagb-image--effect-zoomin wp-block-uagb-image--align-center\"><figure class=\"wp-block-uagb-image__figure\"><img decoding=\"async\" srcset=\"https:\/\/www.recolux-led.com\/wp-content\/uploads\/2025\/11\/Skating-Rink-The-Netherlands.webp ,https:\/\/www.recolux-led.com\/wp-content\/uploads\/2025\/11\/Skating-Rink-The-Netherlands.webp 780w, https:\/\/www.recolux-led.com\/wp-content\/uploads\/2025\/11\/Skating-Rink-The-Netherlands.webp 360w\" sizes=\"auto, (max-width: 480px) 150px\" src=\"https:\/\/www.recolux-led.com\/wp-content\/uploads\/2025\/11\/Skating-Rink-The-Netherlands.webp\" alt=\"\" class=\"uag-image-352\" width=\"1800\" height=\"798\" title=\"\" loading=\"lazy\" role=\"presentation\"\/><div class=\"wp-block-uagb-image--layout-overlay__color-wrapper\"><\/div><div class=\"wp-block-uagb-image--layout-overlay__inner center-center\"><h2 class=\"uagb-image-heading\">Pista de patinaje \u2013 Pa\u00edses Bajos<\/h2><figcaption class=\"uagb-image-caption\">El proyecto se instal\u00f3 previamente con sistemas fluorescentes. Recolux ofrece luminarias montadas con un nuevo cableado el\u00e9ctrico. Los antiguos rieles de canalizaci\u00f3n existentes sirvieron como soporte para las l\u00e1mparas. Es una soluci\u00f3n de modernizaci\u00f3n perfecta para sustituir los antiguos tubos T8 de 2 x 36 W, 1 x 58 W y 2 x 58 W sin reflectores.<\/figcaption><\/div><\/figure><\/div>\n<\/div>\n\n\n\n<div class=\"wp-block-uagb-tabs-child uagb-tabs__body-container uagb-inner-tab-1\" aria-labelledby=\"uagb-tabs__tab1\">\n<div class=\"wp-block-uagb-image uagb-block-6c497433 wp-block-uagb-image--layout-overlay wp-block-uagb-image--effect-static wp-block-uagb-image--align-none\"><figure class=\"wp-block-uagb-image__figure\"><img decoding=\"async\" srcset=\"https:\/\/www.recolux-led.com\/wp-content\/uploads\/2025\/11\/Warehouse.webp ,https:\/\/www.recolux-led.com\/wp-content\/uploads\/2025\/11\/Warehouse.webp 780w, https:\/\/www.recolux-led.com\/wp-content\/uploads\/2025\/11\/Warehouse.webp 360w\" sizes=\"auto, (max-width: 480px) 150px\" src=\"https:\/\/www.recolux-led.com\/wp-content\/uploads\/2025\/11\/Warehouse.webp\" alt=\"\" class=\"uag-image-353\" width=\"1800\" height=\"800\" title=\"Almac\u00e9n\" loading=\"lazy\" role=\"img\"\/><div class=\"wp-block-uagb-image--layout-overlay__color-wrapper\"><\/div><div class=\"wp-block-uagb-image--layout-overlay__inner center-center\"><h2 class=\"uagb-image-heading\">Almac\u00e9n<\/h2><figcaption class=\"uagb-image-caption\">E-Line es el dise\u00f1o m\u00e1s novedoso en iluminaci\u00f3n LED para conductos, que ofrece la soluci\u00f3n de iluminaci\u00f3n optimizada para aplicaciones industriales.<br>Los fiables sistemas de iluminaci\u00f3n de Recolux ayudan a mejorar la seguridad y el ahorro energ\u00e9tico. En este caso, el cliente exige una conexi\u00f3n perfecta.<br>Para ofrecer mejores servicios a nuestros clientes, nos comprometemos a mejorar constantemente nuestros productos. Esta luz es f\u00e1cil de instalar en 43 segundos. Esta ventaja aporta comodidad a nuestros instaladores.<\/figcaption><\/div><\/figure><\/div>\n<\/div>\n\n\n\n<div class=\"wp-block-uagb-tabs-child uagb-tabs__body-container uagb-inner-tab-2\" aria-labelledby=\"uagb-tabs__tab2\">\n<div class=\"wp-block-uagb-image uagb-block-ede20c17 wp-block-uagb-image--layout-overlay wp-block-uagb-image--effect-static wp-block-uagb-image--align-none\"><figure class=\"wp-block-uagb-image__figure\"><img decoding=\"async\" srcset=\"https:\/\/www.recolux-led.com\/wp-content\/uploads\/2025\/11\/Production-Line.webp ,https:\/\/www.recolux-led.com\/wp-content\/uploads\/2025\/11\/Production-Line.webp 780w, https:\/\/www.recolux-led.com\/wp-content\/uploads\/2025\/11\/Production-Line.webp 360w\" sizes=\"auto, (max-width: 480px) 150px\" src=\"https:\/\/www.recolux-led.com\/wp-content\/uploads\/2025\/11\/Production-Line.webp\" alt=\"\" class=\"uag-image-350\" width=\"1800\" height=\"800\" title=\"L\u00ednea de producci\u00f3n\" loading=\"lazy\" role=\"img\"\/><div class=\"wp-block-uagb-image--layout-overlay__color-wrapper\"><\/div><div class=\"wp-block-uagb-image--layout-overlay__inner center-center\"><h2 class=\"uagb-image-heading\">L\u00ednea de producci\u00f3n<\/h2><figcaption class=\"uagb-image-caption\">El sistema modular de iluminaci\u00f3n continua consta de unos pocos elementos b\u00e1sicos que ofrecen una soluci\u00f3n a medida para casi cualquier tarea gracias a sus posibilidades de combinaci\u00f3n. La configuraci\u00f3n del sistema de iluminaci\u00f3n es sencilla y se adapta a los requisitos de cada proyecto. Durante la instalaci\u00f3n posterior de las luces, el electricista estar\u00e1 encantado: casi todas las piezas solo hay que encajarlas, enchufarlas o fijarlas mediante cierres integrados.<\/figcaption><\/div><\/figure><\/div>\n<\/div>\n\n\n\n<div class=\"wp-block-uagb-tabs-child uagb-tabs__body-container uagb-inner-tab-3\" aria-labelledby=\"uagb-tabs__tab3\">\n<div class=\"wp-block-uagb-image uagb-block-c1abd1a7 wp-block-uagb-image--layout-overlay wp-block-uagb-image--effect-static wp-block-uagb-image--align-none\"><figure class=\"wp-block-uagb-image__figure\"><img decoding=\"async\" srcset=\"https:\/\/www.recolux-led.com\/wp-content\/uploads\/2025\/11\/Car-Repair-Shop-Italy.webp ,https:\/\/www.recolux-led.com\/wp-content\/uploads\/2025\/11\/Car-Repair-Shop-Italy.webp 780w, https:\/\/www.recolux-led.com\/wp-content\/uploads\/2025\/11\/Car-Repair-Shop-Italy.webp 360w\" sizes=\"auto, (max-width: 480px) 150px\" src=\"https:\/\/www.recolux-led.com\/wp-content\/uploads\/2025\/11\/Car-Repair-Shop-Italy.webp\" alt=\"\" class=\"uag-image-349\" width=\"1800\" height=\"800\" title=\"Taller mec\u00e1nico - Italia\" loading=\"lazy\" role=\"img\"\/><div class=\"wp-block-uagb-image--layout-overlay__color-wrapper\"><\/div><div class=\"wp-block-uagb-image--layout-overlay__inner center-center\"><h2 class=\"uagb-image-heading\">Taller mec\u00e1nico \u2013 Italia<\/h2><figcaption class=\"uagb-image-caption\">El dise\u00f1o sin fisuras de las l\u00e1mparas embellece el aspecto general del taller de reparaci\u00f3n de autom\u00f3viles.<\/figcaption><\/div><\/figure><\/div>\n<\/div>\n\n\n\n<div class=\"wp-block-uagb-tabs-child uagb-tabs__body-container uagb-inner-tab-4\" aria-labelledby=\"uagb-tabs__tab4\">\n<div class=\"wp-block-uagb-image uagb-block-599c8dc5 wp-block-uagb-image--layout-overlay wp-block-uagb-image--effect-static wp-block-uagb-image--align-none\"><figure class=\"wp-block-uagb-image__figure\"><img decoding=\"async\" srcset=\"https:\/\/www.recolux-led.com\/wp-content\/uploads\/2025\/11\/Workshop-Germany-1.webp ,https:\/\/www.recolux-led.com\/wp-content\/uploads\/2025\/11\/Workshop-Germany-1.webp 780w, https:\/\/www.recolux-led.com\/wp-content\/uploads\/2025\/11\/Workshop-Germany-1.webp 360w\" sizes=\"auto, (max-width: 480px) 150px\" src=\"https:\/\/www.recolux-led.com\/wp-content\/uploads\/2025\/11\/Workshop-Germany-1.webp\" alt=\"\" class=\"uag-image-354\" width=\"1800\" height=\"800\" title=\"Taller - Alemania-1\" loading=\"lazy\" role=\"img\"\/><div class=\"wp-block-uagb-image--layout-overlay__color-wrapper\"><\/div><div class=\"wp-block-uagb-image--layout-overlay__inner center-center\"><h2 class=\"uagb-image-heading\">Taller \u2013 Alemania<\/h2><figcaption class=\"uagb-image-caption\">El proyecto se instal\u00f3 previamente con sistemas fluorescentes. Recolux ofrece luminarias montadas con un nuevo cableado el\u00e9ctrico. Los antiguos rieles de canalizaci\u00f3n existentes sirvieron como soporte para las l\u00e1mparas. Es una soluci\u00f3n de modernizaci\u00f3n perfecta para sustituir los antiguos tubos T8 de 2 x 36 W, 1 x 58 W y 2 x 58 W sin reflectores.<\/figcaption><\/div><\/figure><\/div>\n<\/div>\n<\/div><\/div>\n<\/div><\/div>\n\n\n\n<div class=\"wp-block-uagb-container uagb-block-fa07dc53 alignfull uagb-is-root-container\"><div class=\"uagb-container-inner-blocks-wrap\">\n<div class=\"wp-block-uagb-advanced-heading uagb-block-f9787686\"><h2 class=\"uagb-heading-text\">Productos relacionados<\/h2><div class=\"uagb-separator\"><\/div><\/div>\n\n\n<\/div><\/div>\n\n\n\n<div class=\"wp-block-uagb-container uagb-block-d4bf4c50 alignfull uagb-is-root-container\"><div class=\"uagb-container-inner-blocks-wrap\">\n<div class=\"wp-block-uagb-advanced-heading uagb-block-000ba8bb\"><h2 class=\"uagb-heading-text\">Art\u00edculos relacionados<\/h2><\/div>\n\n\n\n\t\t\t<div class=\"wp-block-uagb-post-carousel uagb-post-grid  uagb-post__image-position-top uagb-post__image-enabled uagb-block-b8266a01     uagb-post__arrow-outside uagb-post__items uagb-post__columns-3 is-carousel uagb-post__columns-tablet-2 uagb-post__columns-mobile-1\" data-total=\"1\" style=\"\">\n\n\t\t\t\t\t\t\t\t\t\t\t\t<article class=\"uagb-post__inner-wrap\">\t\t\t\t\t\t\t\t<h4 class=\"uagb-post__title uagb-post__text\">\n\t\t\t\t<a href=\"https:\/\/www.recolux-led.com\/es\/servicios-de-conectividad\/\" target=\"_self\" rel=\"bookmark noopener noreferrer\">SERVICIOS DE CONECTIVIDAD<\/a>\n\t\t\t<\/h4>\n\t\t\t\t\t\t<div class='uagb-post__text uagb-post-grid-byline'>\n\t\t\t\t\t\t\t\t<time datetime=\"2025-11-12T05:50:41-08:00\" class=\"uagb-post__date\">\n\t\t\t\t<span class=\"dashicons-calendar dashicons\"><\/span>\t\t\t\t\t11\/12\/2025\t\t\t\t<\/time>\n\t\t\t\t\t\t<\/div>\n\t\t\t\t\t\t\t<div class='uagb-post__text uagb-post__excerpt'>\n\t\t\t\t\t<p>El 30 de octubre de 2023, la Feria Internacional de Iluminaci\u00f3n de Hong Kong (edici\u00f3n de oto\u00f1o), de cuatro d\u00edas de duraci\u00f3n, lleg\u00f3 a su fin bajo...\t\t\t\t<\/div>\n\t\t\t\t\t\t<div class=\"uagb-post__text uagb-post__cta wp-block-button\">\n\t\t\t\t<a class=\"wp-block-button__link uagb-text-link\" style=\"\" href=\"https:\/\/www.recolux-led.com\/es\/servicios-de-conectividad\/\" target=\"_self\" rel=\"bookmark noopener noreferrer\">Leer m\u00e1s<\/a>\n\t\t\t<\/div>\n\t\t\t\n\t\t\t\t\t\t\t\t\t<\/article>\n\t\t\t\t\t\t\t\t\t\t\t\t\t\t\t\t<article class=\"uagb-post__inner-wrap\">\t\t\t\t\t\t\t\t<div class='uagb-post__image'>\n\t\t\t\t\t\t\t\t\t<a href=\"https:\/\/www.recolux-led.com\/es\/linea-electronica\/\" target=\"_self\" rel=\"bookmark noopener noreferrer\"><img loading=\"lazy\" decoding=\"async\" width=\"1920\" height=\"970\" src=\"https:\/\/www.recolux-led.com\/wp-content\/uploads\/2025\/09\/4b135c42196da7f4328f99a7c5fe6151.webp\" class=\"attachment-large size-large\" alt=\"\" srcset=\"https:\/\/www.recolux-led.com\/wp-content\/uploads\/2025\/09\/4b135c42196da7f4328f99a7c5fe6151.webp 1920w, https:\/\/www.recolux-led.com\/wp-content\/uploads\/2025\/09\/4b135c42196da7f4328f99a7c5fe6151-768x388.webp 768w, https:\/\/www.recolux-led.com\/wp-content\/uploads\/2025\/09\/4b135c42196da7f4328f99a7c5fe6151-1536x776.webp 1536w, https:\/\/www.recolux-led.com\/wp-content\/uploads\/2025\/09\/4b135c42196da7f4328f99a7c5fe6151-600x303.webp 600w\" sizes=\"auto, (max-width: 1920px) 100vw, 1920px\" \/>\t\t\t\t\t<\/a>\n\t\t\t\t\t\t\t\t\t<\/div>\n\t\t\t\t\t\t<h4 class=\"uagb-post__title uagb-post__text\">\n\t\t\t\t<a href=\"https:\/\/www.recolux-led.com\/es\/linea-electronica\/\" target=\"_self\" rel=\"bookmark noopener noreferrer\">L\u00ednea electr\u00f3nica<\/a>\n\t\t\t<\/h4>\n\t\t\t\t\t\t<div class='uagb-post__text uagb-post-grid-byline'>\n\t\t\t\t\t\t\t\t<time datetime=\"2025-09-13T07:37:12-08:00\" class=\"uagb-post__date\">\n\t\t\t\t<span class=\"dashicons-calendar dashicons\"><\/span>\t\t\t\t\t09\/13\/2025\t\t\t\t<\/time>\n\t\t\t\t\t\t<\/div>\n\t\t\t\t\t\t\t<div class='uagb-post__text uagb-post__excerpt'>\n\t\t\t\t\tEl sistema de canalizaci\u00f3n lineal es un sistema eficiente, flexible y vers\u00e1til que ofrece soluciones de iluminaci\u00f3n para diversos...\t\t\t\t<\/div>\n\t\t\t\t\t\t<div class=\"uagb-post__text uagb-post__cta wp-block-button\">\n\t\t\t\t<a class=\"wp-block-button__link uagb-text-link\" style=\"\" href=\"https:\/\/www.recolux-led.com\/es\/linea-electronica\/\" target=\"_self\" rel=\"bookmark noopener noreferrer\">Leer m\u00e1s<\/a>\n\t\t\t<\/div>\n\t\t\t\n\t\t\t\t\t\t\t\t\t<\/article>\n\t\t\t\t\t\t\t\t\t\t\t<\/div>\n\t\t\t<\/div><\/div>","protected":false},"excerpt":{"rendered":"<p>Iluminaci\u00f3n industrial Los expertos en iluminaci\u00f3n industrial iluminan cada momento de la producci\u00f3n. Caso de iluminaci\u00f3n industrial Productos relacionados Art\u00edculos relacionados<\/p>","protected":false},"author":1,"featured_media":0,"parent":45,"menu_order":0,"comment_status":"closed","ping_status":"closed","template":"","meta":{"_uag_custom_page_level_css":"","site-sidebar-layout":"default","site-content-layout":"","ast-site-content-layout":"default","site-content-style":"default","site-sidebar-style":"default","ast-global-header-display":"","ast-banner-title-visibility":"","ast-main-header-display":"","ast-hfb-above-header-display":"","ast-hfb-below-header-display":"","ast-hfb-mobile-header-display":"","site-post-title":"","ast-breadcrumbs-content":"","ast-featured-img":"","footer-sml-layout":"","ast-disable-related-posts":"","theme-transparent-header-meta":"","adv-header-id-meta":"","stick-header-meta":"","header-above-stick-meta":"","header-main-stick-meta":"","header-below-stick-meta":"","astra-migrate-meta-layouts":"default","ast-page-background-enabled":"default","ast-page-background-meta":{"desktop":{"background-color":"var(--ast-global-color-5)","background-image":"","background-repeat":"repeat","background-position":"center center","background-size":"auto","background-attachment":"scroll","background-type":"","background-media":"","overlay-type":"","overlay-color":"","overlay-opacity":"","overlay-gradient":""},"tablet":{"background-color":"","background-image":"","background-repeat":"repeat","background-position":"center center","background-size":"auto","background-attachment":"scroll","background-type":"","background-media":"","overlay-type":"","overlay-color":"","overlay-opacity":"","overlay-gradient":""},"mobile":{"background-color":"","background-image":"","background-repeat":"repeat","background-position":"center center","background-size":"auto","background-attachment":"scroll","background-type":"","background-media":"","overlay-type":"","overlay-color":"","overlay-opacity":"","overlay-gradient":""}},"ast-content-background-meta":{"desktop":{"background-color":"var(--ast-global-color-4)","background-image":"","background-repeat":"repeat","background-position":"center center","background-size":"auto","background-attachment":"scroll","background-type":"","background-media":"","overlay-type":"","overlay-color":"","overlay-opacity":"","overlay-gradient":""},"tablet":{"background-color":"var(--ast-global-color-4)","background-image":"","background-repeat":"repeat","background-position":"center center","background-size":"auto","background-attachment":"scroll","background-type":"","background-media":"","overlay-type":"","overlay-color":"","overlay-opacity":"","overlay-gradient":""},"mobile":{"background-color":"var(--ast-global-color-4)","background-image":"","background-repeat":"repeat","background-position":"center center","background-size":"auto","background-attachment":"scroll","background-type":"","background-media":"","overlay-type":"","overlay-color":"","overlay-opacity":"","overlay-gradient":""}},"footnotes":""},"class_list":["post-343","page","type-page","status-publish","hentry"],"spectra_custom_meta":{"_edit_lock":["1763908037:1"],"_edit_last":["1"],"_yoast_indexnow_last_ping":["1763908037"],"_yoast_wpseo_content_score":["60"],"_yoast_wpseo_focuskeywords":[""],"_yoast_wpseo_keywordsynonyms":[""],"_yoast_wpseo_estimated-reading-time-minutes":["3"],"_yoast_post_redirect_info":["a:4:{s:6:\"origin\";s:32:\"applications\/industrial-lighting\";s:6:\"target\";s:45:\"applications\/industrial-lighting-applications\";s:4:\"type\";i:301;s:6:\"format\";s:5:\"plain\";}"],"rank_math_news_sitemap_robots":["index"],"rank_math_robots":["a:1:{i:0;s:5:\"index\";}"],"rank_math_og_content_image":["a:2:{s:5:\"check\";s:32:\"c124fb8759c2b959be8364c196a06cd2\";s:6:\"images\";a:1:{i:0;i:352;}}"],"_uag_css_file_name":["uag-css-343.css"],"_uag_js_file_name":["uag-js-343.js"]},"uagb_featured_image_src":{"full":false,"thumbnail":false,"medium":false,"medium_large":false,"large":false,"1536x1536":false,"2048x2048":false,"trp-custom-language-flag":false,"woocommerce_thumbnail":false,"woocommerce_single":false,"woocommerce_gallery_thumbnail":false},"uagb_author_info":{"display_name":"r1e4c5olux","author_link":"https:\/\/www.recolux-led.com\/es\/author\/r1e4c5olux\/"},"uagb_comment_info":0,"uagb_excerpt":"Industrial Lighting Industrial lighting experts illuminate every moment of production. Industrial Lighting Case Related Product Related articles","_links":{"self":[{"href":"https:\/\/www.recolux-led.com\/es\/wp-json\/wp\/v2\/pages\/343","targetHints":{"allow":["GET"]}}],"collection":[{"href":"https:\/\/www.recolux-led.com\/es\/wp-json\/wp\/v2\/pages"}],"about":[{"href":"https:\/\/www.recolux-led.com\/es\/wp-json\/wp\/v2\/types\/page"}],"author":[{"embeddable":true,"href":"https:\/\/www.recolux-led.com\/es\/wp-json\/wp\/v2\/users\/1"}],"replies":[{"embeddable":true,"href":"https:\/\/www.recolux-led.com\/es\/wp-json\/wp\/v2\/comments?post=343"}],"version-history":[{"count":20,"href":"https:\/\/www.recolux-led.com\/es\/wp-json\/wp\/v2\/pages\/343\/revisions"}],"predecessor-version":[{"id":597,"href":"https:\/\/www.recolux-led.com\/es\/wp-json\/wp\/v2\/pages\/343\/revisions\/597"}],"up":[{"embeddable":true,"href":"https:\/\/www.recolux-led.com\/es\/wp-json\/wp\/v2\/pages\/45"}],"wp:attachment":[{"href":"https:\/\/www.recolux-led.com\/es\/wp-json\/wp\/v2\/media?parent=343"}],"curies":[{"name":"wp","href":"https:\/\/api.w.org\/{rel}","templated":true}]}}