{"id":3,"date":"2025-08-31T19:39:29","date_gmt":"2025-08-31T11:39:29","guid":{"rendered":"http:\/\/imzcl.com\/?page_id=3"},"modified":"2025-09-01T05:15:31","modified_gmt":"2025-09-01T13:15:31","slug":"politica-de-privacidad","status":"publish","type":"page","link":"https:\/\/www.recolux-led.com\/es\/politica-de-privacidad\/","title":{"rendered":"Pol\u00edtica de privacidad"},"content":{"rendered":"<h2 class=\"wp-block-heading\">\u00bfQui\u00e9nes somos?<\/h2>\n\n\n\n<p>La direcci\u00f3n de nuestro sitio web es: https:\/\/www.recolux-led.com.<\/p>\n\n\n\n<h2 class=\"wp-block-heading\">Comentarios<\/h2>\n\n\n\n<p>Cuando los visitantes dejan comentarios, recopilamos los datos que aparecen en el formulario de comentarios, as\u00ed como la direcci\u00f3n IP del visitante y la cadena User-Agent del navegador para ayudar a verificar los comentarios spam.<\/p>\n\n\n\n<p>Una cadena an\u00f3nima generada a partir de su direcci\u00f3n de correo electr\u00f3nico (tambi\u00e9n conocida como hash) puede ser proporcionada al servicio Gravatar para confirmar si utiliza dicho servicio. La pol\u00edtica de privacidad del servicio Gravatar se encuentra aqu\u00ed: https:\/\/automattic.com\/privacy\/. Una vez que su comentario haya sido aprobado, su foto de perfil se mostrar\u00e1 p\u00fablicamente junto a su comentario.<\/p>\n\n\n\n<h2 class=\"wp-block-heading\">Medios de comunicaci\u00f3n<\/h2>\n\n\n\n<p>Si sube im\u00e1genes a este sitio web, debe evitar subir aquellas que contengan informaci\u00f3n de ubicaci\u00f3n geogr\u00e1fica (EXIF GPS). Los visitantes de este sitio web podr\u00e1n descargar y extraer la informaci\u00f3n de ubicaci\u00f3n de las im\u00e1genes de este sitio web.<\/p>\n\n\n\n<h2 class=\"wp-block-heading\">Cookies<\/h2>\n\n\n\n<p>Si deja un comentario en nuestro sitio web, puede optar por guardar su nombre, direcci\u00f3n de correo electr\u00f3nico y direcci\u00f3n web mediante cookies. Esto le resultar\u00e1 m\u00e1s c\u00f3modo, ya que no tendr\u00e1 que volver a rellenar estos datos cada vez que deje un comentario. Estas cookies se conservar\u00e1n durante un a\u00f1o.<\/p>\n\n\n\n<p>Si visita nuestra p\u00e1gina de inicio de sesi\u00f3n, estableceremos una cookie temporal para confirmar si su navegador acepta cookies. Esta cookie no contiene datos personales y se eliminar\u00e1 cuando cierre el navegador.<\/p>\n\n\n\n<p>Cuando inicia sesi\u00f3n, tambi\u00e9n configuramos varias cookies para guardar su informaci\u00f3n de inicio de sesi\u00f3n y sus opciones de visualizaci\u00f3n de pantalla. Las cookies de inicio de sesi\u00f3n se conservan durante dos d\u00edas, mientras que las cookies de opciones de visualizaci\u00f3n de pantalla se conservan durante un a\u00f1o. Si selecciona \u00abRecordarme\u00bb, su estado de inicio de sesi\u00f3n se conservar\u00e1 durante dos semanas. Si cierra sesi\u00f3n en su cuenta, se eliminar\u00e1n las cookies utilizadas para iniciar sesi\u00f3n.<\/p>\n\n\n\n<p>Si edita o publica un art\u00edculo, guardaremos una cookie adicional en su navegador. Esta cookie no contiene datos personales, solo registra el ID del art\u00edculo que acaba de editar. Esta cookie se conservar\u00e1 durante un d\u00eda.<\/p>\n\n\n\n<h2 class=\"wp-block-heading\">Contenido incrustado de otros sitios web<\/h2>\n\n\n\n<p>Los art\u00edculos de este sitio pueden contener contenido incrustado (como v\u00eddeos, im\u00e1genes, art\u00edculos, etc.). El comportamiento del contenido incrustado procedente de otros sitios no difiere del que se produce cuando se accede directamente a dichos sitios.<\/p>\n\n\n\n<p>Estos sitios pueden recopilar datos sobre usted, utilizar cookies, incorporar programas de seguimiento adicionales de terceros y supervisar su interacci\u00f3n con estos contenidos incorporados, incluso cuando tenga una cuenta en estos sitios y haya iniciado sesi\u00f3n en ellos, lo que incluye el seguimiento de su interacci\u00f3n con los contenidos incorporados.<\/p>\n\n\n\n<h2 class=\"wp-block-heading\">\u00bfCon qui\u00e9n compartimos su informaci\u00f3n?<\/h2>\n\n\n\n<p><strong class=\"privacy-policy-tutorial\"> <\/strong>Si solicita restablecer su contrase\u00f1a, su direcci\u00f3n IP se incluir\u00e1 en el correo electr\u00f3nico de restablecimiento de contrase\u00f1a.<\/p>\n\n\n\n<h2 class=\"wp-block-heading\">\u00bfCu\u00e1nto tiempo conservamos su informaci\u00f3n?<\/h2>\n\n\n\n<p>Si deja un comentario, el comentario y sus metadatos se conservar\u00e1n indefinidamente. Hacemos esto para poder reconocer y aprobar autom\u00e1ticamente cualquier comentario posterior, sin tener que a\u00f1adirlo a la cola de comentarios pendientes de aprobaci\u00f3n.<\/p>\n\n\n\n<p>Para los usuarios registrados en este sitio web, tambi\u00e9n guardamos la informaci\u00f3n personal que nos proporcionan en sus perfiles. Todos los usuarios pueden ver, editar o eliminar su informaci\u00f3n personal en cualquier momento (excepto el nombre de usuario, que no se puede cambiar), y los administradores del sitio tambi\u00e9n pueden ver y editar esa informaci\u00f3n.<\/p>\n\n\n\n<h2 class=\"wp-block-heading\">\u00bfQu\u00e9 derechos tiene sobre su informaci\u00f3n?<\/h2>\n\n\n\n<p>Si tiene una cuenta en este sitio web o ha dejado alg\u00fan comentario, puede solicitarnos un archivo con los datos personales que tenemos sobre usted, incluyendo todos los datos que nos haya facilitado. Tambi\u00e9n puede solicitarnos que eliminemos todos sus datos personales, excepto aquellos que debamos conservar por motivos administrativos, legales o de seguridad.<\/p>\n\n\n\n<h2 class=\"wp-block-heading\">\u00bfA d\u00f3nde se enviar\u00e1n sus datos?<\/h2>\n\n\n\n<p>Los comentarios de los visitantes pueden ser revisados por un servicio autom\u00e1tico de detecci\u00f3n de spam.<\/p>","protected":false},"excerpt":{"rendered":"<p>\u6211\u4eec\u662f\u8c01 \u6211\u4eec\u7684\u7ad9\u70b9\u5730\u5740\u662f\uff1ahttps:\/\/www.recolux-led.com\u3002 \u8bc4\u8bba \u5f53\u8bbf\u5ba2\u7559\u4e0b\u8bc4\u8bba\u65f6\uff0c\u6211\u4eec\u4f1a\u6536\u96c6\u8bc4\u8bba\u8868\u5355\u6240\u663e\u793a\u7684\u6570\u636e\uff0c\u548c\u8bbf\u5ba2\u7684 IP \u5730\u5740\u53ca\u6d4f\u89c8\u5668\u7684 User-Agent \u5b57\u7b26\u4e32\u6765\u5e2e\u52a9\u68c0\u67e5\u5783\u573e\u8bc4\u8bba\u3002 \u7531\u60a8\u7684\u90ae\u7bb1\u5730\u5740\u6240\u751f\u6210\u7684\u533f\u540d\u5316\u5b57\u7b26\u4e32\uff08\u53c8\u79f0\u4e3a\u54c8\u5e0c\uff09\u53ef\u80fd\u4f1a\u88ab\u63d0\u4f9b\u7ed9 Gravatar \u670d\u52a1\u786e\u8ba4\u60a8\u662f\u5426\u6709\u4f7f\u7528\u8be5\u670d\u52a1\u3002 Gravatar \u670d\u52a1\u7684\u9690\u79c1\u653f\u7b56\u5728\u6b64\uff1ahttps:\/\/automattic.com\/privacy\/\u3002\u5728\u60a8\u7684\u8bc4\u8bba\u83b7\u6279\u51c6\u540e\uff0c\u60a8\u7684\u8d44\u6599\u56fe\u7247\u5c06\u5728\u60a8\u7684\u8bc4\u8bba\u65c1\u516c\u5f00\u5c55\u793a\u3002 \u5a92\u4f53 \u5982\u679c\u60a8\u5411\u6b64\u7f51\u7ad9\u4e0a\u4f20\u56fe\u7247\uff0c\u60a8\u5e94\u5f53\u907f\u514d\u4e0a\u4f20\u90a3\u4e9b\u6709\u5d4c\u5165\u5730\u7406\u4f4d\u7f6e\u4fe1\u606f\uff08EXIF GPS\uff09\u7684\u56fe\u7247\u3002\u6b64\u7f51\u7ad9\u7684\u8bbf\u5ba2\u5c06\u53ef\u4ee5\u4e0b\u8f7d\u5e76\u63d0\u53d6\u6b64\u7f51\u7ad9\u7684\u56fe\u7247\u4e2d\u7684\u4f4d\u7f6e\u4fe1\u606f\u3002 Cookies \u5982\u679c\u60a8\u5728\u6211\u4eec\u7684\u7ad9\u70b9\u4e0a\u7559\u4e0b\u8bc4\u8bba\uff0c\u60a8\u53ef\u4ee5\u9009\u62e9\u7528 Cookies \u4fdd\u5b58\u60a8\u7684\u540d\u5b57\u3001\u90ae\u7bb1\u5730\u5740\u548c\u7f51\u7ad9\u5730\u5740\u3002\u8fd9\u662f\u901a\u8fc7\u8ba9\u60a8\u53ef\u4ee5\u4e0d\u7528\u5728\u8bc4\u8bba\u65f6\u518d\u6b21\u586b\u5199\u76f8\u5173\u5185\u5bb9\u800c\u5411\u60a8\u63d0\u4f9b\u65b9\u4fbf\u3002\u8fd9\u4e9b [&hellip;]<\/p>\n","protected":false},"author":1,"featured_media":0,"parent":0,"menu_order":0,"comment_status":"closed","ping_status":"open","template":"","meta":{"_uag_custom_page_level_css":"","site-sidebar-layout":"default","site-content-layout":"","ast-site-content-layout":"default","site-content-style":"default","site-sidebar-style":"default","ast-global-header-display":"","ast-banner-title-visibility":"","ast-main-header-display":"","ast-hfb-above-header-display":"","ast-hfb-below-header-display":"","ast-hfb-mobile-header-display":"","site-post-title":"","ast-breadcrumbs-content":"","ast-featured-img":"","footer-sml-layout":"","ast-disable-related-posts":"","theme-transparent-header-meta":"disabled","adv-header-id-meta":"","stick-header-meta":"","header-above-stick-meta":"","header-main-stick-meta":"","header-below-stick-meta":"","astra-migrate-meta-layouts":"default","ast-page-background-enabled":"default","ast-page-background-meta":{"desktop":{"background-color":"var(--ast-global-color-5)","background-image":"","background-repeat":"repeat","background-position":"center center","background-size":"auto","background-attachment":"scroll","background-type":"","background-media":"","overlay-type":"","overlay-color":"","overlay-opacity":"","overlay-gradient":""},"tablet":{"background-color":"","background-image":"","background-repeat":"repeat","background-position":"center center","background-size":"auto","background-attachment":"scroll","background-type":"","background-media":"","overlay-type":"","overlay-color":"","overlay-opacity":"","overlay-gradient":""},"mobile":{"background-color":"","background-image":"","background-repeat":"repeat","background-position":"center center","background-size":"auto","background-attachment":"scroll","background-type":"","background-media":"","overlay-type":"","overlay-color":"","overlay-opacity":"","overlay-gradient":""}},"ast-content-background-meta":{"desktop":{"background-color":"var(--ast-global-color-4)","background-image":"","background-repeat":"repeat","background-position":"center center","background-size":"auto","background-attachment":"scroll","background-type":"","background-media":"","overlay-type":"","overlay-color":"","overlay-opacity":"","overlay-gradient":""},"tablet":{"background-color":"var(--ast-global-color-4)","background-image":"","background-repeat":"repeat","background-position":"center center","background-size":"auto","background-attachment":"scroll","background-type":"","background-media":"","overlay-type":"","overlay-color":"","overlay-opacity":"","overlay-gradient":""},"mobile":{"background-color":"var(--ast-global-color-4)","background-image":"","background-repeat":"repeat","background-position":"center center","background-size":"auto","background-attachment":"scroll","background-type":"","background-media":"","overlay-type":"","overlay-color":"","overlay-opacity":"","overlay-gradient":""}},"footnotes":""},"class_list":["post-3","page","type-page","status-publish","hentry"],"spectra_custom_meta":{"_wp_page_template":["default"],"_wp_suggested_privacy_policy_content":["a:3:{s:11:\"plugin_name\";s:9:\"WordPress\";s:11:\"policy_text\";s:4282:\"<h2 class=\"wp-block-heading\">\u6211\u4eec\u662f\u8c01<\/h2><p><strong class=\"privacy-policy-tutorial\">\u63a8\u8350\u7684\u6587\u672c\uff1a <\/strong>\u6211\u4eec\u7684\u7ad9\u70b9\u5730\u5740\u662f\uff1ahttps:\/\/www.recolux-led.com\u3002<\/p><h2 class=\"wp-block-heading\">\u8bc4\u8bba<\/h2><p><strong class=\"privacy-policy-tutorial\">\u63a8\u8350\u7684\u6587\u672c\uff1a <\/strong>\u5f53\u8bbf\u5ba2\u7559\u4e0b\u8bc4\u8bba\u65f6\uff0c\u6211\u4eec\u4f1a\u6536\u96c6\u8bc4\u8bba\u8868\u5355\u6240\u663e\u793a\u7684\u6570\u636e\uff0c\u548c\u8bbf\u5ba2\u7684 IP \u5730\u5740\u53ca\u6d4f\u89c8\u5668\u7684 User-Agent \u5b57\u7b26\u4e32\u6765\u5e2e\u52a9\u68c0\u67e5\u5783\u573e\u8bc4\u8bba\u3002<\/p><p>\u7531\u60a8\u7684\u90ae\u7bb1\u5730\u5740\u6240\u751f\u6210\u7684\u533f\u540d\u5316\u5b57\u7b26\u4e32\uff08\u53c8\u79f0\u4e3a\u54c8\u5e0c\uff09\u53ef\u80fd\u4f1a\u88ab\u63d0\u4f9b\u7ed9 Gravatar \u670d\u52a1\u786e\u8ba4\u60a8\u662f\u5426\u6709\u4f7f\u7528\u8be5\u670d\u52a1\u3002 Gravatar \u670d\u52a1\u7684\u9690\u79c1\u653f\u7b56\u5728\u6b64\uff1ahttps:\/\/automattic.com\/privacy\/\u3002\u5728\u60a8\u7684\u8bc4\u8bba\u83b7\u6279\u51c6\u540e\uff0c\u60a8\u7684\u8d44\u6599\u56fe\u7247\u5c06\u5728\u60a8\u7684\u8bc4\u8bba\u65c1\u516c\u5f00\u5c55\u793a\u3002<\/p><h2 class=\"wp-block-heading\">\u5a92\u4f53<\/h2><p><strong class=\"privacy-policy-tutorial\">\u63a8\u8350\u7684\u6587\u672c\uff1a <\/strong>\u5982\u679c\u60a8\u5411\u6b64\u7f51\u7ad9\u4e0a\u4f20\u56fe\u7247\uff0c\u60a8\u5e94\u5f53\u907f\u514d\u4e0a\u4f20\u90a3\u4e9b\u6709\u5d4c\u5165\u5730\u7406\u4f4d\u7f6e\u4fe1\u606f\uff08EXIF GPS\uff09\u7684\u56fe\u7247\u3002\u6b64\u7f51\u7ad9\u7684\u8bbf\u5ba2\u5c06\u53ef\u4ee5\u4e0b\u8f7d\u5e76\u63d0\u53d6\u6b64\u7f51\u7ad9\u7684\u56fe\u7247\u4e2d\u7684\u4f4d\u7f6e\u4fe1\u606f\u3002<\/p><h2 class=\"wp-block-heading\">Cookies<\/h2><p><strong class=\"privacy-policy-tutorial\">\u63a8\u8350\u7684\u6587\u672c\uff1a <\/strong>\u5982\u679c\u60a8\u5728\u6211\u4eec\u7684\u7ad9\u70b9\u4e0a\u7559\u4e0b\u8bc4\u8bba\uff0c\u60a8\u53ef\u4ee5\u9009\u62e9\u7528 Cookies \u4fdd\u5b58\u60a8\u7684\u540d\u5b57\u3001\u90ae\u7bb1\u5730\u5740\u548c\u7f51\u7ad9\u5730\u5740\u3002\u8fd9\u662f\u901a\u8fc7\u8ba9\u60a8\u53ef\u4ee5\u4e0d\u7528\u5728\u8bc4\u8bba\u65f6\u518d\u6b21\u586b\u5199\u76f8\u5173\u5185\u5bb9\u800c\u5411\u60a8\u63d0\u4f9b\u65b9\u4fbf\u3002\u8fd9\u4e9b Cookies \u4f1a\u4fdd\u7559\u4e00\u5e74\u3002<\/p><p>\u5982\u679c\u60a8\u8bbf\u95ee\u6211\u4eec\u7684\u767b\u5f55\u9875\uff0c\u6211\u4eec\u4f1a\u8bbe\u7f6e\u4e00\u4e2a\u4e34\u65f6\u7684 Cookie \u6765\u786e\u8ba4\u60a8\u7684\u6d4f\u89c8\u5668\u662f\u5426\u63a5\u53d7 Cookies\u3002\u6b64 Cookie \u4e0d\u5305\u542b\u4e2a\u4eba\u6570\u636e\uff0c\u4e14\u4f1a\u5728\u60a8\u5173\u95ed\u6d4f\u89c8\u5668\u65f6\u88ab\u4e22\u5f03\u3002<\/p><p>\u5f53\u60a8\u767b\u5f55\u65f6\uff0c\u6211\u4eec\u4e5f\u4f1a\u8bbe\u7f6e\u591a\u4e2a Cookies \u6765\u4fdd\u5b58\u60a8\u7684\u767b\u5f55\u4fe1\u606f\u53ca\u5c4f\u5e55\u663e\u793a\u9009\u9879\u3002\u767b\u5f55 Cookies \u4f1a\u4fdd\u7559\u4e24\u5929\uff0c\u800c\u5c4f\u5e55\u663e\u793a\u9009\u9879 Cookies \u4f1a\u4fdd\u7559\u4e00\u5e74\u3002\u5982\u679c\u60a8\u9009\u62e9\u4e86\u300c\u8bb0\u4f4f\u6211\u300d\uff0c\u60a8\u7684\u767b\u5f55\u72b6\u6001\u5219\u4f1a\u4fdd\u7559\u4e24\u5468\u3002\u5982\u679c\u60a8\u6ce8\u9500\u767b\u9646\u4e86\u60a8\u7684\u8d26\u6237\uff0c\u7528\u4e8e\u767b\u5f55\u7684 Cookies \u5c06\u4f1a\u88ab\u79fb\u9664\u3002<\/p><p>\u5982\u679c\u60a8\u7f16\u8f91\u6216\u53d1\u5e03\u6587\u7ae0\uff0c\u6211\u4eec\u4f1a\u5728\u60a8\u7684\u6d4f\u89c8\u5668\u4e2d\u4fdd\u5b58\u4e00\u4e2a\u989d\u5916\u7684 Cookie\u3002\u8fd9\u4e2a Cookie \u4e0d\u5305\u542b\u4e2a\u4eba\u6570\u636e\u800c\u53ea\u8bb0\u5f55\u4e86\u60a8\u521a\u624d\u7f16\u8f91\u7684\u6587\u7ae0\u7684 ID\u3002\u8fd9\u4e2a Cookie \u4f1a\u4fdd\u7559\u4e00\u5929\u3002<\/p><h2 class=\"wp-block-heading\">\u6765\u81ea\u5176\u4ed6\u7f51\u7ad9\u7684\u5d4c\u5165\u5185\u5bb9<\/h2><p><strong class=\"privacy-policy-tutorial\">\u63a8\u8350\u7684\u6587\u672c\uff1a <\/strong>\u6b64\u7ad9\u70b9\u4e0a\u7684\u6587\u7ae0\u53ef\u80fd\u4f1a\u5305\u542b\u5d4c\u5165\u7684\u5185\u5bb9\uff08\u5982\u89c6\u9891\u3001\u56fe\u7247\u3001\u6587\u7ae0\u7b49\uff09\u3002\u6765\u81ea\u5176\u4ed6\u7ad9\u70b9\u7684\u5d4c\u5165\u5185\u5bb9\u7684\u884c\u4e3a\u548c\u60a8\u76f4\u63a5\u8bbf\u95ee\u8fd9\u4e9b\u5176\u4ed6\u7ad9\u70b9\u6ca1\u6709\u533a\u522b\u3002<\/p><p>\u8fd9\u4e9b\u7ad9\u70b9\u53ef\u80fd\u4f1a\u6536\u96c6\u5173\u4e8e\u60a8\u7684\u6570\u636e\u3001\u4f7f\u7528 Cookies \u3001\u5d4c\u5165\u989d\u5916\u7684\u7b2c\u4e09\u65b9\u8ddf\u8e2a\u7a0b\u5e8f\u53ca\u76d1\u89c6\u60a8\u4e0e\u8fd9\u4e9b\u5d4c\u5165\u5185\u5bb9\u7684\u4ea4\u4e92\uff0c\u5305\u62ec\u5728\u60a8\u6709\u8fd9\u4e9b\u7ad9\u70b9\u7684\u8d26\u6237\u5e76\u767b\u5f55\u4e86\u8fd9\u4e9b\u7ad9\u70b9\u65f6\uff0c\u8ddf\u8e2a\u60a8\u4e0e\u5d4c\u5165\u5185\u5bb9\u7684\u4ea4\u4e92\u3002<\/p><h2 class=\"wp-block-heading\">\u6211\u4eec\u4e0e\u8c01\u5171\u4eab\u60a8\u7684\u4fe1\u606f<\/h2><p><strong class=\"privacy-policy-tutorial\">\u63a8\u8350\u7684\u6587\u672c\uff1a <\/strong>\u82e5\u60a8\u8bf7\u6c42\u91cd\u7f6e\u5bc6\u7801\uff0c\u60a8\u7684 IP \u5730\u5740\u5c06\u5305\u542b\u4e8e\u5bc6\u7801\u91cd\u7f6e\u90ae\u4ef6\u4e2d\u3002<\/p><h2 class=\"wp-block-heading\">\u6211\u4eec\u4fdd\u7559\u591a\u4e45\u60a8\u7684\u4fe1\u606f<\/h2><p><strong class=\"privacy-policy-tutorial\">\u63a8\u8350\u7684\u6587\u672c\uff1a <\/strong>\u5982\u679c\u60a8\u7559\u4e0b\u8bc4\u8bba\uff0c\u8bc4\u8bba\u548c\u5176\u5143\u6570\u636e\u5c06\u88ab\u65e0\u9650\u671f\u4fdd\u5b58\u3002\u6211\u4eec\u8fd9\u6837\u505a\u4ee5\u4fbf\u80fd\u8bc6\u522b\u5e76\u81ea\u52a8\u6279\u51c6\u4efb\u4f55\u540e\u7eed\u8bc4\u8bba\uff0c\u800c\u4e0d\u7528\u5c06\u8fd9\u4e9b\u540e\u7eed\u8bc4\u8bba\u52a0\u5165\u5f85\u5ba1\u961f\u5217\u3002<\/p><p>\u5bf9\u4e8e\u672c\u7f51\u7ad9\u7684\u6ce8\u518c\u7528\u6237\uff0c\u6211\u4eec\u4e5f\u4f1a\u4fdd\u5b58\u7528\u6237\u5728\u4e2a\u4eba\u8d44\u6599\u4e2d\u63d0\u4f9b\u7684\u4e2a\u4eba\u4fe1\u606f\u3002\u6240\u6709\u7528\u6237\u53ef\u4ee5\u5728\u4efb\u4f55\u65f6\u5019\u67e5\u770b\u3001\u7f16\u8f91\u6216\u5220\u9664\u4ed6\u4eec\u7684\u4e2a\u4eba\u4fe1\u606f\uff08\u9664\u4e86\u4e0d\u80fd\u53d8\u66f4\u7528\u6237\u540d\u5916\uff09\u3001\u7ad9\u70b9\u7ba1\u7406\u5458\u4e5f\u53ef\u4ee5\u67e5\u770b\u53ca\u7f16\u8f91\u90a3\u4e9b\u4fe1\u606f\u3002<\/p><h2 class=\"wp-block-heading\">\u60a8\u5bf9\u60a8\u7684\u4fe1\u606f\u6709\u4ec0\u4e48\u6743\u5229<\/h2><p><strong class=\"privacy-policy-tutorial\">\u63a8\u8350\u7684\u6587\u672c\uff1a <\/strong>\u5982\u679c\u60a8\u6709\u6b64\u7ad9\u70b9\u7684\u8d26\u6237\uff0c\u6216\u66fe\u7ecf\u7559\u4e0b\u8bc4\u8bba\uff0c\u60a8\u53ef\u4ee5\u8bf7\u6c42\u6211\u4eec\u63d0\u4f9b\u6211\u4eec\u6240\u62e5\u6709\u7684\u60a8\u7684\u4e2a\u4eba\u6570\u636e\u7684\u5bfc\u51fa\u6587\u4ef6\uff0c\u8fd9\u4e5f\u5305\u62ec\u4e86\u6240\u6709\u60a8\u63d0\u4f9b\u7ed9\u6211\u4eec\u7684\u6570\u636e\u3002\u60a8\u4e5f\u53ef\u4ee5\u8981\u6c42\u6211\u4eec\u62b9\u9664\u6240\u6709\u5173\u4e8e\u60a8\u7684\u4e2a\u4eba\u6570\u636e\u3002\u8fd9\u4e0d\u5305\u62ec\u6211\u4eec\u56e0\u7ba1\u7406\u3001\u6cd5\u89c4\u6216\u5b89\u5168\u9700\u8981\u800c\u5fc5\u987b\u4fdd\u7559\u7684\u6570\u636e\u3002<\/p><h2 class=\"wp-block-heading\">\u60a8\u7684\u6570\u636e\u5c06\u53d1\u9001\u5230\u4f55\u5904<\/h2><p><strong class=\"privacy-policy-tutorial\">\u63a8\u8350\u7684\u6587\u672c\uff1a <\/strong>\u8bbf\u5ba2\u8bc4\u8bba\u53ef\u80fd\u4f1a\u88ab\u81ea\u52a8\u5783\u573e\u8bc4\u8bba\u76d1\u6d4b\u670d\u52a1\u68c0\u67e5\u3002<\/p>\";s:5:\"added\";i:1756640899;}"],"_edit_lock":["1756732542:1"],"_uag_custom_page_level_css":[""],"site-sidebar-layout":["default"],"site-content-layout":[""],"ast-site-content-layout":["default"],"site-content-style":["default"],"site-sidebar-style":["default"],"ast-global-header-display":[""],"ast-banner-title-visibility":[""],"ast-main-header-display":[""],"ast-hfb-above-header-display":[""],"ast-hfb-below-header-display":[""],"ast-hfb-mobile-header-display":[""],"site-post-title":[""],"ast-breadcrumbs-content":[""],"ast-featured-img":[""],"footer-sml-layout":[""],"theme-transparent-header-meta":["disabled"],"adv-header-id-meta":[""],"stick-header-meta":[""],"header-above-stick-meta":[""],"header-main-stick-meta":[""],"header-below-stick-meta":[""],"astra-migrate-meta-layouts":["default"],"ast-page-background-enabled":["default"],"ast-page-background-meta":["a:3:{s:7:\"desktop\";a:12:{s:16:\"background-color\";s:25:\"var(--ast-global-color-5)\";s:16:\"background-image\";s:0:\"\";s:17:\"background-repeat\";s:6:\"repeat\";s:19:\"background-position\";s:13:\"center center\";s:15:\"background-size\";s:4:\"auto\";s:21:\"background-attachment\";s:6:\"scroll\";s:15:\"background-type\";s:0:\"\";s:16:\"background-media\";s:0:\"\";s:12:\"overlay-type\";s:0:\"\";s:13:\"overlay-color\";s:0:\"\";s:15:\"overlay-opacity\";s:0:\"\";s:16:\"overlay-gradient\";s:0:\"\";}s:6:\"tablet\";a:12:{s:16:\"background-color\";s:0:\"\";s:16:\"background-image\";s:0:\"\";s:17:\"background-repeat\";s:6:\"repeat\";s:19:\"background-position\";s:13:\"center center\";s:15:\"background-size\";s:4:\"auto\";s:21:\"background-attachment\";s:6:\"scroll\";s:15:\"background-type\";s:0:\"\";s:16:\"background-media\";s:0:\"\";s:12:\"overlay-type\";s:0:\"\";s:13:\"overlay-color\";s:0:\"\";s:15:\"overlay-opacity\";s:0:\"\";s:16:\"overlay-gradient\";s:0:\"\";}s:6:\"mobile\";a:12:{s:16:\"background-color\";s:0:\"\";s:16:\"background-image\";s:0:\"\";s:17:\"background-repeat\";s:6:\"repeat\";s:19:\"background-position\";s:13:\"center center\";s:15:\"background-size\";s:4:\"auto\";s:21:\"background-attachment\";s:6:\"scroll\";s:15:\"background-type\";s:0:\"\";s:16:\"background-media\";s:0:\"\";s:12:\"overlay-type\";s:0:\"\";s:13:\"overlay-color\";s:0:\"\";s:15:\"overlay-opacity\";s:0:\"\";s:16:\"overlay-gradient\";s:0:\"\";}}"],"ast-content-background-meta":["a:3:{s:7:\"desktop\";a:12:{s:16:\"background-color\";s:25:\"var(--ast-global-color-4)\";s:16:\"background-image\";s:0:\"\";s:17:\"background-repeat\";s:6:\"repeat\";s:19:\"background-position\";s:13:\"center center\";s:15:\"background-size\";s:4:\"auto\";s:21:\"background-attachment\";s:6:\"scroll\";s:15:\"background-type\";s:0:\"\";s:16:\"background-media\";s:0:\"\";s:12:\"overlay-type\";s:0:\"\";s:13:\"overlay-color\";s:0:\"\";s:15:\"overlay-opacity\";s:0:\"\";s:16:\"overlay-gradient\";s:0:\"\";}s:6:\"tablet\";a:12:{s:16:\"background-color\";s:25:\"var(--ast-global-color-4)\";s:16:\"background-image\";s:0:\"\";s:17:\"background-repeat\";s:6:\"repeat\";s:19:\"background-position\";s:13:\"center center\";s:15:\"background-size\";s:4:\"auto\";s:21:\"background-attachment\";s:6:\"scroll\";s:15:\"background-type\";s:0:\"\";s:16:\"background-media\";s:0:\"\";s:12:\"overlay-type\";s:0:\"\";s:13:\"overlay-color\";s:0:\"\";s:15:\"overlay-opacity\";s:0:\"\";s:16:\"overlay-gradient\";s:0:\"\";}s:6:\"mobile\";a:12:{s:16:\"background-color\";s:25:\"var(--ast-global-color-4)\";s:16:\"background-image\";s:0:\"\";s:17:\"background-repeat\";s:6:\"repeat\";s:19:\"background-position\";s:13:\"center center\";s:15:\"background-size\";s:4:\"auto\";s:21:\"background-attachment\";s:6:\"scroll\";s:15:\"background-type\";s:0:\"\";s:16:\"background-media\";s:0:\"\";s:12:\"overlay-type\";s:0:\"\";s:13:\"overlay-color\";s:0:\"\";s:15:\"overlay-opacity\";s:0:\"\";s:16:\"overlay-gradient\";s:0:\"\";}}"],"footnotes":[""],"rank_math_news_sitemap_robots":["index"],"rank_math_robots":["a:1:{i:0;s:5:\"index\";}"],"_uag_css_file_name":["uag-css-3.css"]},"uagb_featured_image_src":{"full":false,"thumbnail":false,"medium":false,"medium_large":false,"large":false,"1536x1536":false,"2048x2048":false,"trp-custom-language-flag":false,"woocommerce_thumbnail":false,"woocommerce_single":false,"woocommerce_gallery_thumbnail":false},"uagb_author_info":{"display_name":"r1e4c5olux","author_link":"https:\/\/www.recolux-led.com\/es\/author\/r1e4c5olux\/"},"uagb_comment_info":0,"uagb_excerpt":"\u6211\u4eec\u662f\u8c01 \u6211\u4eec\u7684\u7ad9\u70b9\u5730\u5740\u662f\uff1ahttps:\/\/www.recolux-led.com\u3002 \u8bc4\u8bba \u5f53\u8bbf\u5ba2\u7559\u4e0b\u8bc4\u8bba\u65f6\uff0c\u6211\u4eec\u4f1a\u6536\u96c6\u8bc4\u8bba\u8868\u5355\u6240\u663e\u793a\u7684\u6570\u636e\uff0c\u548c\u8bbf\u5ba2\u7684 IP \u5730\u5740\u53ca\u6d4f\u89c8\u5668\u7684 User-Agent \u5b57\u7b26\u4e32\u6765\u5e2e\u52a9\u68c0\u67e5\u5783\u573e\u8bc4\u8bba\u3002 \u7531\u60a8\u7684\u90ae\u7bb1\u5730\u5740\u6240\u751f\u6210\u7684\u533f\u540d\u5316\u5b57\u7b26\u4e32\uff08\u53c8\u79f0\u4e3a\u54c8\u5e0c\uff09\u53ef\u80fd\u4f1a\u88ab\u63d0\u4f9b\u7ed9 Gravatar \u670d\u52a1\u786e\u8ba4\u60a8\u662f\u5426\u6709\u4f7f\u7528\u8be5\u670d\u52a1\u3002 Gravatar \u670d\u52a1\u7684\u9690\u79c1\u653f\u7b56\u5728\u6b64\uff1ahttps:\/\/automattic.com\/privacy\/\u3002\u5728\u60a8\u7684\u8bc4\u8bba\u83b7\u6279\u51c6\u540e\uff0c\u60a8\u7684\u8d44\u6599\u56fe\u7247\u5c06\u5728\u60a8\u7684\u8bc4\u8bba\u65c1\u516c\u5f00\u5c55\u793a\u3002 \u5a92\u4f53 \u5982\u679c\u60a8\u5411\u6b64\u7f51\u7ad9\u4e0a\u4f20\u56fe\u7247\uff0c\u60a8\u5e94\u5f53\u907f\u514d\u4e0a\u4f20\u90a3\u4e9b\u6709\u5d4c\u5165\u5730\u7406\u4f4d\u7f6e\u4fe1\u606f\uff08EXIF GPS\uff09\u7684\u56fe\u7247\u3002\u6b64\u7f51\u7ad9\u7684\u8bbf\u5ba2\u5c06\u53ef\u4ee5\u4e0b\u8f7d\u5e76\u63d0\u53d6\u6b64\u7f51\u7ad9\u7684\u56fe\u7247\u4e2d\u7684\u4f4d\u7f6e\u4fe1\u606f\u3002 Cookies \u5982\u679c\u60a8\u5728\u6211\u4eec\u7684\u7ad9\u70b9\u4e0a\u7559\u4e0b\u8bc4\u8bba\uff0c\u60a8\u53ef\u4ee5\u9009\u62e9\u7528 Cookies \u4fdd\u5b58\u60a8\u7684\u540d\u5b57\u3001\u90ae\u7bb1\u5730\u5740\u548c\u7f51\u7ad9\u5730\u5740\u3002\u8fd9\u662f\u901a\u8fc7\u8ba9\u60a8\u53ef\u4ee5\u4e0d\u7528\u5728\u8bc4\u8bba\u65f6\u518d\u6b21\u586b\u5199\u76f8\u5173\u5185\u5bb9\u800c\u5411\u60a8\u63d0\u4f9b\u65b9\u4fbf\u3002\u8fd9\u4e9b [&hellip;]","_links":{"self":[{"href":"https:\/\/www.recolux-led.com\/es\/wp-json\/wp\/v2\/pages\/3","targetHints":{"allow":["GET"]}}],"collection":[{"href":"https:\/\/www.recolux-led.com\/es\/wp-json\/wp\/v2\/pages"}],"about":[{"href":"https:\/\/www.recolux-led.com\/es\/wp-json\/wp\/v2\/types\/page"}],"author":[{"embeddable":true,"href":"https:\/\/www.recolux-led.com\/es\/wp-json\/wp\/v2\/users\/1"}],"replies":[{"embeddable":true,"href":"https:\/\/www.recolux-led.com\/es\/wp-json\/wp\/v2\/comments?post=3"}],"version-history":[{"count":1,"href":"https:\/\/www.recolux-led.com\/es\/wp-json\/wp\/v2\/pages\/3\/revisions"}],"predecessor-version":[{"id":42,"href":"https:\/\/www.recolux-led.com\/es\/wp-json\/wp\/v2\/pages\/3\/revisions\/42"}],"wp:attachment":[{"href":"https:\/\/www.recolux-led.com\/es\/wp-json\/wp\/v2\/media?parent=3"}],"curies":[{"name":"wp","href":"https:\/\/api.w.org\/{rel}","templated":true}]}}