{"id":579,"date":"2025-11-23T04:47:44","date_gmt":"2025-11-23T12:47:44","guid":{"rendered":"https:\/\/www.recolux-led.com\/?page_id=579"},"modified":"2025-11-23T06:27:07","modified_gmt":"2025-11-23T14:27:07","slug":"wasserdichte-beleuchtungsanwendungen","status":"publish","type":"page","link":"https:\/\/www.recolux-led.com\/de\/anwendungen\/wasserdichte-beleuchtungsanwendungen\/","title":{"rendered":"Wasserdichte Beleuchtungsanwendungen"},"content":{"rendered":"<div class=\"wp-block-uagb-container uagb-block-dbf107e5 alignfull uagb-is-root-container\">\n<div class=\"wp-block-uagb-advanced-heading uagb-block-bb0fbe43\"><h1 class=\"uagb-heading-text\">Wasserdichte Beleuchtung<\/h1><p class=\"uagb-desc-text\">Hohe IP- und IK-Leistung f\u00fcr Ihre rauen Anwendungen.<\/p><\/div>\n<\/div>\n\n\n\n<div class=\"wp-block-uagb-container uagb-block-ee3a534d alignfull uagb-is-root-container\"><div class=\"uagb-container-inner-blocks-wrap\">\n<div class=\"wp-block-uagb-tabs uagb-block-c8a0a93d uagb-tabs__wrap uagb-tabs__hstyle3-desktop uagb-tabs__vstyle6-tablet uagb-tabs__stack1-mobile\" data-tab-active=\"0\"><ul class=\"uagb-tabs__panel uagb-tabs__align-center\" role=\"tablist\"><li class=\"uagb-tab uagb-tabs__active\" role=\"none\"><a href=\"#uagb-tabs__tab0\" class=\"uagb-tabs-list uagb-tabs__icon-position-left\" data-tab=\"0\" role=\"tab\"><div>Kuhfarm - Norddeutschland<\/div><\/a><\/li><li class=\"uagb-tab\" role=\"none\"><a href=\"#uagb-tabs__tab1\" class=\"uagb-tabs-list uagb-tabs__icon-position-left\" data-tab=\"1\" role=\"tab\"><div>Schweinezucht - D\u00e4nemark<\/div><\/a><\/li><li class=\"uagb-tab\" role=\"none\"><a href=\"#uagb-tabs__tab2\" class=\"uagb-tabs-list uagb-tabs__icon-position-left\" data-tab=\"2\" role=\"tab\"><div>Garage - D\u00e4nemark<\/div><\/a><\/li><\/ul><div class=\"uagb-tabs__body-wrap\">\n<div class=\"wp-block-uagb-tabs-child uagb-tabs__body-container uagb-inner-tab-0\" aria-labelledby=\"uagb-tabs__tab0\">\n<div class=\"wp-block-uagb-image uagb-block-68ab5340 wp-block-uagb-image--layout-overlay wp-block-uagb-image--effect-static wp-block-uagb-image--align-none\"><figure class=\"wp-block-uagb-image__figure\"><img decoding=\"async\" srcset=\"https:\/\/www.recolux-led.com\/wp-content\/uploads\/2025\/11\/Cow-Farm-Northern-Germany-1.webp ,https:\/\/www.recolux-led.com\/wp-content\/uploads\/2025\/11\/Cow-Farm-Northern-Germany-1.webp 780w, https:\/\/www.recolux-led.com\/wp-content\/uploads\/2025\/11\/Cow-Farm-Northern-Germany-1.webp 360w\" sizes=\"auto, (max-width: 480px) 150px\" src=\"https:\/\/www.recolux-led.com\/wp-content\/uploads\/2025\/11\/Cow-Farm-Northern-Germany-1.webp\" alt=\"\" class=\"uag-image-584\" width=\"1800\" height=\"800\" title=\"Kuhstall Norddeutschland 1\" loading=\"lazy\" role=\"img\"\/><div class=\"wp-block-uagb-image--layout-overlay__color-wrapper\"><\/div><div class=\"wp-block-uagb-image--layout-overlay__inner center-center\"><h2 class=\"uagb-image-heading\">Kuhfarm - Norddeutschland<\/h2><figcaption class=\"uagb-image-caption\">IP69K R\u00f6hrenleuchten mit DT8 CCT-L\u00f6sung, 2700K bis 6500K intelligente DALI-Steuerung, die das Tageslicht simuliert, um die beste Wachstumsumgebung f\u00fcr s\u00fc\u00dfe K\u00fche zu bieten. Das Rohmaterial ist speziell gegen Ammoniak und bietet Leuchten mit l\u00e4ngerer Lebensdauer.<\/figcaption><\/div><\/figure><\/div>\n<\/div>\n\n\n\n<div class=\"wp-block-uagb-tabs-child uagb-tabs__body-container uagb-inner-tab-1\" aria-labelledby=\"uagb-tabs__tab1\">\n<div class=\"wp-block-uagb-image uagb-block-b803a5e4 wp-block-uagb-image--layout-overlay wp-block-uagb-image--effect-static wp-block-uagb-image--align-none\"><figure class=\"wp-block-uagb-image__figure\"><img decoding=\"async\" srcset=\"https:\/\/www.recolux-led.com\/wp-content\/uploads\/2025\/11\/Pig-Farm-Denmark-1.webp ,https:\/\/www.recolux-led.com\/wp-content\/uploads\/2025\/11\/Pig-Farm-Denmark-1.webp 780w, https:\/\/www.recolux-led.com\/wp-content\/uploads\/2025\/11\/Pig-Farm-Denmark-1.webp 360w\" sizes=\"auto, (max-width: 480px) 150px\" src=\"https:\/\/www.recolux-led.com\/wp-content\/uploads\/2025\/11\/Pig-Farm-Denmark-1.webp\" alt=\"\" class=\"uag-image-585\" width=\"1800\" height=\"800\" title=\"Schweinezucht D\u00e4nemark 1\" loading=\"lazy\" role=\"img\"\/><div class=\"wp-block-uagb-image--layout-overlay__color-wrapper\"><\/div><div class=\"wp-block-uagb-image--layout-overlay__inner center-center\"><h2 class=\"uagb-image-heading\">Schweinezucht - D\u00e4nemark<\/h2><figcaption class=\"uagb-image-caption\">Die Leuchten mit drehbaren Clips sorgen f\u00fcr eine weitreichende Beleuchtung des Raums.<\/figcaption><\/div><\/figure><\/div>\n<\/div>\n\n\n\n<div class=\"wp-block-uagb-tabs-child uagb-tabs__body-container uagb-inner-tab-2\" aria-labelledby=\"uagb-tabs__tab2\">\n<div class=\"wp-block-uagb-image uagb-block-16405721 wp-block-uagb-image--layout-overlay wp-block-uagb-image--effect-static wp-block-uagb-image--align-none\"><figure class=\"wp-block-uagb-image__figure\"><img decoding=\"async\" srcset=\"https:\/\/www.recolux-led.com\/wp-content\/uploads\/2025\/11\/Garage-Denmark.webp ,https:\/\/www.recolux-led.com\/wp-content\/uploads\/2025\/11\/Garage-Denmark.webp 780w, https:\/\/www.recolux-led.com\/wp-content\/uploads\/2025\/11\/Garage-Denmark.webp 360w\" sizes=\"auto, (max-width: 480px) 150px\" src=\"https:\/\/www.recolux-led.com\/wp-content\/uploads\/2025\/11\/Garage-Denmark.webp\" alt=\"\" class=\"uag-image-583\" width=\"1800\" height=\"800\" title=\"Garage D\u00e4nemark\" loading=\"lazy\" role=\"img\"\/><div class=\"wp-block-uagb-image--layout-overlay__color-wrapper\"><\/div><div class=\"wp-block-uagb-image--layout-overlay__inner center-center\"><h2 class=\"uagb-image-heading\">Garage - D\u00e4nemark<\/h2><figcaption class=\"uagb-image-caption\">E-open Tri-proof Licht<\/figcaption><\/div><\/figure><\/div>\n<\/div>\n<\/div><\/div>\n<\/div><\/div>\n\n\n\n<div class=\"wp-block-uagb-container uagb-block-fa07dc53 alignfull uagb-is-root-container\"><div class=\"uagb-container-inner-blocks-wrap\">\n<div class=\"wp-block-uagb-advanced-heading uagb-block-f9787686\"><h2 class=\"uagb-heading-text\">Zugeh\u00f6riges Produkt<\/h2><div class=\"uagb-separator\"><\/div><\/div>\n\n\n<\/div><\/div>\n\n\n\n<div class=\"wp-block-uagb-container uagb-block-d4bf4c50 alignfull uagb-is-root-container\"><div class=\"uagb-container-inner-blocks-wrap\">\n<div class=\"wp-block-uagb-advanced-heading uagb-block-000ba8bb\"><h2 class=\"uagb-heading-text\">\u00c4hnliche Artikel<\/h2><\/div>\n\n\n\n\t\t\t<div class=\"wp-block-uagb-post-carousel uagb-post-grid  uagb-post__image-position-top uagb-post__image-enabled uagb-block-b8266a01     uagb-post__arrow-outside uagb-post__items uagb-post__columns-3 is-carousel uagb-post__columns-tablet-2 uagb-post__columns-mobile-1\" data-total=\"5\" style=\"\">\n\n\t\t\t\t\t\t\t\t\t\t\t\t<article class=\"uagb-post__inner-wrap\">\t\t\t\t\t\t\t\t<div class='uagb-post__image'>\n\t\t\t\t\t\t\t\t\t<a href=\"https:\/\/www.recolux-led.com\/de\/industrial-led-color-temperature-3000k-4000k-5000k-2\/\" target=\"_self\" rel=\"bookmark noopener noreferrer\"><img loading=\"lazy\" decoding=\"async\" width=\"1200\" height=\"800\" src=\"https:\/\/www.recolux-led.com\/wp-content\/uploads\/2026\/04\/industrial-led-color-temperature.jpg\" class=\"attachment-large size-large\" alt=\"\" srcset=\"https:\/\/www.recolux-led.com\/wp-content\/uploads\/2026\/04\/industrial-led-color-temperature.jpg 1200w, https:\/\/www.recolux-led.com\/wp-content\/uploads\/2026\/04\/industrial-led-color-temperature-768x512.jpg 768w, https:\/\/www.recolux-led.com\/wp-content\/uploads\/2026\/04\/industrial-led-color-temperature-18x12.jpg 18w, https:\/\/www.recolux-led.com\/wp-content\/uploads\/2026\/04\/industrial-led-color-temperature-600x400.jpg 600w\" sizes=\"auto, (max-width: 1200px) 100vw, 1200px\" \/>\t\t\t\t\t<\/a>\n\t\t\t\t\t\t\t\t\t<\/div>\n\t\t\t\t\t\t<h4 class=\"uagb-post__title uagb-post__text\">\n\t\t\t\t<a href=\"https:\/\/www.recolux-led.com\/de\/industrial-led-color-temperature-3000k-4000k-5000k-2\/\" target=\"_self\" rel=\"bookmark noopener noreferrer\">Industrielle LED-Farbtemperatur: 3000K vs. 4000K vs. 5000K - Was ist das Richtige f\u00fcr Ihre Einrichtung?<\/a>\n\t\t\t<\/h4>\n\t\t\t\t\t\t<div class='uagb-post__text uagb-post-grid-byline'>\n\t\t\t\t\t\t\t\t<time datetime=\"2026-04-29T03:33:22-08:00\" class=\"uagb-post__date\">\n\t\t\t\t<span class=\"dashicons-calendar dashicons\"><\/span>\t\t\t\t\t04\/29\/2026\t\t\t\t<\/time>\n\t\t\t\t\t\t<\/div>\n\t\t\t\t\t\t\t<div class='uagb-post__text uagb-post__excerpt'>\n\t\t\t\t\t<p>Industrielle LED-Beleuchtung mit der richtigen Farbtemperatur verbessert die Sicht im Lager und die Leistung der Mitarbeiter....\t\t\t\t<\/div>\n\t\t\t\t\t\t<div class=\"uagb-post__text uagb-post__cta wp-block-button\">\n\t\t\t\t<a class=\"wp-block-button__link uagb-text-link\" style=\"\" href=\"https:\/\/www.recolux-led.com\/de\/industrial-led-color-temperature-3000k-4000k-5000k-2\/\" target=\"_self\" rel=\"bookmark noopener noreferrer\">Weiterlesen<\/a>\n\t\t\t<\/div>\n\t\t\t\n\t\t\t\t\t\t\t\t\t<\/article>\n\t\t\t\t\t\t\t\t\t\t\t\t\t\t\t\t<article class=\"uagb-post__inner-wrap\">\t\t\t\t\t\t\t\t<div class='uagb-post__image'>\n\t\t\t\t\t\t\t\t\t<a href=\"https:\/\/www.recolux-led.com\/de\/led-dimming-lighting-controls-industrial-facilities-guide\/\" target=\"_self\" rel=\"bookmark noopener noreferrer\"><img loading=\"lazy\" decoding=\"async\" width=\"1200\" height=\"801\" src=\"https:\/\/www.recolux-led.com\/wp-content\/uploads\/2026\/04\/led_dimming_control-1.jpg\" class=\"attachment-large size-large\" alt=\"\" srcset=\"https:\/\/www.recolux-led.com\/wp-content\/uploads\/2026\/04\/led_dimming_control-1.jpg 1200w, https:\/\/www.recolux-led.com\/wp-content\/uploads\/2026\/04\/led_dimming_control-1-768x513.jpg 768w, https:\/\/www.recolux-led.com\/wp-content\/uploads\/2026\/04\/led_dimming_control-1-18x12.jpg 18w, https:\/\/www.recolux-led.com\/wp-content\/uploads\/2026\/04\/led_dimming_control-1-600x401.jpg 600w\" sizes=\"auto, (max-width: 1200px) 100vw, 1200px\" \/>\t\t\t\t\t<\/a>\n\t\t\t\t\t\t\t\t\t<\/div>\n\t\t\t\t\t\t<h4 class=\"uagb-post__title uagb-post__text\">\n\t\t\t\t<a href=\"https:\/\/www.recolux-led.com\/de\/led-dimming-lighting-controls-industrial-facilities-guide\/\" target=\"_self\" rel=\"bookmark noopener noreferrer\">LED-Dimmen und Beleuchtungssteuerungen f\u00fcr Industrieanlagen: Der vollst\u00e4ndige Leitfaden (2026)<\/a>\n\t\t\t<\/h4>\n\t\t\t\t\t\t<div class='uagb-post__text uagb-post-grid-byline'>\n\t\t\t\t\t\t\t\t<time datetime=\"2026-04-29T03:28:12-08:00\" class=\"uagb-post__date\">\n\t\t\t\t<span class=\"dashicons-calendar dashicons\"><\/span>\t\t\t\t\t04\/29\/2026\t\t\t\t<\/time>\n\t\t\t\t\t\t<\/div>\n\t\t\t\t\t\t\t<div class='uagb-post__text uagb-post__excerpt'>\n\t\t\t\t\tUmfassender Leitfaden f\u00fcr LED-Dimm- und Lichtsteuerungssysteme f\u00fcr Industrieanlagen. Erfahren Sie mehr \u00fcber 0-10V,...\t\t\t\t<\/div>\n\t\t\t\t\t\t<div class=\"uagb-post__text uagb-post__cta wp-block-button\">\n\t\t\t\t<a class=\"wp-block-button__link uagb-text-link\" style=\"\" href=\"https:\/\/www.recolux-led.com\/de\/led-dimming-lighting-controls-industrial-facilities-guide\/\" target=\"_self\" rel=\"bookmark noopener noreferrer\">Weiterlesen<\/a>\n\t\t\t<\/div>\n\t\t\t\n\t\t\t\t\t\t\t\t\t<\/article>\n\t\t\t\t\t\t\t\t\t\t\t\t\t\t\t\t<article class=\"uagb-post__inner-wrap\">\t\t\t\t\t\t\t\t<div class='uagb-post__image'>\n\t\t\t\t\t\t\t\t\t<a href=\"https:\/\/www.recolux-led.com\/de\/led-vs-fluorescent-lighting-for-factories-energy-costs-maintenance-and-10-year-tco-compared\/\" target=\"_self\" rel=\"bookmark noopener noreferrer\"><img loading=\"lazy\" decoding=\"async\" width=\"1200\" height=\"800\" src=\"https:\/\/www.recolux-led.com\/wp-content\/uploads\/2026\/04\/led-vs-fluorescent-factory-lighting.jpg\" class=\"attachment-large size-large\" alt=\"\" srcset=\"https:\/\/www.recolux-led.com\/wp-content\/uploads\/2026\/04\/led-vs-fluorescent-factory-lighting.jpg 1200w, https:\/\/www.recolux-led.com\/wp-content\/uploads\/2026\/04\/led-vs-fluorescent-factory-lighting-768x512.jpg 768w, https:\/\/www.recolux-led.com\/wp-content\/uploads\/2026\/04\/led-vs-fluorescent-factory-lighting-18x12.jpg 18w, https:\/\/www.recolux-led.com\/wp-content\/uploads\/2026\/04\/led-vs-fluorescent-factory-lighting-600x400.jpg 600w\" sizes=\"auto, (max-width: 1200px) 100vw, 1200px\" \/>\t\t\t\t\t<\/a>\n\t\t\t\t\t\t\t\t\t<\/div>\n\t\t\t\t\t\t<h4 class=\"uagb-post__title uagb-post__text\">\n\t\t\t\t<a href=\"https:\/\/www.recolux-led.com\/de\/led-vs-fluorescent-lighting-for-factories-energy-costs-maintenance-and-10-year-tco-compared\/\" target=\"_self\" rel=\"bookmark noopener noreferrer\">LED- vs. Leuchtstofflampen-Beleuchtung f\u00fcr Fabriken: Energiekosten, Wartung und 10-Jahres-TCO im Vergleich<\/a>\n\t\t\t<\/h4>\n\t\t\t\t\t\t<div class='uagb-post__text uagb-post-grid-byline'>\n\t\t\t\t\t\t\t\t<time datetime=\"2026-04-26T05:39:24-08:00\" class=\"uagb-post__date\">\n\t\t\t\t<span class=\"dashicons-calendar dashicons\"><\/span>\t\t\t\t\t04\/26\/2026\t\t\t\t<\/time>\n\t\t\t\t\t\t<\/div>\n\t\t\t\t\t\t\t<div class='uagb-post__text uagb-post__excerpt'>\n\t\t\t\t\t<p>Moderne Industrieanlagen entscheiden sich zunehmend f\u00fcr LED anstelle von Leuchtstoffr\u00f6hren, weil sie effizienter, zuverl\u00e4ssiger und langfristig kosteng\u00fcnstiger sind...\t\t\t\t<\/div>\n\t\t\t\t\t\t<div class=\"uagb-post__text uagb-post__cta wp-block-button\">\n\t\t\t\t<a class=\"wp-block-button__link uagb-text-link\" style=\"\" href=\"https:\/\/www.recolux-led.com\/de\/led-vs-fluorescent-lighting-for-factories-energy-costs-maintenance-and-10-year-tco-compared\/\" target=\"_self\" rel=\"bookmark noopener noreferrer\">Weiterlesen<\/a>\n\t\t\t<\/div>\n\t\t\t\n\t\t\t\t\t\t\t\t\t<\/article>\n\t\t\t\t\t\t\t\t\t\t\t<\/div>\n\t\t\t<\/div><\/div>","protected":false},"excerpt":{"rendered":"<p>Wasserdichte Beleuchtung Hohe IP- und IK-Leistung f\u00fcr Ihre rauen Anwendungen. Verwandte Produkte Verwandte Artikel<\/p>","protected":false},"author":1,"featured_media":0,"parent":45,"menu_order":0,"comment_status":"closed","ping_status":"closed","template":"","meta":{"_acf_changed":false,"_uag_custom_page_level_css":"","site-sidebar-layout":"default","site-content-layout":"","ast-site-content-layout":"default","site-content-style":"default","site-sidebar-style":"default","ast-global-header-display":"","ast-banner-title-visibility":"","ast-main-header-display":"","ast-hfb-above-header-display":"","ast-hfb-below-header-display":"","ast-hfb-mobile-header-display":"","site-post-title":"","ast-breadcrumbs-content":"","ast-featured-img":"","footer-sml-layout":"","ast-disable-related-posts":"","theme-transparent-header-meta":"","adv-header-id-meta":"","stick-header-meta":"","header-above-stick-meta":"","header-main-stick-meta":"","header-below-stick-meta":"","astra-migrate-meta-layouts":"default","ast-page-background-enabled":"default","ast-page-background-meta":{"desktop":{"background-color":"var(--ast-global-color-5)","background-image":"","background-repeat":"repeat","background-position":"center center","background-size":"auto","background-attachment":"scroll","background-type":"","background-media":"","overlay-type":"","overlay-color":"","overlay-opacity":"","overlay-gradient":""},"tablet":{"background-color":"","background-image":"","background-repeat":"repeat","background-position":"center center","background-size":"auto","background-attachment":"scroll","background-type":"","background-media":"","overlay-type":"","overlay-color":"","overlay-opacity":"","overlay-gradient":""},"mobile":{"background-color":"","background-image":"","background-repeat":"repeat","background-position":"center center","background-size":"auto","background-attachment":"scroll","background-type":"","background-media":"","overlay-type":"","overlay-color":"","overlay-opacity":"","overlay-gradient":""}},"ast-content-background-meta":{"desktop":{"background-color":"var(--ast-global-color-4)","background-image":"","background-repeat":"repeat","background-position":"center center","background-size":"auto","background-attachment":"scroll","background-type":"","background-media":"","overlay-type":"","overlay-color":"","overlay-opacity":"","overlay-gradient":""},"tablet":{"background-color":"var(--ast-global-color-4)","background-image":"","background-repeat":"repeat","background-position":"center center","background-size":"auto","background-attachment":"scroll","background-type":"","background-media":"","overlay-type":"","overlay-color":"","overlay-opacity":"","overlay-gradient":""},"mobile":{"background-color":"var(--ast-global-color-4)","background-image":"","background-repeat":"repeat","background-position":"center center","background-size":"auto","background-attachment":"scroll","background-type":"","background-media":"","overlay-type":"","overlay-color":"","overlay-opacity":"","overlay-gradient":""}},"footnotes":""},"class_list":["post-579","page","type-page","status-publish","hentry"],"acf":[],"spectra_custom_meta":{"_edit_lock":["1763908028:1"],"_edit_last":["1"],"_yoast_indexnow_last_ping":["1763908027"],"_yoast_wpseo_content_score":["90"],"_yoast_wpseo_inclusive_language_score":["90"],"_yoast_wpseo_focuskeywords":[""],"_yoast_wpseo_keywordsynonyms":[""],"_yoast_wpseo_estimated-reading-time-minutes":["1"],"_yoast_post_redirect_info":["a:4:{s:6:\"origin\";s:32:\"waterproof-lighting-applications\";s:6:\"target\";s:45:\"applications\/waterproof-lighting-applications\";s:4:\"type\";i:301;s:6:\"format\";s:5:\"plain\";}"],"rank_math_news_sitemap_robots":["index"],"rank_math_robots":["a:1:{i:0;s:5:\"index\";}"],"rank_math_og_content_image":["a:2:{s:5:\"check\";s:32:\"96b171689fd79faaeb2ce467713b345a\";s:6:\"images\";a:1:{i:0;i:584;}}"],"_uag_css_file_name":["uag-css-579.css"],"_uag_js_file_name":["uag-js-579.js"],"rank_math_internal_links_processed":["1"],"_uagb_previous_block_counts":["a:90:{s:21:\"uagb\/advanced-heading\";i:3;s:15:\"uagb\/blockquote\";i:0;s:12:\"uagb\/buttons\";i:0;s:18:\"uagb\/buttons-child\";i:0;s:19:\"uagb\/call-to-action\";i:0;s:15:\"uagb\/cf7-styler\";i:0;s:11:\"uagb\/column\";i:0;s:12:\"uagb\/columns\";i:0;s:14:\"uagb\/container\";i:4;s:21:\"uagb\/content-timeline\";i:0;s:27:\"uagb\/content-timeline-child\";i:0;s:14:\"uagb\/countdown\";i:0;s:12:\"uagb\/counter\";i:0;s:8:\"uagb\/faq\";i:0;s:14:\"uagb\/faq-child\";i:0;s:10:\"uagb\/forms\";i:0;s:17:\"uagb\/forms-accept\";i:0;s:19:\"uagb\/forms-checkbox\";i:0;s:15:\"uagb\/forms-date\";i:0;s:16:\"uagb\/forms-email\";i:0;s:17:\"uagb\/forms-hidden\";i:0;s:15:\"uagb\/forms-name\";i:0;s:16:\"uagb\/forms-phone\";i:0;s:16:\"uagb\/forms-radio\";i:0;s:17:\"uagb\/forms-select\";i:0;s:19:\"uagb\/forms-textarea\";i:0;s:17:\"uagb\/forms-toggle\";i:0;s:14:\"uagb\/forms-url\";i:0;s:14:\"uagb\/gf-styler\";i:0;s:15:\"uagb\/google-map\";i:0;s:11:\"uagb\/how-to\";i:0;s:16:\"uagb\/how-to-step\";i:0;s:9:\"uagb\/icon\";i:0;s:14:\"uagb\/icon-list\";i:0;s:20:\"uagb\/icon-list-child\";i:0;s:10:\"uagb\/image\";i:3;s:18:\"uagb\/image-gallery\";i:0;s:13:\"uagb\/info-box\";i:0;s:18:\"uagb\/inline-notice\";i:0;s:11:\"uagb\/lottie\";i:0;s:21:\"uagb\/marketing-button\";i:0;s:10:\"uagb\/modal\";i:0;s:18:\"uagb\/popup-builder\";i:0;s:16:\"uagb\/post-button\";i:0;s:18:\"uagb\/post-carousel\";i:1;s:17:\"uagb\/post-excerpt\";i:0;s:14:\"uagb\/post-grid\";i:0;s:15:\"uagb\/post-image\";i:0;s:17:\"uagb\/post-masonry\";i:0;s:14:\"uagb\/post-meta\";i:0;s:18:\"uagb\/post-taxonomy\";i:0;s:18:\"uagb\/post-timeline\";i:0;s:15:\"uagb\/post-title\";i:0;s:20:\"uagb\/restaurant-menu\";i:0;s:26:\"uagb\/restaurant-menu-child\";i:0;s:11:\"uagb\/review\";i:0;s:12:\"uagb\/section\";i:0;s:14:\"uagb\/separator\";i:0;s:11:\"uagb\/slider\";i:0;s:17:\"uagb\/slider-child\";i:0;s:17:\"uagb\/social-share\";i:0;s:23:\"uagb\/social-share-child\";i:0;s:16:\"uagb\/star-rating\";i:0;s:23:\"uagb\/sure-cart-checkout\";i:0;s:22:\"uagb\/sure-cart-product\";i:0;s:15:\"uagb\/sure-forms\";i:0;s:22:\"uagb\/table-of-contents\";i:0;s:9:\"uagb\/tabs\";i:1;s:15:\"uagb\/tabs-child\";i:3;s:18:\"uagb\/taxonomy-list\";i:0;s:9:\"uagb\/team\";i:0;s:16:\"uagb\/testimonial\";i:0;s:14:\"uagb\/wp-search\";i:0;s:19:\"uagb\/instagram-feed\";i:0;s:10:\"uagb\/login\";i:0;s:17:\"uagb\/loop-builder\";i:0;s:18:\"uagb\/loop-category\";i:0;s:20:\"uagb\/loop-pagination\";i:0;s:15:\"uagb\/loop-reset\";i:0;s:16:\"uagb\/loop-search\";i:0;s:14:\"uagb\/loop-sort\";i:0;s:17:\"uagb\/loop-wrapper\";i:0;s:13:\"uagb\/register\";i:0;s:19:\"uagb\/register-email\";i:0;s:24:\"uagb\/register-first-name\";i:0;s:23:\"uagb\/register-last-name\";i:0;s:22:\"uagb\/register-password\";i:0;s:30:\"uagb\/register-reenter-password\";i:0;s:19:\"uagb\/register-terms\";i:0;s:22:\"uagb\/register-username\";i:0;}"],"_uagb_last_spectra_edit":["1776962089"]},"uagb_featured_image_src":{"full":false,"thumbnail":false,"medium":false,"medium_large":false,"large":false,"1536x1536":false,"2048x2048":false,"trp-custom-language-flag":false,"woocommerce_thumbnail":false,"woocommerce_single":false,"woocommerce_gallery_thumbnail":false},"uagb_author_info":{"display_name":"r1e4c5olux","author_link":"https:\/\/www.recolux-led.com\/de\/author\/r1e4c5olux\/"},"uagb_comment_info":0,"uagb_excerpt":"Waterproof Lighting High IP and IK performance for your harsh applications. Related Product Related articles","_links":{"self":[{"href":"https:\/\/www.recolux-led.com\/de\/wp-json\/wp\/v2\/pages\/579","targetHints":{"allow":["GET"]}}],"collection":[{"href":"https:\/\/www.recolux-led.com\/de\/wp-json\/wp\/v2\/pages"}],"about":[{"href":"https:\/\/www.recolux-led.com\/de\/wp-json\/wp\/v2\/types\/page"}],"author":[{"embeddable":true,"href":"https:\/\/www.recolux-led.com\/de\/wp-json\/wp\/v2\/users\/1"}],"replies":[{"embeddable":true,"href":"https:\/\/www.recolux-led.com\/de\/wp-json\/wp\/v2\/comments?post=579"}],"version-history":[{"count":3,"href":"https:\/\/www.recolux-led.com\/de\/wp-json\/wp\/v2\/pages\/579\/revisions"}],"predecessor-version":[{"id":596,"href":"https:\/\/www.recolux-led.com\/de\/wp-json\/wp\/v2\/pages\/579\/revisions\/596"}],"up":[{"embeddable":true,"href":"https:\/\/www.recolux-led.com\/de\/wp-json\/wp\/v2\/pages\/45"}],"wp:attachment":[{"href":"https:\/\/www.recolux-led.com\/de\/wp-json\/wp\/v2\/media?parent=579"}],"curies":[{"name":"wp","href":"https:\/\/api.w.org\/{rel}","templated":true}]}}