{"id":47,"date":"2025-09-01T05:19:41","date_gmt":"2025-09-01T13:19:41","guid":{"rendered":"https:\/\/www.imzcl.com\/?page_id=47"},"modified":"2025-12-04T06:18:12","modified_gmt":"2025-12-04T14:18:12","slug":"oem-odm","status":"publish","type":"page","link":"https:\/\/www.recolux-led.com\/de\/oem-odm\/","title":{"rendered":"OEM &amp; ODM"},"content":{"rendered":"<div class=\"wp-block-uagb-container uagb-block-a8e4f3fd alignfull uagb-is-root-container\">\n<div class=\"wp-block-uagb-advanced-heading uagb-block-289916ac\"><h1 class=\"uagb-heading-text\">OEM &amp; ODM<\/h1><p class=\"uagb-desc-text\">Kundenspezifische LED-Beleuchtung, vollst\u00e4ndiger OEM\/ODM-Service<\/p><\/div>\n<\/div>\n\n\n\n<div class=\"wp-block-uagb-container uagb-block-4cbd3e38 alignfull uagb-is-root-container\"><div class=\"uagb-container-inner-blocks-wrap\">\n<div class=\"wp-block-uagb-container uagb-block-eb1d3281\"><\/div>\n\n\n\n<div class=\"wp-block-uagb-container uagb-block-7c03d63f\">\n<div class=\"wp-block-uagb-advanced-heading uagb-block-f61af73a\"><h2 class=\"uagb-heading-text\">Spezialist f\u00fcr die Lieferung kundenspezifischer L\u00f6sungen<\/h2><p class=\"uagb-desc-text\">Wir haben es uns zur Aufgabe gemacht, spezialisierte und umfassende Dienstleistungen auf dem Gebiet der Innenbeleuchtung anzubieten. Unser Angebot geht \u00fcber Standardprodukte hinaus und umfasst auch die Entwicklung von Produkten, die einzigartige Produktspezifikationen und spezielle technische Anforderungen erf\u00fcllen. Unser professionelles Team ist bestrebt, ein komplettes Spektrum an ma\u00dfgeschneiderten Beleuchtungsl\u00f6sungen zu liefern, die auf Ihre spezifischen Bed\u00fcrfnisse zugeschnitten sind - von der Auswahl der Lichtquellen \u00fcber das Leuchtendesign bis hin zur Integration intelligenter Steuerungssysteme.<br><br>Ganz gleich, ob Sie eine individuelle Beleuchtungsanforderung f\u00fcr einen Gesch\u00e4ftsraum oder eine spezielle Beleuchtungsherausforderung f\u00fcr ein industrielles Umfeld haben, wir sind in der Lage, ma\u00dfgeschneiderte L\u00f6sungen zu schaffen, die sicherstellen, dass der Lichteffekt Ihren Raum nahtlos erg\u00e4nzt und Ihrem Projekt einen unverwechselbaren Charakter verleiht.<\/p><\/div>\n<\/div>\n<\/div><\/div>\n\n\n\n<div class=\"wp-block-uagb-container uagb-block-c702db74 alignfull uagb-is-root-container\"><div class=\"uagb-container-inner-blocks-wrap\"><\/div><\/div>\n\n\n\n<div class=\"wp-block-uagb-container uagb-block-e861bc07 alignfull uagb-is-root-container\"><div class=\"uagb-container-inner-blocks-wrap\">\n<div class=\"wp-block-uagb-slider uagb-block-d639e4a8 uagb-slider-container\"><div class=\"uagb-slides uagb-swiper\"><div class=\"swiper-wrapper\">\n<div class=\"wp-block-uagb-slider-child uagb-slider-child-wrap swiper-slide uagb-block-a51db9a8\"><div class=\"swiper-content\">\n<div class=\"wp-block-uagb-container uagb-block-55519f8c\">\n<div class=\"wp-block-uagb-info-box uagb-block-62dabd52 uagb-infobox__content-wrap  uagb-infobox-icon-above-title uagb-infobox-image-valign-top\"><div class=\"uagb-ifb-content\"><div class=\"uagb-ifb-image-content\"><img decoding=\"async\" src=\"https:\/\/www.recolux-led.com\/wp-content\/uploads\/2025\/11\/x-oed3.svg\" alt=\"\" width=\"\" height=\"0\" loading=\"lazy\"\/><\/div><div class=\"uagb-ifb-title-wrap\"><h3 class=\"uagb-ifb-title\">F&amp;E<\/h3><\/div><p class=\"uagb-ifb-desc\">Produktforschung und -entwicklung sind unser Kern und die treibende Kraft f\u00fcr schnelles Wachstum. Unsere F&amp;E-Ingenieure haben mehr als 15 Jahre Erfahrung in der LED-Industrie und verf\u00fcgen \u00fcber professionelle Lebensl\u00e4ufe in b\u00f6rsennotierten Unternehmen der Beleuchtungsbranche. Ein erfahrenes Team von 16 Mitarbeitern und professionelle F&amp;E-Ingenieure sorgen f\u00fcr wissenschaftliches und innovatives Design.<\/p><\/div><\/div>\n<\/div>\n<\/div><\/div>\n\n\n\n<div class=\"wp-block-uagb-slider-child uagb-slider-child-wrap swiper-slide uagb-block-6fb05b79\"><div class=\"swiper-content\">\n<div class=\"wp-block-uagb-container uagb-block-92ede812\">\n<div class=\"wp-block-uagb-info-box uagb-block-2a6f92be uagb-infobox__content-wrap  uagb-infobox-icon-above-title uagb-infobox-image-valign-top\"><div class=\"uagb-ifb-content\"><div class=\"uagb-ifb-image-content\"><img decoding=\"async\" src=\"https:\/\/www.recolux-led.com\/wp-content\/uploads\/2025\/11\/x-oed4.svg\" alt=\"\" width=\"\" height=\"0\" loading=\"lazy\"\/><\/div><div class=\"uagb-ifb-title-wrap\"><h3 class=\"uagb-ifb-title\">KOSTENSPAREN<\/h3><\/div><p class=\"uagb-ifb-desc\">Durch die Einsparung von Zeit und Ressourcen bei der Produktentwicklung k\u00f6nnen die Kunden nicht nur die Kosten minimieren, sondern auch von den Gr\u00f6\u00dfenvorteilen eines ODM-Herstellers wie uns profitieren.<\/p><\/div><\/div>\n<\/div>\n<\/div><\/div>\n\n\n\n<div class=\"wp-block-uagb-slider-child uagb-slider-child-wrap swiper-slide uagb-block-9d7a2263\"><div class=\"swiper-content\">\n<div class=\"wp-block-uagb-container uagb-block-9cd26a5c\">\n<div class=\"wp-block-uagb-info-box uagb-block-7ba3bcb2 uagb-infobox__content-wrap  uagb-infobox-icon-above-title uagb-infobox-image-valign-top\"><div class=\"uagb-ifb-content\"><div class=\"uagb-ifb-image-content\"><img decoding=\"async\" src=\"https:\/\/www.recolux-led.com\/wp-content\/uploads\/2025\/11\/x-oed5.svg\" alt=\"\" width=\"\" height=\"0\" loading=\"lazy\"\/><\/div><div class=\"uagb-ifb-title-wrap\"><h3 class=\"uagb-ifb-title\">PRODUKTPR\u00dcFUNG<\/h3><\/div><p class=\"uagb-ifb-desc\">Ein eigenes Testlabor sorgt daf\u00fcr, dass alle neuen Produkte sicher und zuverl\u00e4ssig sind. Alle Produkte sind so konzipiert, dass sie den strengen EU-Normen entsprechen.<\/p><\/div><\/div>\n<\/div>\n<\/div><\/div>\n<\/div><\/div><div class=\"swiper-pagination\"><\/div><div class=\"swiper-button-prev\"><\/div><div class=\"swiper-button-next\"><\/div><\/div>\n<\/div><\/div>\n\n\n\n<div class=\"wp-block-uagb-container uagb-block-de861a6a alignfull uagb-is-root-container\"><div class=\"uagb-container-inner-blocks-wrap\">\n<div class=\"wp-block-uagb-container uagb-block-ddb055e3\">\n<div class=\"wp-block-uagb-image uagb-block-05571828 wp-block-uagb-image--layout-default wp-block-uagb-image--effect-static wp-block-uagb-image--align-none\"><figure class=\"wp-block-uagb-image__figure\"><img decoding=\"async\" srcset=\"https:\/\/www.recolux-led.com\/wp-content\/uploads\/2025\/11\/de41c8067591835a8328c171015d8446.webp ,https:\/\/www.recolux-led.com\/wp-content\/uploads\/2025\/11\/de41c8067591835a8328c171015d8446.webp 780w, https:\/\/www.recolux-led.com\/wp-content\/uploads\/2025\/11\/de41c8067591835a8328c171015d8446.webp 360w\" sizes=\"auto, (max-width: 480px) 150px\" src=\"https:\/\/www.recolux-led.com\/wp-content\/uploads\/2025\/11\/de41c8067591835a8328c171015d8446.webp\" alt=\"\" class=\"uag-image-626\" width=\"800\" height=\"610\" title=\"de41c8067591835a8328c171015d8446\" loading=\"lazy\" role=\"img\"\/><\/figure><\/div>\n<\/div>\n\n\n\n<div class=\"wp-block-uagb-container uagb-block-9ea4715e\">\n<div class=\"wp-block-uagb-info-box uagb-block-9e232d4d uagb-infobox__content-wrap  uagb-infobox-icon-above-title uagb-infobox-image-valign-top\"><div class=\"uagb-ifb-content\"><div class=\"uagb-ifb-title-wrap\"><h3 class=\"uagb-ifb-title\">Anpassen<\/h3><\/div><p class=\"uagb-ifb-desc\">Wir wissen, dass trotz unseres umfangreichen Produktportfolios manche Projekte noch h\u00f6here Anforderungen haben. Deshalb wollen wir gemeinsam mit Ihnen jeden noch so ausgefallenen Kundenwunsch realisieren. Nehmen Sie Kontakt mit uns auf.<\/p><div class=\"uagb-ifb-button-wrapper wp-block-button\"><a href=\"#\" class=\"uagb-infobox-cta-link wp-block-button__link\" target=\"_self\" rel=\"noopener noreferrer\" onclick=\"return false;\"><span class=\"uagb-inline-editing\">Kontakt aufnehmen<\/span><svg xmlns=\"https:\/\/www.w3.org\/2000\/svg\" viewbox=\"0 0 512 512\"><path d=\"M504.3 273.6l-112.1 104c-6.992 6.484-17.18 8.218-25.94 4.406c-8.758-3.812-14.42-12.45-14.42-21.1L351.9 288H32C14.33 288 .0002 273.7 .0002 255.1S14.33 224 32 224h319.9l0-72c0-9.547 5.66-18.19 14.42-22c8.754-3.809 18.95-2.075 25.94 4.41l112.1 104C514.6 247.9 514.6 264.1 504.3 273.6z\"><\/path><\/svg><\/a><\/div><\/div><\/div>\n<\/div>\n<\/div><\/div>\n\n\n\n<div class=\"wp-block-uagb-container uagb-block-51116fdb alignfull uagb-is-root-container\"><div class=\"uagb-container-inner-blocks-wrap\">\n<div class=\"wp-block-uagb-container uagb-block-d3d18471\"><\/div>\n\n\n\n<div class=\"wp-block-uagb-container uagb-block-5bf18a4f\">\n<div class=\"wp-block-uagb-info-box uagb-block-6c0c3cd8 uagb-infobox__content-wrap  uagb-infobox-icon-above-title uagb-infobox-image-valign-top\"><div class=\"uagb-ifb-content\"><div class=\"uagb-ifb-title-wrap\"><h3 class=\"uagb-ifb-title\">Kugelsichere Leuchte<\/h3><\/div><p class=\"uagb-ifb-desc\">Dieses Produkt wurde f\u00fcr einen der Hallenpl\u00e4tze des Kunden ma\u00dfgeschneidert. Der Kunde ben\u00f6tigte eine Leuchte mit einer IK10-Einstufung, die sicherstellt, dass sie intakt bleibt und nicht durch einen Ballschlag herunterf\u00e4llt. Wir entwarfen ein Metallgitter f\u00fcr den Aufprallschutz an der Au\u00dfenseite der Leuchte, das die Normen DIN 18032-3 und DIN 57710-13 erf\u00fcllt. Der Kunde war mit dem Endergebnis sehr zufrieden.<\/p><div class=\"uagb-ifb-button-wrapper wp-block-button\"><a href=\"#\" class=\"uagb-infobox-cta-link wp-block-button__link\" target=\"_self\" rel=\"noopener noreferrer\" onclick=\"return false;\"><span class=\"uagb-inline-editing\">Kontakt aufnehmen<\/span><svg xmlns=\"https:\/\/www.w3.org\/2000\/svg\" viewbox=\"0 0 512 512\"><path d=\"M504.3 273.6l-112.1 104c-6.992 6.484-17.18 8.218-25.94 4.406c-8.758-3.812-14.42-12.45-14.42-21.1L351.9 288H32C14.33 288 .0002 273.7 .0002 255.1S14.33 224 32 224h319.9l0-72c0-9.547 5.66-18.19 14.42-22c8.754-3.809 18.95-2.075 25.94 4.41l112.1 104C514.6 247.9 514.6 264.1 504.3 273.6z\"><\/path><\/svg><\/a><\/div><\/div><\/div>\n<\/div>\n<\/div><\/div>\n\n\n\n<div class=\"wp-block-uagb-container uagb-block-c5203a9a alignfull uagb-is-root-container\"><div class=\"uagb-container-inner-blocks-wrap\"><\/div><\/div>\n\n\n\n<div class=\"wp-block-uagb-container uagb-block-a59fa9f3 alignfull uagb-is-root-container\"><div class=\"uagb-container-inner-blocks-wrap\">\n<div class=\"wp-block-uagb-image uagb-block-43b52cf0 wp-block-uagb-image--layout-default wp-block-uagb-image--effect-static wp-block-uagb-image--align-none\"><figure class=\"wp-block-uagb-image__figure\"><img decoding=\"async\" srcset=\"https:\/\/www.recolux-led.com\/wp-content\/uploads\/2025\/12\/05e61a6175a096b5156dcdff6b0c6a85.webp ,https:\/\/www.recolux-led.com\/wp-content\/uploads\/2025\/12\/05e61a6175a096b5156dcdff6b0c6a85.webp 780w, https:\/\/www.recolux-led.com\/wp-content\/uploads\/2025\/12\/05e61a6175a096b5156dcdff6b0c6a85.webp 360w\" sizes=\"auto, (max-width: 480px) 150px\" src=\"https:\/\/www.recolux-led.com\/wp-content\/uploads\/2025\/12\/05e61a6175a096b5156dcdff6b0c6a85.webp\" alt=\"\" class=\"uag-image-646\" width=\"940\" height=\"453\" title=\"05e61a6175a096b5156dcdff6b0c6a85\" loading=\"lazy\" role=\"img\"\/><\/figure><\/div>\n\n\n\n<div class=\"wp-block-uagb-info-box uagb-block-ba6d0990 uagb-infobox__content-wrap  uagb-infobox-icon-above-title uagb-infobox-image-valign-top\"><div class=\"uagb-ifb-content\"><div class=\"uagb-ifb-title-wrap\"><h3 class=\"uagb-ifb-title\">Magnetische Lichtleiste<\/h3><\/div><p class=\"uagb-ifb-desc\">Eine kosteng\u00fcnstige magnetische Beleuchtungsl\u00f6sung, die urspr\u00fcnglich aus unserem Lichtleistendesign abgeleitet wurde. Dank des isolierten Grundrisses kann diese Leuchte mit den H\u00e4nden von Elektrikern am bestehenden Metallgeh\u00e4use montiert werden. Es ist eine schnelle und flexible L\u00f6sung, um alte Paneele mit Leuchtstoffr\u00f6hren im Inneren zu erneuern. Sparen Sie Zeit und Kosten mit einer einfachen LED-Leuchte.<\/p><\/div><\/div>\n<\/div><\/div>\n\n\n\n<div class=\"wp-block-uagb-container uagb-block-521e8536 alignfull uagb-is-root-container\"><div class=\"uagb-container-inner-blocks-wrap\"><\/div><\/div>\n\n\n\n<div class=\"wp-block-uagb-container uagb-block-552067ac alignfull uagb-is-root-container\"><div class=\"uagb-container-inner-blocks-wrap\">\n<div class=\"wp-block-uagb-image uagb-block-64b1d9d7 wp-block-uagb-image--layout-default wp-block-uagb-image--effect-static wp-block-uagb-image--align-none\"><figure class=\"wp-block-uagb-image__figure\"><img decoding=\"async\" srcset=\"https:\/\/www.recolux-led.com\/wp-content\/uploads\/2025\/12\/1e85c7968521e22fd9286b688b6fb96b.webp ,https:\/\/www.recolux-led.com\/wp-content\/uploads\/2025\/12\/1e85c7968521e22fd9286b688b6fb96b.webp 780w, https:\/\/www.recolux-led.com\/wp-content\/uploads\/2025\/12\/1e85c7968521e22fd9286b688b6fb96b.webp 360w\" sizes=\"auto, (max-width: 480px) 150px\" src=\"https:\/\/www.recolux-led.com\/wp-content\/uploads\/2025\/12\/1e85c7968521e22fd9286b688b6fb96b.webp\" alt=\"\" class=\"uag-image-658\" width=\"940\" height=\"453\" title=\"1e85c7968521e22fd9286b688b6fb96b\" loading=\"lazy\" role=\"img\"\/><\/figure><\/div>\n\n\n\n<div class=\"wp-block-uagb-info-box uagb-block-42ca854c uagb-infobox__content-wrap  uagb-infobox-icon-above-title uagb-infobox-image-valign-top\"><div class=\"uagb-ifb-content\"><div class=\"uagb-ifb-title-wrap\"><h3 class=\"uagb-ifb-title\">Wiring Plus Tri-proof Leuchte<\/h3><\/div><p class=\"uagb-ifb-desc\">Bei der Installation gro\u00dfer Ger\u00e4te ist die Verkabelung der Ger\u00e4te komplex und kostspielig. Sie erh\u00f6ht die Arbeitskosten und unn\u00f6tige Ausgaben. Unsere dreifach gesicherte Leuchte \u201cE-plus\u201d verwendet 5\u00d72,5mm\u00b2-Durchgangsdr\u00e4hte, wodurch sich die Anzahl der anschlie\u00dfbaren Leuchten erh\u00f6ht und der Kunde Installationskosten spart. Der Phasenschalter mit drei spannungsf\u00fchrenden Dr\u00e4hten macht Ihre Projekte viel flexibler und intelligenter.<\/p><div class=\"uagb-ifb-button-wrapper wp-block-button\"><a href=\"#\" class=\"uagb-infobox-cta-link wp-block-button__link\" target=\"_self\" rel=\"noopener noreferrer\" onclick=\"return false;\"><span class=\"uagb-inline-editing\">Weiterlesen<\/span><svg xmlns=\"https:\/\/www.w3.org\/2000\/svg\" viewbox=\"0 0 512 512\"><path d=\"M504.3 273.6l-112.1 104c-6.992 6.484-17.18 8.218-25.94 4.406c-8.758-3.812-14.42-12.45-14.42-21.1L351.9 288H32C14.33 288 .0002 273.7 .0002 255.1S14.33 224 32 224h319.9l0-72c0-9.547 5.66-18.19 14.42-22c8.754-3.809 18.95-2.075 25.94 4.41l112.1 104C514.6 247.9 514.6 264.1 504.3 273.6z\"><\/path><\/svg><\/a><\/div><\/div><\/div>\n<\/div><\/div>","protected":false},"excerpt":{"rendered":"<p>OEM &amp; ODM Custom LED lighting, OEM\/ODM full service Customized Solutions Delivery Specialist We are dedicated to providing specialized and [&hellip;]<\/p>\n","protected":false},"author":1,"featured_media":0,"parent":0,"menu_order":0,"comment_status":"closed","ping_status":"closed","template":"","meta":{"_uag_custom_page_level_css":"","site-sidebar-layout":"default","site-content-layout":"","ast-site-content-layout":"default","site-content-style":"default","site-sidebar-style":"default","ast-global-header-display":"","ast-banner-title-visibility":"","ast-main-header-display":"","ast-hfb-above-header-display":"","ast-hfb-below-header-display":"","ast-hfb-mobile-header-display":"","site-post-title":"","ast-breadcrumbs-content":"","ast-featured-img":"","footer-sml-layout":"","ast-disable-related-posts":"","theme-transparent-header-meta":"","adv-header-id-meta":"","stick-header-meta":"","header-above-stick-meta":"","header-main-stick-meta":"","header-below-stick-meta":"","astra-migrate-meta-layouts":"default","ast-page-background-enabled":"default","ast-page-background-meta":{"desktop":{"background-color":"var(--ast-global-color-5)","background-image":"","background-repeat":"repeat","background-position":"center center","background-size":"auto","background-attachment":"scroll","background-type":"","background-media":"","overlay-type":"","overlay-color":"","overlay-opacity":"","overlay-gradient":""},"tablet":{"background-color":"","background-image":"","background-repeat":"repeat","background-position":"center center","background-size":"auto","background-attachment":"scroll","background-type":"","background-media":"","overlay-type":"","overlay-color":"","overlay-opacity":"","overlay-gradient":""},"mobile":{"background-color":"","background-image":"","background-repeat":"repeat","background-position":"center center","background-size":"auto","background-attachment":"scroll","background-type":"","background-media":"","overlay-type":"","overlay-color":"","overlay-opacity":"","overlay-gradient":""}},"ast-content-background-meta":{"desktop":{"background-color":"var(--ast-global-color-4)","background-image":"","background-repeat":"repeat","background-position":"center center","background-size":"auto","background-attachment":"scroll","background-type":"","background-media":"","overlay-type":"","overlay-color":"","overlay-opacity":"","overlay-gradient":""},"tablet":{"background-color":"var(--ast-global-color-4)","background-image":"","background-repeat":"repeat","background-position":"center center","background-size":"auto","background-attachment":"scroll","background-type":"","background-media":"","overlay-type":"","overlay-color":"","overlay-opacity":"","overlay-gradient":""},"mobile":{"background-color":"var(--ast-global-color-4)","background-image":"","background-repeat":"repeat","background-position":"center center","background-size":"auto","background-attachment":"scroll","background-type":"","background-media":"","overlay-type":"","overlay-color":"","overlay-opacity":"","overlay-gradient":""}},"footnotes":""},"class_list":["post-47","page","type-page","status-publish","hentry"],"spectra_custom_meta":{"_edit_lock":["1764857912:1"],"_edit_last":["1"],"_yoast_indexnow_last_ping":["1764857827"],"_yoast_wpseo_content_score":["60"],"_yoast_wpseo_focuskeywords":[""],"_yoast_wpseo_keywordsynonyms":[""],"_yoast_wpseo_estimated-reading-time-minutes":["4"],"_yoast_wpseo_inclusive_language_score":["90"],"rank_math_news_sitemap_robots":["index"],"rank_math_robots":["a:1:{i:0;s:5:\"index\";}"],"rank_math_og_content_image":["a:2:{s:5:\"check\";s:32:\"e5e6d02279bb0de4ab94b35661499aad\";s:6:\"images\";a:4:{i:0;i:618;i:1;i:619;i:2;i:620;i:3;i:626;}}"],"_uag_css_file_name":["uag-css-47.css"],"_uag_js_file_name":["uag-js-47.js"]},"uagb_featured_image_src":{"full":false,"thumbnail":false,"medium":false,"medium_large":false,"large":false,"1536x1536":false,"2048x2048":false,"trp-custom-language-flag":false,"woocommerce_thumbnail":false,"woocommerce_single":false,"woocommerce_gallery_thumbnail":false},"uagb_author_info":{"display_name":"r1e4c5olux","author_link":"https:\/\/www.recolux-led.com\/de\/author\/r1e4c5olux\/"},"uagb_comment_info":0,"uagb_excerpt":"OEM &amp; ODM Custom LED lighting, OEM\/ODM full service Customized Solutions Delivery Specialist We are dedicated to providing specialized and [&hellip;]","_links":{"self":[{"href":"https:\/\/www.recolux-led.com\/de\/wp-json\/wp\/v2\/pages\/47","targetHints":{"allow":["GET"]}}],"collection":[{"href":"https:\/\/www.recolux-led.com\/de\/wp-json\/wp\/v2\/pages"}],"about":[{"href":"https:\/\/www.recolux-led.com\/de\/wp-json\/wp\/v2\/types\/page"}],"author":[{"embeddable":true,"href":"https:\/\/www.recolux-led.com\/de\/wp-json\/wp\/v2\/users\/1"}],"replies":[{"embeddable":true,"href":"https:\/\/www.recolux-led.com\/de\/wp-json\/wp\/v2\/comments?post=47"}],"version-history":[{"count":36,"href":"https:\/\/www.recolux-led.com\/de\/wp-json\/wp\/v2\/pages\/47\/revisions"}],"predecessor-version":[{"id":665,"href":"https:\/\/www.recolux-led.com\/de\/wp-json\/wp\/v2\/pages\/47\/revisions\/665"}],"wp:attachment":[{"href":"https:\/\/www.recolux-led.com\/de\/wp-json\/wp\/v2\/media?parent=47"}],"curies":[{"name":"wp","href":"https:\/\/api.w.org\/{rel}","templated":true}]}}