{"id":343,"date":"2025-11-06T05:23:52","date_gmt":"2025-11-06T13:23:52","guid":{"rendered":"https:\/\/www.imzcl.com\/?page_id=343"},"modified":"2025-11-23T06:27:16","modified_gmt":"2025-11-23T14:27:16","slug":"industrielle-beleuchtungsanwendungen","status":"publish","type":"page","link":"https:\/\/www.recolux-led.com\/de\/anwendungen\/industrielle-beleuchtungsanwendungen\/","title":{"rendered":"Industrielle Beleuchtungsanwendungen"},"content":{"rendered":"<div class=\"wp-block-uagb-container uagb-block-dbf107e5 alignfull uagb-is-root-container\">\n<div class=\"wp-block-uagb-advanced-heading uagb-block-bb0fbe43\"><h1 class=\"uagb-heading-text\">Industriebeleuchtung<\/h1><p class=\"uagb-desc-text\">Experten f\u00fcr Industriebeleuchtung beleuchten jeden Moment der Produktion.<\/p><\/div>\n<\/div>\n\n\n\n<div class=\"wp-block-uagb-container uagb-block-ee3a534d alignfull uagb-is-root-container\"><div class=\"uagb-container-inner-blocks-wrap\">\n<div class=\"wp-block-uagb-advanced-heading uagb-block-d9c88cba\"><h2 class=\"uagb-heading-text\">Geh\u00e4use f\u00fcr industrielle Beleuchtung<\/h2><div class=\"uagb-separator\"><\/div><\/div>\n\n\n\n<div class=\"wp-block-uagb-tabs uagb-block-eb3b2db2 uagb-tabs__wrap uagb-tabs__hstyle3-desktop uagb-tabs__vstyle6-tablet uagb-tabs__stack1-mobile\" data-tab-active=\"0\"><ul class=\"uagb-tabs__panel uagb-tabs__align-center\" role=\"tablist\"><li class=\"uagb-tab uagb-tabs__active\" role=\"none\"><a href=\"#uagb-tabs__tab0\" class=\"uagb-tabs-list uagb-tabs__icon-position-left\" data-tab=\"0\" role=\"tab\"><div><strong>Schlittschuhbahn - Die Niederlande<\/strong><\/div><\/a><\/li><li class=\"uagb-tab\" role=\"none\"><a href=\"#uagb-tabs__tab1\" class=\"uagb-tabs-list uagb-tabs__icon-position-left\" data-tab=\"1\" role=\"tab\"><div><strong>Lagerhaus<\/strong><\/div><\/a><\/li><li class=\"uagb-tab\" role=\"none\"><a href=\"#uagb-tabs__tab2\" class=\"uagb-tabs-list uagb-tabs__icon-position-left\" data-tab=\"2\" role=\"tab\"><div><strong>Produktionslinie<\/strong><\/div><\/a><\/li><li class=\"uagb-tab\" role=\"none\"><a href=\"#uagb-tabs__tab3\" class=\"uagb-tabs-list uagb-tabs__icon-position-left\" data-tab=\"3\" role=\"tab\"><div><strong>Autowerkstatt - Italien<\/strong><\/div><\/a><\/li><li class=\"uagb-tab\" role=\"none\"><a href=\"#uagb-tabs__tab4\" class=\"uagb-tabs-list uagb-tabs__icon-position-left\" data-tab=\"4\" role=\"tab\"><div><strong>Workshop - Deutschland<\/strong><\/div><\/a><\/li><\/ul><div class=\"uagb-tabs__body-wrap\">\n<div class=\"wp-block-uagb-tabs-child uagb-tabs__body-container uagb-inner-tab-0\" aria-labelledby=\"uagb-tabs__tab0\">\n<div class=\"wp-block-uagb-image aligncenter uagb-block-cce7273a wp-block-uagb-image--layout-overlay wp-block-uagb-image--effect-zoomin wp-block-uagb-image--align-center\"><figure class=\"wp-block-uagb-image__figure\"><img decoding=\"async\" srcset=\"https:\/\/www.recolux-led.com\/wp-content\/uploads\/2025\/11\/Skating-Rink-The-Netherlands.webp ,https:\/\/www.recolux-led.com\/wp-content\/uploads\/2025\/11\/Skating-Rink-The-Netherlands.webp 780w, https:\/\/www.recolux-led.com\/wp-content\/uploads\/2025\/11\/Skating-Rink-The-Netherlands.webp 360w\" sizes=\"auto, (max-width: 480px) 150px\" src=\"https:\/\/www.recolux-led.com\/wp-content\/uploads\/2025\/11\/Skating-Rink-The-Netherlands.webp\" alt=\"\" class=\"uag-image-352\" width=\"1800\" height=\"798\" title=\"\" loading=\"lazy\" role=\"presentation\"\/><div class=\"wp-block-uagb-image--layout-overlay__color-wrapper\"><\/div><div class=\"wp-block-uagb-image--layout-overlay__inner center-center\"><h2 class=\"uagb-image-heading\">Schlittschuhbahn - Die Niederlande<\/h2><figcaption class=\"uagb-image-caption\">Das Projekt wurde zuvor mit Leuchtstoffsystemen installiert. Recolux bietet die Leuchten montiert neue elektrische Durchgangsverdrahtung. Die vorhandenen alten Tragschienen dienten als Tr\u00e4ger f\u00fcr die Lampen. Es ist eine perfekte Nachr\u00fcstl\u00f6sung, um die alten 2 x36w, 1 x58w und 2 x58w T8 R\u00f6hren ohne Reflektoren zu ersetzen.<\/figcaption><\/div><\/figure><\/div>\n<\/div>\n\n\n\n<div class=\"wp-block-uagb-tabs-child uagb-tabs__body-container uagb-inner-tab-1\" aria-labelledby=\"uagb-tabs__tab1\">\n<div class=\"wp-block-uagb-image uagb-block-6c497433 wp-block-uagb-image--layout-overlay wp-block-uagb-image--effect-static wp-block-uagb-image--align-none\"><figure class=\"wp-block-uagb-image__figure\"><img decoding=\"async\" srcset=\"https:\/\/www.recolux-led.com\/wp-content\/uploads\/2025\/11\/Warehouse.webp ,https:\/\/www.recolux-led.com\/wp-content\/uploads\/2025\/11\/Warehouse.webp 780w, https:\/\/www.recolux-led.com\/wp-content\/uploads\/2025\/11\/Warehouse.webp 360w\" sizes=\"auto, (max-width: 480px) 150px\" src=\"https:\/\/www.recolux-led.com\/wp-content\/uploads\/2025\/11\/Warehouse.webp\" alt=\"\" class=\"uag-image-353\" width=\"1800\" height=\"800\" title=\"Lagerhaus\" loading=\"lazy\" role=\"img\"\/><div class=\"wp-block-uagb-image--layout-overlay__color-wrapper\"><\/div><div class=\"wp-block-uagb-image--layout-overlay__inner center-center\"><h2 class=\"uagb-image-heading\">Lagerhaus<\/h2><figcaption class=\"uagb-image-caption\">E-Line ist das neueste Design der LED-Beleuchtung f\u00fcr Lichtbandsysteme, das eine optimierte Beleuchtungsl\u00f6sung f\u00fcr industrielle Anwendungen bietet.<br>Zuverl\u00e4ssige Beleuchtungssysteme von Recolux tragen zu mehr Sicherheit und Energieeinsparung bei. In diesem Fall verlangt der Kunde eine nahtlose Verbindung.<br>Um unseren Kunden einen besseren Service zu bieten, sind wir bestrebt, unsere Produkte st\u00e4ndig zu verbessern. Diese Leuchte ist innerhalb von 43 Sekunden einfach zu installieren. Dieser Vorteil bringt Komfort f\u00fcr unsere Installateure.<\/figcaption><\/div><\/figure><\/div>\n<\/div>\n\n\n\n<div class=\"wp-block-uagb-tabs-child uagb-tabs__body-container uagb-inner-tab-2\" aria-labelledby=\"uagb-tabs__tab2\">\n<div class=\"wp-block-uagb-image uagb-block-ede20c17 wp-block-uagb-image--layout-overlay wp-block-uagb-image--effect-static wp-block-uagb-image--align-none\"><figure class=\"wp-block-uagb-image__figure\"><img decoding=\"async\" srcset=\"https:\/\/www.recolux-led.com\/wp-content\/uploads\/2025\/11\/Production-Line.webp ,https:\/\/www.recolux-led.com\/wp-content\/uploads\/2025\/11\/Production-Line.webp 780w, https:\/\/www.recolux-led.com\/wp-content\/uploads\/2025\/11\/Production-Line.webp 360w\" sizes=\"auto, (max-width: 480px) 150px\" src=\"https:\/\/www.recolux-led.com\/wp-content\/uploads\/2025\/11\/Production-Line.webp\" alt=\"\" class=\"uag-image-350\" width=\"1800\" height=\"800\" title=\"Produktionslinie\" loading=\"lazy\" role=\"img\"\/><div class=\"wp-block-uagb-image--layout-overlay__color-wrapper\"><\/div><div class=\"wp-block-uagb-image--layout-overlay__inner center-center\"><h2 class=\"uagb-image-heading\">Produktionslinie<\/h2><figcaption class=\"uagb-image-caption\">Das Lichtband-Baukastensystem besteht aus wenigen Grundelementen, die durch ihre Kombinationsm\u00f6glichkeiten eine ma\u00dfgeschneiderte L\u00f6sung f\u00fcr nahezu jede Aufgabe bieten. Die Konfiguration des Beleuchtungssystems ist einfach und an die jeweiligen Projektanforderungen angepasst. Bei der sp\u00e4teren Installation der Leuchten freut sich der Elektriker: Fast alle Teile werden nur geschnappt, gesteckt oder \u00fcber integrierte Verschl\u00fcsse fixiert.<\/figcaption><\/div><\/figure><\/div>\n<\/div>\n\n\n\n<div class=\"wp-block-uagb-tabs-child uagb-tabs__body-container uagb-inner-tab-3\" aria-labelledby=\"uagb-tabs__tab3\">\n<div class=\"wp-block-uagb-image uagb-block-c1abd1a7 wp-block-uagb-image--layout-overlay wp-block-uagb-image--effect-static wp-block-uagb-image--align-none\"><figure class=\"wp-block-uagb-image__figure\"><img decoding=\"async\" srcset=\"https:\/\/www.recolux-led.com\/wp-content\/uploads\/2025\/11\/Car-Repair-Shop-Italy.webp ,https:\/\/www.recolux-led.com\/wp-content\/uploads\/2025\/11\/Car-Repair-Shop-Italy.webp 780w, https:\/\/www.recolux-led.com\/wp-content\/uploads\/2025\/11\/Car-Repair-Shop-Italy.webp 360w\" sizes=\"auto, (max-width: 480px) 150px\" src=\"https:\/\/www.recolux-led.com\/wp-content\/uploads\/2025\/11\/Car-Repair-Shop-Italy.webp\" alt=\"\" class=\"uag-image-349\" width=\"1800\" height=\"800\" title=\"Autowerkstatt - Italien\" loading=\"lazy\" role=\"img\"\/><div class=\"wp-block-uagb-image--layout-overlay__color-wrapper\"><\/div><div class=\"wp-block-uagb-image--layout-overlay__inner center-center\"><h2 class=\"uagb-image-heading\">Autowerkstatt - Italien<\/h2><figcaption class=\"uagb-image-caption\">Das nahtlose Design der Lampen macht das Gesamtbild der Autowerkstatt sch\u00f6n.<\/figcaption><\/div><\/figure><\/div>\n<\/div>\n\n\n\n<div class=\"wp-block-uagb-tabs-child uagb-tabs__body-container uagb-inner-tab-4\" aria-labelledby=\"uagb-tabs__tab4\">\n<div class=\"wp-block-uagb-image uagb-block-599c8dc5 wp-block-uagb-image--layout-overlay wp-block-uagb-image--effect-static wp-block-uagb-image--align-none\"><figure class=\"wp-block-uagb-image__figure\"><img decoding=\"async\" srcset=\"https:\/\/www.recolux-led.com\/wp-content\/uploads\/2025\/11\/Workshop-Germany-1.webp ,https:\/\/www.recolux-led.com\/wp-content\/uploads\/2025\/11\/Workshop-Germany-1.webp 780w, https:\/\/www.recolux-led.com\/wp-content\/uploads\/2025\/11\/Workshop-Germany-1.webp 360w\" sizes=\"auto, (max-width: 480px) 150px\" src=\"https:\/\/www.recolux-led.com\/wp-content\/uploads\/2025\/11\/Workshop-Germany-1.webp\" alt=\"\" class=\"uag-image-354\" width=\"1800\" height=\"800\" title=\"Workshop - Deutschland-1\" loading=\"lazy\" role=\"img\"\/><div class=\"wp-block-uagb-image--layout-overlay__color-wrapper\"><\/div><div class=\"wp-block-uagb-image--layout-overlay__inner center-center\"><h2 class=\"uagb-image-heading\">Workshop - Deutschland<\/h2><figcaption class=\"uagb-image-caption\">Das Projekt wurde zuvor mit Leuchtstoffsystemen installiert. Recolux bietet die Leuchten montiert neue elektrische Durchgangsverdrahtung. Die vorhandenen alten Tragschienen dienten als Tr\u00e4ger f\u00fcr die Lampen. Es ist eine perfekte Nachr\u00fcstl\u00f6sung, um die alten 2 x36w, 1 x58w und 2 x58w T8 R\u00f6hren ohne Reflektoren zu ersetzen.<\/figcaption><\/div><\/figure><\/div>\n<\/div>\n<\/div><\/div>\n<\/div><\/div>\n\n\n\n<div class=\"wp-block-uagb-container uagb-block-fa07dc53 alignfull uagb-is-root-container\"><div class=\"uagb-container-inner-blocks-wrap\">\n<div class=\"wp-block-uagb-advanced-heading uagb-block-f9787686\"><h2 class=\"uagb-heading-text\">Zugeh\u00f6riges Produkt<\/h2><div class=\"uagb-separator\"><\/div><\/div>\n\n\n<\/div><\/div>\n\n\n\n<div class=\"wp-block-uagb-container uagb-block-d4bf4c50 alignfull uagb-is-root-container\"><div class=\"uagb-container-inner-blocks-wrap\">\n<div class=\"wp-block-uagb-advanced-heading uagb-block-000ba8bb\"><h2 class=\"uagb-heading-text\">\u00c4hnliche Artikel<\/h2><\/div>\n\n\n\n\t\t\t<div class=\"wp-block-uagb-post-carousel uagb-post-grid  uagb-post__image-position-top uagb-post__image-enabled uagb-block-b8266a01     uagb-post__arrow-outside uagb-post__items uagb-post__columns-3 is-carousel uagb-post__columns-tablet-2 uagb-post__columns-mobile-1\" data-total=\"5\" style=\"\">\n\n\t\t\t\t\t\t\t\t\t\t\t\t<article class=\"uagb-post__inner-wrap\">\t\t\t\t\t\t\t\t<div class='uagb-post__image'>\n\t\t\t\t\t\t\t\t\t<a href=\"https:\/\/www.recolux-led.com\/de\/industrial-led-color-temperature-3000k-4000k-5000k-2\/\" target=\"_self\" rel=\"bookmark noopener noreferrer\"><img loading=\"lazy\" decoding=\"async\" width=\"1200\" height=\"800\" src=\"https:\/\/www.recolux-led.com\/wp-content\/uploads\/2026\/04\/industrial-led-color-temperature.jpg\" class=\"attachment-large size-large\" alt=\"\" srcset=\"https:\/\/www.recolux-led.com\/wp-content\/uploads\/2026\/04\/industrial-led-color-temperature.jpg 1200w, https:\/\/www.recolux-led.com\/wp-content\/uploads\/2026\/04\/industrial-led-color-temperature-768x512.jpg 768w, https:\/\/www.recolux-led.com\/wp-content\/uploads\/2026\/04\/industrial-led-color-temperature-18x12.jpg 18w, https:\/\/www.recolux-led.com\/wp-content\/uploads\/2026\/04\/industrial-led-color-temperature-600x400.jpg 600w\" sizes=\"auto, (max-width: 1200px) 100vw, 1200px\" \/>\t\t\t\t\t<\/a>\n\t\t\t\t\t\t\t\t\t<\/div>\n\t\t\t\t\t\t<h4 class=\"uagb-post__title uagb-post__text\">\n\t\t\t\t<a href=\"https:\/\/www.recolux-led.com\/de\/industrial-led-color-temperature-3000k-4000k-5000k-2\/\" target=\"_self\" rel=\"bookmark noopener noreferrer\">Industrielle LED-Farbtemperatur: 3000K vs. 4000K vs. 5000K - Was ist das Richtige f\u00fcr Ihre Einrichtung?<\/a>\n\t\t\t<\/h4>\n\t\t\t\t\t\t<div class='uagb-post__text uagb-post-grid-byline'>\n\t\t\t\t\t\t\t\t<time datetime=\"2026-04-29T03:33:22-08:00\" class=\"uagb-post__date\">\n\t\t\t\t<span class=\"dashicons-calendar dashicons\"><\/span>\t\t\t\t\t04\/29\/2026\t\t\t\t<\/time>\n\t\t\t\t\t\t<\/div>\n\t\t\t\t\t\t\t<div class='uagb-post__text uagb-post__excerpt'>\n\t\t\t\t\t<p>Industrielle LED-Beleuchtung mit der richtigen Farbtemperatur verbessert die Sicht im Lager und die Leistung der Mitarbeiter....\t\t\t\t<\/div>\n\t\t\t\t\t\t<div class=\"uagb-post__text uagb-post__cta wp-block-button\">\n\t\t\t\t<a class=\"wp-block-button__link uagb-text-link\" style=\"\" href=\"https:\/\/www.recolux-led.com\/de\/industrial-led-color-temperature-3000k-4000k-5000k-2\/\" target=\"_self\" rel=\"bookmark noopener noreferrer\">Weiterlesen<\/a>\n\t\t\t<\/div>\n\t\t\t\n\t\t\t\t\t\t\t\t\t<\/article>\n\t\t\t\t\t\t\t\t\t\t\t\t\t\t\t\t<article class=\"uagb-post__inner-wrap\">\t\t\t\t\t\t\t\t<div class='uagb-post__image'>\n\t\t\t\t\t\t\t\t\t<a href=\"https:\/\/www.recolux-led.com\/de\/led-dimming-lighting-controls-industrial-facilities-guide\/\" target=\"_self\" rel=\"bookmark noopener noreferrer\"><img loading=\"lazy\" decoding=\"async\" width=\"1200\" height=\"801\" src=\"https:\/\/www.recolux-led.com\/wp-content\/uploads\/2026\/04\/led_dimming_control-1.jpg\" class=\"attachment-large size-large\" alt=\"\" srcset=\"https:\/\/www.recolux-led.com\/wp-content\/uploads\/2026\/04\/led_dimming_control-1.jpg 1200w, https:\/\/www.recolux-led.com\/wp-content\/uploads\/2026\/04\/led_dimming_control-1-768x513.jpg 768w, https:\/\/www.recolux-led.com\/wp-content\/uploads\/2026\/04\/led_dimming_control-1-18x12.jpg 18w, https:\/\/www.recolux-led.com\/wp-content\/uploads\/2026\/04\/led_dimming_control-1-600x401.jpg 600w\" sizes=\"auto, (max-width: 1200px) 100vw, 1200px\" \/>\t\t\t\t\t<\/a>\n\t\t\t\t\t\t\t\t\t<\/div>\n\t\t\t\t\t\t<h4 class=\"uagb-post__title uagb-post__text\">\n\t\t\t\t<a href=\"https:\/\/www.recolux-led.com\/de\/led-dimming-lighting-controls-industrial-facilities-guide\/\" target=\"_self\" rel=\"bookmark noopener noreferrer\">LED-Dimmen und Beleuchtungssteuerungen f\u00fcr Industrieanlagen: Der vollst\u00e4ndige Leitfaden (2026)<\/a>\n\t\t\t<\/h4>\n\t\t\t\t\t\t<div class='uagb-post__text uagb-post-grid-byline'>\n\t\t\t\t\t\t\t\t<time datetime=\"2026-04-29T03:28:12-08:00\" class=\"uagb-post__date\">\n\t\t\t\t<span class=\"dashicons-calendar dashicons\"><\/span>\t\t\t\t\t04\/29\/2026\t\t\t\t<\/time>\n\t\t\t\t\t\t<\/div>\n\t\t\t\t\t\t\t<div class='uagb-post__text uagb-post__excerpt'>\n\t\t\t\t\tUmfassender Leitfaden f\u00fcr LED-Dimm- und Lichtsteuerungssysteme f\u00fcr Industrieanlagen. Erfahren Sie mehr \u00fcber 0-10V,...\t\t\t\t<\/div>\n\t\t\t\t\t\t<div class=\"uagb-post__text uagb-post__cta wp-block-button\">\n\t\t\t\t<a class=\"wp-block-button__link uagb-text-link\" style=\"\" href=\"https:\/\/www.recolux-led.com\/de\/led-dimming-lighting-controls-industrial-facilities-guide\/\" target=\"_self\" rel=\"bookmark noopener noreferrer\">Weiterlesen<\/a>\n\t\t\t<\/div>\n\t\t\t\n\t\t\t\t\t\t\t\t\t<\/article>\n\t\t\t\t\t\t\t\t\t\t\t\t\t\t\t\t<article class=\"uagb-post__inner-wrap\">\t\t\t\t\t\t\t\t<div class='uagb-post__image'>\n\t\t\t\t\t\t\t\t\t<a href=\"https:\/\/www.recolux-led.com\/de\/led-vs-fluorescent-lighting-for-factories-energy-costs-maintenance-and-10-year-tco-compared\/\" target=\"_self\" rel=\"bookmark noopener noreferrer\"><img loading=\"lazy\" decoding=\"async\" width=\"1200\" height=\"800\" src=\"https:\/\/www.recolux-led.com\/wp-content\/uploads\/2026\/04\/led-vs-fluorescent-factory-lighting.jpg\" class=\"attachment-large size-large\" alt=\"\" srcset=\"https:\/\/www.recolux-led.com\/wp-content\/uploads\/2026\/04\/led-vs-fluorescent-factory-lighting.jpg 1200w, https:\/\/www.recolux-led.com\/wp-content\/uploads\/2026\/04\/led-vs-fluorescent-factory-lighting-768x512.jpg 768w, https:\/\/www.recolux-led.com\/wp-content\/uploads\/2026\/04\/led-vs-fluorescent-factory-lighting-18x12.jpg 18w, https:\/\/www.recolux-led.com\/wp-content\/uploads\/2026\/04\/led-vs-fluorescent-factory-lighting-600x400.jpg 600w\" sizes=\"auto, (max-width: 1200px) 100vw, 1200px\" \/>\t\t\t\t\t<\/a>\n\t\t\t\t\t\t\t\t\t<\/div>\n\t\t\t\t\t\t<h4 class=\"uagb-post__title uagb-post__text\">\n\t\t\t\t<a href=\"https:\/\/www.recolux-led.com\/de\/led-vs-fluorescent-lighting-for-factories-energy-costs-maintenance-and-10-year-tco-compared\/\" target=\"_self\" rel=\"bookmark noopener noreferrer\">LED- vs. Leuchtstofflampen-Beleuchtung f\u00fcr Fabriken: Energiekosten, Wartung und 10-Jahres-TCO im Vergleich<\/a>\n\t\t\t<\/h4>\n\t\t\t\t\t\t<div class='uagb-post__text uagb-post-grid-byline'>\n\t\t\t\t\t\t\t\t<time datetime=\"2026-04-26T05:39:24-08:00\" class=\"uagb-post__date\">\n\t\t\t\t<span class=\"dashicons-calendar dashicons\"><\/span>\t\t\t\t\t04\/26\/2026\t\t\t\t<\/time>\n\t\t\t\t\t\t<\/div>\n\t\t\t\t\t\t\t<div class='uagb-post__text uagb-post__excerpt'>\n\t\t\t\t\t<p>Moderne Industrieanlagen entscheiden sich zunehmend f\u00fcr LED anstelle von Leuchtstoffr\u00f6hren, weil sie effizienter, zuverl\u00e4ssiger und langfristig kosteng\u00fcnstiger sind...\t\t\t\t<\/div>\n\t\t\t\t\t\t<div class=\"uagb-post__text uagb-post__cta wp-block-button\">\n\t\t\t\t<a class=\"wp-block-button__link uagb-text-link\" style=\"\" href=\"https:\/\/www.recolux-led.com\/de\/led-vs-fluorescent-lighting-for-factories-energy-costs-maintenance-and-10-year-tco-compared\/\" target=\"_self\" rel=\"bookmark noopener noreferrer\">Weiterlesen<\/a>\n\t\t\t<\/div>\n\t\t\t\n\t\t\t\t\t\t\t\t\t<\/article>\n\t\t\t\t\t\t\t\t\t\t\t<\/div>\n\t\t\t<\/div><\/div>","protected":false},"excerpt":{"rendered":"<p>Industrielle Beleuchtung Experten f\u00fcr industrielle Beleuchtung beleuchten jeden Moment der Produktion. Industrie-Beleuchtung Geh\u00e4use Verwandte Produkte Verwandte Artikel<\/p>","protected":false},"author":1,"featured_media":0,"parent":45,"menu_order":0,"comment_status":"closed","ping_status":"closed","template":"","meta":{"_acf_changed":false,"_uag_custom_page_level_css":"","site-sidebar-layout":"default","site-content-layout":"","ast-site-content-layout":"default","site-content-style":"default","site-sidebar-style":"default","ast-global-header-display":"","ast-banner-title-visibility":"","ast-main-header-display":"","ast-hfb-above-header-display":"","ast-hfb-below-header-display":"","ast-hfb-mobile-header-display":"","site-post-title":"","ast-breadcrumbs-content":"","ast-featured-img":"","footer-sml-layout":"","ast-disable-related-posts":"","theme-transparent-header-meta":"","adv-header-id-meta":"","stick-header-meta":"","header-above-stick-meta":"","header-main-stick-meta":"","header-below-stick-meta":"","astra-migrate-meta-layouts":"default","ast-page-background-enabled":"default","ast-page-background-meta":{"desktop":{"background-color":"var(--ast-global-color-5)","background-image":"","background-repeat":"repeat","background-position":"center center","background-size":"auto","background-attachment":"scroll","background-type":"","background-media":"","overlay-type":"","overlay-color":"","overlay-opacity":"","overlay-gradient":""},"tablet":{"background-color":"","background-image":"","background-repeat":"repeat","background-position":"center center","background-size":"auto","background-attachment":"scroll","background-type":"","background-media":"","overlay-type":"","overlay-color":"","overlay-opacity":"","overlay-gradient":""},"mobile":{"background-color":"","background-image":"","background-repeat":"repeat","background-position":"center center","background-size":"auto","background-attachment":"scroll","background-type":"","background-media":"","overlay-type":"","overlay-color":"","overlay-opacity":"","overlay-gradient":""}},"ast-content-background-meta":{"desktop":{"background-color":"var(--ast-global-color-4)","background-image":"","background-repeat":"repeat","background-position":"center center","background-size":"auto","background-attachment":"scroll","background-type":"","background-media":"","overlay-type":"","overlay-color":"","overlay-opacity":"","overlay-gradient":""},"tablet":{"background-color":"var(--ast-global-color-4)","background-image":"","background-repeat":"repeat","background-position":"center center","background-size":"auto","background-attachment":"scroll","background-type":"","background-media":"","overlay-type":"","overlay-color":"","overlay-opacity":"","overlay-gradient":""},"mobile":{"background-color":"var(--ast-global-color-4)","background-image":"","background-repeat":"repeat","background-position":"center center","background-size":"auto","background-attachment":"scroll","background-type":"","background-media":"","overlay-type":"","overlay-color":"","overlay-opacity":"","overlay-gradient":""}},"footnotes":""},"class_list":["post-343","page","type-page","status-publish","hentry"],"acf":[],"spectra_custom_meta":{"_edit_lock":["1763908037:1"],"_edit_last":["1"],"_yoast_indexnow_last_ping":["1763908037"],"_yoast_wpseo_content_score":["60"],"_yoast_wpseo_focuskeywords":[""],"_yoast_wpseo_keywordsynonyms":[""],"_yoast_wpseo_estimated-reading-time-minutes":["3"],"_yoast_post_redirect_info":["a:4:{s:6:\"origin\";s:32:\"applications\/industrial-lighting\";s:6:\"target\";s:45:\"applications\/industrial-lighting-applications\";s:4:\"type\";i:301;s:6:\"format\";s:5:\"plain\";}"],"rank_math_news_sitemap_robots":["index"],"rank_math_robots":["a:1:{i:0;s:5:\"index\";}"],"rank_math_og_content_image":["a:2:{s:5:\"check\";s:32:\"c124fb8759c2b959be8364c196a06cd2\";s:6:\"images\";a:1:{i:0;i:352;}}"],"_uag_css_file_name":["uag-css-343.css"],"_uag_js_file_name":["uag-js-343.js"],"rank_math_internal_links_processed":["1"],"_uagb_previous_block_counts":["a:90:{s:21:\"uagb\/advanced-heading\";i:4;s:15:\"uagb\/blockquote\";i:0;s:12:\"uagb\/buttons\";i:0;s:18:\"uagb\/buttons-child\";i:0;s:19:\"uagb\/call-to-action\";i:0;s:15:\"uagb\/cf7-styler\";i:0;s:11:\"uagb\/column\";i:0;s:12:\"uagb\/columns\";i:0;s:14:\"uagb\/container\";i:4;s:21:\"uagb\/content-timeline\";i:0;s:27:\"uagb\/content-timeline-child\";i:0;s:14:\"uagb\/countdown\";i:0;s:12:\"uagb\/counter\";i:0;s:8:\"uagb\/faq\";i:0;s:14:\"uagb\/faq-child\";i:0;s:10:\"uagb\/forms\";i:0;s:17:\"uagb\/forms-accept\";i:0;s:19:\"uagb\/forms-checkbox\";i:0;s:15:\"uagb\/forms-date\";i:0;s:16:\"uagb\/forms-email\";i:0;s:17:\"uagb\/forms-hidden\";i:0;s:15:\"uagb\/forms-name\";i:0;s:16:\"uagb\/forms-phone\";i:0;s:16:\"uagb\/forms-radio\";i:0;s:17:\"uagb\/forms-select\";i:0;s:19:\"uagb\/forms-textarea\";i:0;s:17:\"uagb\/forms-toggle\";i:0;s:14:\"uagb\/forms-url\";i:0;s:14:\"uagb\/gf-styler\";i:0;s:15:\"uagb\/google-map\";i:0;s:11:\"uagb\/how-to\";i:0;s:16:\"uagb\/how-to-step\";i:0;s:9:\"uagb\/icon\";i:0;s:14:\"uagb\/icon-list\";i:0;s:20:\"uagb\/icon-list-child\";i:0;s:10:\"uagb\/image\";i:5;s:18:\"uagb\/image-gallery\";i:0;s:13:\"uagb\/info-box\";i:0;s:18:\"uagb\/inline-notice\";i:0;s:11:\"uagb\/lottie\";i:0;s:21:\"uagb\/marketing-button\";i:0;s:10:\"uagb\/modal\";i:0;s:18:\"uagb\/popup-builder\";i:0;s:16:\"uagb\/post-button\";i:0;s:18:\"uagb\/post-carousel\";i:1;s:17:\"uagb\/post-excerpt\";i:0;s:14:\"uagb\/post-grid\";i:0;s:15:\"uagb\/post-image\";i:0;s:17:\"uagb\/post-masonry\";i:0;s:14:\"uagb\/post-meta\";i:0;s:18:\"uagb\/post-taxonomy\";i:0;s:18:\"uagb\/post-timeline\";i:0;s:15:\"uagb\/post-title\";i:0;s:20:\"uagb\/restaurant-menu\";i:0;s:26:\"uagb\/restaurant-menu-child\";i:0;s:11:\"uagb\/review\";i:0;s:12:\"uagb\/section\";i:0;s:14:\"uagb\/separator\";i:0;s:11:\"uagb\/slider\";i:0;s:17:\"uagb\/slider-child\";i:0;s:17:\"uagb\/social-share\";i:0;s:23:\"uagb\/social-share-child\";i:0;s:16:\"uagb\/star-rating\";i:0;s:23:\"uagb\/sure-cart-checkout\";i:0;s:22:\"uagb\/sure-cart-product\";i:0;s:15:\"uagb\/sure-forms\";i:0;s:22:\"uagb\/table-of-contents\";i:0;s:9:\"uagb\/tabs\";i:1;s:15:\"uagb\/tabs-child\";i:5;s:18:\"uagb\/taxonomy-list\";i:0;s:9:\"uagb\/team\";i:0;s:16:\"uagb\/testimonial\";i:0;s:14:\"uagb\/wp-search\";i:0;s:19:\"uagb\/instagram-feed\";i:0;s:10:\"uagb\/login\";i:0;s:17:\"uagb\/loop-builder\";i:0;s:18:\"uagb\/loop-category\";i:0;s:20:\"uagb\/loop-pagination\";i:0;s:15:\"uagb\/loop-reset\";i:0;s:16:\"uagb\/loop-search\";i:0;s:14:\"uagb\/loop-sort\";i:0;s:17:\"uagb\/loop-wrapper\";i:0;s:13:\"uagb\/register\";i:0;s:19:\"uagb\/register-email\";i:0;s:24:\"uagb\/register-first-name\";i:0;s:23:\"uagb\/register-last-name\";i:0;s:22:\"uagb\/register-password\";i:0;s:30:\"uagb\/register-reenter-password\";i:0;s:19:\"uagb\/register-terms\";i:0;s:22:\"uagb\/register-username\";i:0;}"],"_uagb_last_spectra_edit":["1776962089"]},"uagb_featured_image_src":{"full":false,"thumbnail":false,"medium":false,"medium_large":false,"large":false,"1536x1536":false,"2048x2048":false,"trp-custom-language-flag":false,"woocommerce_thumbnail":false,"woocommerce_single":false,"woocommerce_gallery_thumbnail":false},"uagb_author_info":{"display_name":"r1e4c5olux","author_link":"https:\/\/www.recolux-led.com\/de\/author\/r1e4c5olux\/"},"uagb_comment_info":0,"uagb_excerpt":"Industrial Lighting Industrial lighting experts illuminate every moment of production. Industrial Lighting Case Related Product Related articles","_links":{"self":[{"href":"https:\/\/www.recolux-led.com\/de\/wp-json\/wp\/v2\/pages\/343","targetHints":{"allow":["GET"]}}],"collection":[{"href":"https:\/\/www.recolux-led.com\/de\/wp-json\/wp\/v2\/pages"}],"about":[{"href":"https:\/\/www.recolux-led.com\/de\/wp-json\/wp\/v2\/types\/page"}],"author":[{"embeddable":true,"href":"https:\/\/www.recolux-led.com\/de\/wp-json\/wp\/v2\/users\/1"}],"replies":[{"embeddable":true,"href":"https:\/\/www.recolux-led.com\/de\/wp-json\/wp\/v2\/comments?post=343"}],"version-history":[{"count":20,"href":"https:\/\/www.recolux-led.com\/de\/wp-json\/wp\/v2\/pages\/343\/revisions"}],"predecessor-version":[{"id":597,"href":"https:\/\/www.recolux-led.com\/de\/wp-json\/wp\/v2\/pages\/343\/revisions\/597"}],"up":[{"embeddable":true,"href":"https:\/\/www.recolux-led.com\/de\/wp-json\/wp\/v2\/pages\/45"}],"wp:attachment":[{"href":"https:\/\/www.recolux-led.com\/de\/wp-json\/wp\/v2\/media?parent=343"}],"curies":[{"name":"wp","href":"https:\/\/api.w.org\/{rel}","templated":true}]}}